{"id":264,"date":"2024-07-22T12:43:56","date_gmt":"2024-07-22T10:43:56","guid":{"rendered":"https:\/\/evja.pl\/?page_id=264"},"modified":"2024-10-05T12:29:41","modified_gmt":"2024-10-05T10:29:41","slug":"listowanie","status":"publish","type":"page","link":"https:\/\/evja.pl\/index.php\/listowanie\/","title":{"rendered":"Listowanie"},"content":{"rendered":"\t\t<div data-elementor-type=\"wp-page\" data-elementor-id=\"264\" class=\"elementor elementor-264\">\n\t\t\t\t\t\t<section class=\"elementor-section elementor-top-section elementor-element elementor-element-af0f528 elementor-section-boxed elementor-section-height-default elementor-section-height-default\" data-id=\"af0f528\" data-element_type=\"section\">\n\t\t\t\t\t\t<div class=\"elementor-container elementor-column-gap-default\">\n\t\t\t\t\t<div class=\"elementor-column elementor-col-100 elementor-top-column elementor-element elementor-element-b44fbb3\" data-id=\"b44fbb3\" data-element_type=\"column\">\n\t\t\t<div class=\"elementor-widget-wrap elementor-element-populated\">\n\t\t\t\t\t\t<div class=\"elementor-element elementor-element-171357d elementor-widget elementor-widget-text-editor\" data-id=\"171357d\" data-element_type=\"widget\" data-widget_type=\"text-editor.default\">\n\t\t\t\t<div class=\"elementor-widget-container\">\n\t\t\t<style>\/*! elementor - v3.23.0 - 05-08-2024 *\/\n.elementor-widget-text-editor.elementor-drop-cap-view-stacked .elementor-drop-cap{background-color:#69727d;color:#fff}.elementor-widget-text-editor.elementor-drop-cap-view-framed .elementor-drop-cap{color:#69727d;border:3px solid;background-color:transparent}.elementor-widget-text-editor:not(.elementor-drop-cap-view-default) .elementor-drop-cap{margin-top:8px}.elementor-widget-text-editor:not(.elementor-drop-cap-view-default) .elementor-drop-cap-letter{width:1em;height:1em}.elementor-widget-text-editor .elementor-drop-cap{float:left;text-align:center;line-height:1;font-size:50px}.elementor-widget-text-editor .elementor-drop-cap-letter{display:inline-block}<\/style>\t\t\t\t<h1>Listwy kalendarzowe<\/h1><p>Jednym z obszar\u00f3w dzia\u0142alno\u015bci naszej firmy jest listwowanie kalendarzy i plakat\u00f3w. To \u015bwietny spos\u00f3b na zwi\u0119kszenie estetyki tych produkt\u00f3w. Dzi\u0119ki listwom do kalendarzy i plakat\u00f3w zostaje wyd\u0142u\u017cona ich \u017cywotno\u015b\u0107, mo\u017cna je zawiesi\u0107, a do tego lepiej si\u0119 prezentuj\u0105 wizualnie. Poza tym listwy nie dopuszczaj\u0105 do zwijania si\u0119 papieru i poprawiaj\u0105 wygod\u0119 u\u017cytkowania wspomnianych wyrob\u00f3w. Us\u0142ugi listwowania plakat\u00f3w i kalendarzy kierujemy w szczeg\u00f3lno\u015bci do agencji reklamowych, drukarni, zak\u0142ad\u00f3w poligraficznych, wydawnictw i innych przedsi\u0119biorstw o podobnych profilach dzia\u0142alno\u015bci.<\/p>\t\t\t\t\t\t<\/div>\n\t\t\t\t<\/div>\n\t\t\t\t\t<\/div>\n\t\t<\/div>\n\t\t\t\t\t<\/div>\n\t\t<\/section>\n\t\t\t\t<section class=\"elementor-section elementor-top-section elementor-element elementor-element-1c3b293 elementor-section-content-middle elementor-section-boxed elementor-section-height-default elementor-section-height-default\" data-id=\"1c3b293\" data-element_type=\"section\">\n\t\t\t\t\t\t<div class=\"elementor-container elementor-column-gap-default\">\n\t\t\t\t\t<div class=\"elementor-column elementor-col-50 elementor-top-column elementor-element elementor-element-4610612\" data-id=\"4610612\" data-element_type=\"column\">\n\t\t\t<div class=\"elementor-widget-wrap elementor-element-populated\">\n\t\t\t\t\t\t<div class=\"elementor-element elementor-element-0f825f9 elementor-widget elementor-widget-image\" data-id=\"0f825f9\" data-element_type=\"widget\" data-widget_type=\"image.default\">\n\t\t\t\t<div class=\"elementor-widget-container\">\n\t\t\t<style>\/*! elementor - v3.23.0 - 05-08-2024 *\/\n.elementor-widget-image{text-align:center}.elementor-widget-image a{display:inline-block}.elementor-widget-image a img[src$=\".svg\"]{width:48px}.elementor-widget-image img{vertical-align:middle;display:inline-block}<\/style>\t\t\t\t\t\t\t\t\t\t<img fetchpriority=\"high\" decoding=\"async\" width=\"768\" height=\"768\" src=\"https:\/\/evja.pl\/wp-content\/uploads\/2024\/02\/4dc00bcf-0646-4133-88c9-a1a22aaa6bec-768x768.jpg\" class=\"attachment-medium_large size-medium_large wp-image-193\" alt=\"kalendarze firmowe drukarnia\" srcset=\"https:\/\/evja.pl\/wp-content\/uploads\/2024\/02\/4dc00bcf-0646-4133-88c9-a1a22aaa6bec-768x768.jpg 768w, https:\/\/evja.pl\/wp-content\/uploads\/2024\/02\/4dc00bcf-0646-4133-88c9-a1a22aaa6bec-300x300.jpg 300w, https:\/\/evja.pl\/wp-content\/uploads\/2024\/02\/4dc00bcf-0646-4133-88c9-a1a22aaa6bec-150x150.jpg 150w, https:\/\/evja.pl\/wp-content\/uploads\/2024\/02\/4dc00bcf-0646-4133-88c9-a1a22aaa6bec.jpg 1024w\" sizes=\"(max-width: 768px) 100vw, 768px\" \/>\t\t\t\t\t\t\t\t\t\t\t\t\t<\/div>\n\t\t\t\t<\/div>\n\t\t\t\t\t<\/div>\n\t\t<\/div>\n\t\t\t\t<div class=\"elementor-column elementor-col-50 elementor-top-column elementor-element elementor-element-74efd43\" data-id=\"74efd43\" data-element_type=\"column\">\n\t\t\t<div class=\"elementor-widget-wrap elementor-element-populated\">\n\t\t\t\t\t\t<div class=\"elementor-element elementor-element-c8e8b0e elementor-widget elementor-widget-text-editor\" data-id=\"c8e8b0e\" data-element_type=\"widget\" data-widget_type=\"text-editor.default\">\n\t\t\t\t<div class=\"elementor-widget-container\">\n\t\t\t\t\t\t\t<h2>Listwa do kalendarza ze stali ocynowanej\u200b<\/h2><p>W naszej ofercie dost\u0119pne s\u0105 listwy kalendarzowe wykonane z ocynowanej stali. Ich d\u0142ugo\u015b\u0107 wynosi od 30 cm do 100 cm. Na \u017cyczenie Klienta mo\u017cemy zrobi\u0107 w nich otwory i zawieszki w dowolnych kolorach z palety ORACAL. Ponadto podejmujemy si\u0119 laminowania listew do kalendarzy i plakat\u00f3w za pomoc\u0105 folii PVC w kilkudziesi\u0119ciu barwach. Dodatkowo mog\u0105 Pa\u0144stwo zdecydowa\u0107 si\u0119 na wersj\u0119 matow\u0105.<br \/>Zapewniamy konkurencyjne ceny za listwy oraz us\u0142ugi listwowania kalendarzy i plakat\u00f3w. W przypadku du\u017cych zam\u00f3wie\u0144 dajemy mo\u017cliwo\u015b\u0107 negocjacji cen, a do tego gwarantujemy darmowy transport gotowych produkt\u00f3w pod wskazany adres. Wsp\u00f3\u0142pracuj\u0105c z nami, mog\u0105 liczy\u0107 Pa\u0144stwo r\u00f3wnie\u017c na szybk\u0105 realizacj\u0119 zlece\u0144.<\/p>\t\t\t\t\t\t<\/div>\n\t\t\t\t<\/div>\n\t\t\t\t\t<\/div>\n\t\t<\/div>\n\t\t\t\t\t<\/div>\n\t\t<\/section>\n\t\t\t\t<section class=\"elementor-section elementor-top-section elementor-element elementor-element-048250b elementor-section-boxed elementor-section-height-default elementor-section-height-default\" data-id=\"048250b\" data-element_type=\"section\">\n\t\t\t\t\t\t<div class=\"elementor-container elementor-column-gap-default\">\n\t\t\t\t\t<div class=\"elementor-column elementor-col-100 elementor-top-column elementor-element elementor-element-dc0ab32\" data-id=\"dc0ab32\" data-element_type=\"column\">\n\t\t\t<div class=\"elementor-widget-wrap elementor-element-populated\">\n\t\t\t\t\t\t<div class=\"elementor-element elementor-element-8f7576c elementor-widget elementor-widget-heading\" data-id=\"8f7576c\" data-element_type=\"widget\" data-widget_type=\"heading.default\">\n\t\t\t\t<div class=\"elementor-widget-container\">\n\t\t\t<style>\/*! elementor - v3.23.0 - 05-08-2024 *\/\n.elementor-heading-title{padding:0;margin:0;line-height:1}.elementor-widget-heading .elementor-heading-title[class*=elementor-size-]>a{color:inherit;font-size:inherit;line-height:inherit}.elementor-widget-heading .elementor-heading-title.elementor-size-small{font-size:15px}.elementor-widget-heading .elementor-heading-title.elementor-size-medium{font-size:19px}.elementor-widget-heading .elementor-heading-title.elementor-size-large{font-size:29px}.elementor-widget-heading .elementor-heading-title.elementor-size-xl{font-size:39px}.elementor-widget-heading .elementor-heading-title.elementor-size-xxl{font-size:59px}<\/style><h2 class=\"elementor-heading-title elementor-size-default\">Cennik listwowania<\/h2>\t\t<\/div>\n\t\t\t\t<\/div>\n\t\t\t\t<div class=\"elementor-element elementor-element-51d101a elementor-widget elementor-widget-eael-advanced-data-table\" data-id=\"51d101a\" data-element_type=\"widget\" data-widget_type=\"eael-advanced-data-table.default\">\n\t\t\t\t<div class=\"elementor-widget-container\">\n\t\t\t<div class=\"ea-advanced-data-table-wrap\" data-id=\"51d101a\"><div class=\"ea-advanced-data-table-wrap-inner\">\n                <table class=\"ea-advanced-data-table ea-advanced-data-table-static ea-advanced-data-table-51d101a\" data-id=\"51d101a\"><thead><\/thead><tbody><tr><td><p>D\u0142ugo\u015b\u0107 listwe w cm<\/p><\/td><td><p>Listwa srebrna z otowerem<\/p><\/td><td><p>Listwa kolorowa z otworem<\/p><\/td><td><p>Listwowanie z zawieszk\u0105\/2 zawieszkami<\/p><\/td><\/tr><tr><td><p>30-40cm<\/p><\/td><td><p>0,95z\u0142<\/p><\/td><td><p>1,40z\u0142<\/p><\/td><td><p>+0,13z\u0142<\/p><\/td><\/tr><tr><td><p>41-50cm<\/p><\/td><td><p>1,02z\u0142<\/p><\/td><td><p>1.50z\u0142<\/p><\/td><td><p>+0,13z\u0142 <\/p><\/td><\/tr><tr><td><p>51-60cm<\/p><\/td><td><p>1,30z\u0142<\/p><\/td><td><p>1,80z\u0142<\/p><\/td><td><p>+0,13z\u0142\/0.26z\u0142<\/p><\/td><\/tr><tr><td><p>61-70cm<\/p><\/td><td><p>1,40z\u0142<\/p><\/td><td><p>1,90z\u0142<\/p><\/td><td><p>+0,13z\u0142\/0.26z\u0142<\/p><\/td><\/tr><tr><td><p>71-80cm<\/p><\/td><td><p>1,60z\u0142<\/p><\/td><td><p>2,20z\u0142<\/p><\/td><td><p>+0,13z\u0142\/0.26z\u0142<\/p><\/td><\/tr><tr><td><p>81-90cm<\/p><\/td><td><p>1,90z\u0142<\/p><\/td><td><p>2,50z\u0142<\/p><\/td><td><p>+0,13z\u0142\/0.26z\u0142<\/p><\/td><\/tr><tr><td><p>91-100cm<\/p><\/td><td><p>2,00z\u0142<\/p><\/td><td><p>2,80z\u0142<\/p><\/td><td><p>+0,13z\u0142\/0.26z\u0142<\/p><\/td><\/tr><\/tbody><\/table>\n            <\/div><\/div>\t\t<\/div>\n\t\t\t\t<\/div>\n\t\t\t\t<div class=\"elementor-element elementor-element-16f7ce0 elementor-widget elementor-widget-eael-advanced-data-table\" data-id=\"16f7ce0\" data-element_type=\"widget\" data-widget_type=\"eael-advanced-data-table.default\">\n\t\t\t\t<div class=\"elementor-widget-container\">\n\t\t\t<div class=\"ea-advanced-data-table-wrap\" data-id=\"16f7ce0\"><div class=\"ea-advanced-data-table-wrap-inner\">\n                <table class=\"ea-advanced-data-table ea-advanced-data-table-static ea-advanced-data-table-16f7ce0\" data-id=\"16f7ce0\"><thead><\/thead><tbody><tr><td><p>Zam\u00f3wienie mniejsze ni\u017c 500szt.<\/p><\/td><td><p>+30% do ceny<\/p><\/td><\/tr><tr><td><p>Zam\u00f3wienie mniejsze ni\u017c 1000szt,<\/p><\/td><td><p>+20% do ceny<\/p><\/td><\/tr><tr><td><p>Podw\u00f3jny otw\u00f3r (rozstaw 50cm)<\/p><\/td><td><p>+0.10z\u0142<\/p><\/td><\/tr><tr><td><p>1 zawieszka PCV<\/p><\/td><td><p>+0,03z\u0142<\/p><\/td><\/tr><tr><td><p>2 zawieszki PCV w tym podw\u00f3jny rowerk (rozstaw 50cm)<\/p><\/td><td><p>+0.06z\u0142<\/p><\/td><\/tr><tr><td><p>Listwy w kolorach 092 copper, 091 gold, 090 silver<\/p><\/td><td><p>+10% do ceny<\/p><\/td><\/tr><tr><td><p>Paczka do 30kg<\/p><\/td><td><p>20z\u0142<\/p><\/td><\/tr><tr><td><p>Paczka do 30kg (pobranie)<\/p><\/td><td><p>25z\u0142<\/p><\/td><\/tr><\/tbody><\/table>\n            <\/div><\/div>\t\t<\/div>\n\t\t\t\t<\/div>\n\t\t\t\t<div class=\"elementor-element elementor-element-2db1c8c elementor-widget elementor-widget-heading\" data-id=\"2db1c8c\" data-element_type=\"widget\" data-widget_type=\"heading.default\">\n\t\t\t\t<div class=\"elementor-widget-container\">\n\t\t\t<h2 class=\"elementor-heading-title elementor-size-default\">Uwaga!!!<\/h2>\t\t<\/div>\n\t\t\t\t<\/div>\n\t\t\t\t<div class=\"elementor-element elementor-element-4b2a4ff elementor-widget elementor-widget-text-editor\" data-id=\"4b2a4ff\" data-element_type=\"widget\" data-widget_type=\"text-editor.default\">\n\t\t\t\t<div class=\"elementor-widget-container\">\n\t\t\t\t\t\t\t<p>Podane ceny s\u0105 cenami netto.<\/p>\t\t\t\t\t\t<\/div>\n\t\t\t\t<\/div>\n\t\t\t\t\t<\/div>\n\t\t<\/div>\n\t\t\t\t\t<\/div>\n\t\t<\/section>\n\t\t\t\t<\/div>\n\t\t","protected":false},"excerpt":{"rendered":"<p>Listwy kalendarzowe Jednym z obszar\u00f3w dzia\u0142alno\u015bci naszej firmy jest listwowanie kalendarzy i plakat\u00f3w. To \u015bwietny spos\u00f3b na zwi\u0119kszenie estetyki tych [&hellip;]<\/p>\n","protected":false},"author":4,"featured_media":0,"parent":0,"menu_order":0,"comment_status":"closed","ping_status":"closed","template":"elementor_header_footer","meta":{"site-sidebar-layout":"no-sidebar","site-content-layout":"","ast-site-content-layout":"full-width-container","site-content-style":"default","site-sidebar-style":"default","ast-global-header-display":"","ast-banner-title-visibility":"","ast-main-header-display":"","ast-hfb-above-header-display":"","ast-hfb-below-header-display":"","ast-hfb-mobile-header-display":"","site-post-title":"disabled","ast-breadcrumbs-content":"","ast-featured-img":"disabled","footer-sml-layout":"","theme-transparent-header-meta":"","adv-header-id-meta":"","stick-header-meta":"","header-above-stick-meta":"","header-main-stick-meta":"","header-below-stick-meta":"","astra-migrate-meta-layouts":"default","ast-page-background-enabled":"default","ast-page-background-meta":{"desktop":{"background-color":"var(--ast-global-color-4)","background-image":"","background-repeat":"repeat","background-position":"center center","background-size":"auto","background-attachment":"scroll","background-type":"","background-media":"","overlay-type":"","overlay-color":"","overlay-opacity":"","overlay-gradient":""},"tablet":{"background-color":"","background-image":"","background-repeat":"repeat","background-position":"center center","background-size":"auto","background-attachment":"scroll","background-type":"","background-media":"","overlay-type":"","overlay-color":"","overlay-opacity":"","overlay-gradient":""},"mobile":{"background-color":"","background-image":"","background-repeat":"repeat","background-position":"center center","background-size":"auto","background-attachment":"scroll","background-type":"","background-media":"","overlay-type":"","overlay-color":"","overlay-opacity":"","overlay-gradient":""}},"ast-content-background-meta":{"desktop":{"background-color":"var(--ast-global-color-5)","background-image":"","background-repeat":"repeat","background-position":"center center","background-size":"auto","background-attachment":"scroll","background-type":"","background-media":"","overlay-type":"","overlay-color":"","overlay-opacity":"","overlay-gradient":""},"tablet":{"background-color":"var(--ast-global-color-5)","background-image":"","background-repeat":"repeat","background-position":"center center","background-size":"auto","background-attachment":"scroll","background-type":"","background-media":"","overlay-type":"","overlay-color":"","overlay-opacity":"","overlay-gradient":""},"mobile":{"background-color":"var(--ast-global-color-5)","background-image":"","background-repeat":"repeat","background-position":"center center","background-size":"auto","background-attachment":"scroll","background-type":"","background-media":"","overlay-type":"","overlay-color":"","overlay-opacity":"","overlay-gradient":""}},"footnotes":""},"class_list":["post-264","page","type-page","status-publish","hentry"],"yoast_head":"<!-- This site is optimized with the Yoast SEO plugin v23.2 - https:\/\/yoast.com\/wordpress\/plugins\/seo\/ -->\n<title>Listowanie - EVJA<\/title>\n<meta name=\"robots\" content=\"index, follow, max-snippet:-1, max-image-preview:large, max-video-preview:-1\" \/>\n<link rel=\"canonical\" href=\"https:\/\/evja.pl\/index.php\/listowanie\/\" \/>\n<meta property=\"og:locale\" content=\"pl_PL\" \/>\n<meta property=\"og:type\" content=\"article\" \/>\n<meta property=\"og:title\" content=\"Listowanie - EVJA\" \/>\n<meta property=\"og:description\" content=\"Listwy kalendarzowe Jednym z obszar\u00f3w dzia\u0142alno\u015bci naszej firmy jest listwowanie kalendarzy i plakat\u00f3w. To \u015bwietny spos\u00f3b na zwi\u0119kszenie estetyki tych [&hellip;]\" \/>\n<meta property=\"og:url\" content=\"https:\/\/evja.pl\/index.php\/listowanie\/\" \/>\n<meta property=\"og:site_name\" content=\"EVJA\" \/>\n<meta property=\"article:modified_time\" content=\"2024-10-05T10:29:41+00:00\" \/>\n<meta property=\"og:image\" content=\"https:\/\/evja.pl\/wp-content\/uploads\/2024\/02\/4dc00bcf-0646-4133-88c9-a1a22aaa6bec-768x768.jpg\" \/>\n<meta name=\"twitter:card\" content=\"summary_large_image\" \/>\n<meta name=\"twitter:label1\" content=\"Szacowany czas czytania\" \/>\n\t<meta name=\"twitter:data1\" content=\"2 minuty\" \/>\n<script type=\"application\/ld+json\" class=\"yoast-schema-graph\">{\"@context\":\"https:\/\/schema.org\",\"@graph\":[{\"@type\":\"WebPage\",\"@id\":\"https:\/\/evja.pl\/index.php\/listowanie\/\",\"url\":\"https:\/\/evja.pl\/index.php\/listowanie\/\",\"name\":\"Listowanie - EVJA\",\"isPartOf\":{\"@id\":\"https:\/\/evja.pl\/#website\"},\"primaryImageOfPage\":{\"@id\":\"https:\/\/evja.pl\/index.php\/listowanie\/#primaryimage\"},\"image\":{\"@id\":\"https:\/\/evja.pl\/index.php\/listowanie\/#primaryimage\"},\"thumbnailUrl\":\"https:\/\/evja.pl\/wp-content\/uploads\/2024\/02\/4dc00bcf-0646-4133-88c9-a1a22aaa6bec-768x768.jpg\",\"datePublished\":\"2024-07-22T10:43:56+00:00\",\"dateModified\":\"2024-10-05T10:29:41+00:00\",\"breadcrumb\":{\"@id\":\"https:\/\/evja.pl\/index.php\/listowanie\/#breadcrumb\"},\"inLanguage\":\"pl-PL\",\"potentialAction\":[{\"@type\":\"ReadAction\",\"target\":[\"https:\/\/evja.pl\/index.php\/listowanie\/\"]}]},{\"@type\":\"ImageObject\",\"inLanguage\":\"pl-PL\",\"@id\":\"https:\/\/evja.pl\/index.php\/listowanie\/#primaryimage\",\"url\":\"https:\/\/evja.pl\/wp-content\/uploads\/2024\/02\/4dc00bcf-0646-4133-88c9-a1a22aaa6bec.jpg\",\"contentUrl\":\"https:\/\/evja.pl\/wp-content\/uploads\/2024\/02\/4dc00bcf-0646-4133-88c9-a1a22aaa6bec.jpg\",\"width\":1024,\"height\":1024,\"caption\":\"kalendarze firmowe drukarnia\"},{\"@type\":\"BreadcrumbList\",\"@id\":\"https:\/\/evja.pl\/index.php\/listowanie\/#breadcrumb\",\"itemListElement\":[{\"@type\":\"ListItem\",\"position\":1,\"name\":\"Strona g\u0142\u00f3wna\",\"item\":\"https:\/\/evja.pl\/\"},{\"@type\":\"ListItem\",\"position\":2,\"name\":\"Listowanie\"}]},{\"@type\":\"WebSite\",\"@id\":\"https:\/\/evja.pl\/#website\",\"url\":\"https:\/\/evja.pl\/\",\"name\":\"EVJA\",\"description\":\"\",\"publisher\":{\"@id\":\"https:\/\/evja.pl\/#organization\"},\"potentialAction\":[{\"@type\":\"SearchAction\",\"target\":{\"@type\":\"EntryPoint\",\"urlTemplate\":\"https:\/\/evja.pl\/?s={search_term_string}\"},\"query-input\":\"required name=search_term_string\"}],\"inLanguage\":\"pl-PL\"},{\"@type\":\"Organization\",\"@id\":\"https:\/\/evja.pl\/#organization\",\"name\":\"EVJA\",\"url\":\"https:\/\/evja.pl\/\",\"logo\":{\"@type\":\"ImageObject\",\"inLanguage\":\"pl-PL\",\"@id\":\"https:\/\/evja.pl\/#\/schema\/logo\/image\/\",\"url\":\"https:\/\/evja.pl\/wp-content\/uploads\/2022\/02\/cropped-cropped-evjalogomail-1.png\",\"contentUrl\":\"https:\/\/evja.pl\/wp-content\/uploads\/2022\/02\/cropped-cropped-evjalogomail-1.png\",\"width\":81,\"height\":85,\"caption\":\"EVJA\"},\"image\":{\"@id\":\"https:\/\/evja.pl\/#\/schema\/logo\/image\/\"}}]}<\/script>\n<!-- \/ Yoast SEO plugin. -->","yoast_head_json":{"title":"Listowanie - EVJA","robots":{"index":"index","follow":"follow","max-snippet":"max-snippet:-1","max-image-preview":"max-image-preview:large","max-video-preview":"max-video-preview:-1"},"canonical":"https:\/\/evja.pl\/index.php\/listowanie\/","og_locale":"pl_PL","og_type":"article","og_title":"Listowanie - EVJA","og_description":"Listwy kalendarzowe Jednym z obszar\u00f3w dzia\u0142alno\u015bci naszej firmy jest listwowanie kalendarzy i plakat\u00f3w. To \u015bwietny spos\u00f3b na zwi\u0119kszenie estetyki tych [&hellip;]","og_url":"https:\/\/evja.pl\/index.php\/listowanie\/","og_site_name":"EVJA","article_modified_time":"2024-10-05T10:29:41+00:00","og_image":[{"url":"https:\/\/evja.pl\/wp-content\/uploads\/2024\/02\/4dc00bcf-0646-4133-88c9-a1a22aaa6bec-768x768.jpg"}],"twitter_card":"summary_large_image","twitter_misc":{"Szacowany czas czytania":"2 minuty"},"schema":{"@context":"https:\/\/schema.org","@graph":[{"@type":"WebPage","@id":"https:\/\/evja.pl\/index.php\/listowanie\/","url":"https:\/\/evja.pl\/index.php\/listowanie\/","name":"Listowanie - EVJA","isPartOf":{"@id":"https:\/\/evja.pl\/#website"},"primaryImageOfPage":{"@id":"https:\/\/evja.pl\/index.php\/listowanie\/#primaryimage"},"image":{"@id":"https:\/\/evja.pl\/index.php\/listowanie\/#primaryimage"},"thumbnailUrl":"https:\/\/evja.pl\/wp-content\/uploads\/2024\/02\/4dc00bcf-0646-4133-88c9-a1a22aaa6bec-768x768.jpg","datePublished":"2024-07-22T10:43:56+00:00","dateModified":"2024-10-05T10:29:41+00:00","breadcrumb":{"@id":"https:\/\/evja.pl\/index.php\/listowanie\/#breadcrumb"},"inLanguage":"pl-PL","potentialAction":[{"@type":"ReadAction","target":["https:\/\/evja.pl\/index.php\/listowanie\/"]}]},{"@type":"ImageObject","inLanguage":"pl-PL","@id":"https:\/\/evja.pl\/index.php\/listowanie\/#primaryimage","url":"https:\/\/evja.pl\/wp-content\/uploads\/2024\/02\/4dc00bcf-0646-4133-88c9-a1a22aaa6bec.jpg","contentUrl":"https:\/\/evja.pl\/wp-content\/uploads\/2024\/02\/4dc00bcf-0646-4133-88c9-a1a22aaa6bec.jpg","width":1024,"height":1024,"caption":"kalendarze firmowe drukarnia"},{"@type":"BreadcrumbList","@id":"https:\/\/evja.pl\/index.php\/listowanie\/#breadcrumb","itemListElement":[{"@type":"ListItem","position":1,"name":"Strona g\u0142\u00f3wna","item":"https:\/\/evja.pl\/"},{"@type":"ListItem","position":2,"name":"Listowanie"}]},{"@type":"WebSite","@id":"https:\/\/evja.pl\/#website","url":"https:\/\/evja.pl\/","name":"EVJA","description":"","publisher":{"@id":"https:\/\/evja.pl\/#organization"},"potentialAction":[{"@type":"SearchAction","target":{"@type":"EntryPoint","urlTemplate":"https:\/\/evja.pl\/?s={search_term_string}"},"query-input":"required name=search_term_string"}],"inLanguage":"pl-PL"},{"@type":"Organization","@id":"https:\/\/evja.pl\/#organization","name":"EVJA","url":"https:\/\/evja.pl\/","logo":{"@type":"ImageObject","inLanguage":"pl-PL","@id":"https:\/\/evja.pl\/#\/schema\/logo\/image\/","url":"https:\/\/evja.pl\/wp-content\/uploads\/2022\/02\/cropped-cropped-evjalogomail-1.png","contentUrl":"https:\/\/evja.pl\/wp-content\/uploads\/2022\/02\/cropped-cropped-evjalogomail-1.png","width":81,"height":85,"caption":"EVJA"},"image":{"@id":"https:\/\/evja.pl\/#\/schema\/logo\/image\/"}}]}},"_links":{"self":[{"href":"https:\/\/evja.pl\/index.php\/wp-json\/wp\/v2\/pages\/264","targetHints":{"allow":["GET"]}}],"collection":[{"href":"https:\/\/evja.pl\/index.php\/wp-json\/wp\/v2\/pages"}],"about":[{"href":"https:\/\/evja.pl\/index.php\/wp-json\/wp\/v2\/types\/page"}],"author":[{"embeddable":true,"href":"https:\/\/evja.pl\/index.php\/wp-json\/wp\/v2\/users\/4"}],"replies":[{"embeddable":true,"href":"https:\/\/evja.pl\/index.php\/wp-json\/wp\/v2\/comments?post=264"}],"version-history":[{"count":31,"href":"https:\/\/evja.pl\/index.php\/wp-json\/wp\/v2\/pages\/264\/revisions"}],"predecessor-version":[{"id":436,"href":"https:\/\/evja.pl\/index.php\/wp-json\/wp\/v2\/pages\/264\/revisions\/436"}],"wp:attachment":[{"href":"https:\/\/evja.pl\/index.php\/wp-json\/wp\/v2\/media?parent=264"}],"curies":[{"name":"wp","href":"https:\/\/api.w.org\/{rel}","templated":true}]}}