{"id":296,"date":"2024-07-22T13:06:15","date_gmt":"2024-07-22T11:06:15","guid":{"rendered":"https:\/\/evja.pl\/?page_id=296"},"modified":"2025-03-13T14:44:07","modified_gmt":"2025-03-13T13:44:07","slug":"druk-b1","status":"publish","type":"page","link":"https:\/\/evja.pl\/index.php\/druk-b1\/","title":{"rendered":"Druk B1"},"content":{"rendered":"\t\t<div data-elementor-type=\"wp-page\" data-elementor-id=\"296\" class=\"elementor elementor-296\">\n\t\t\t\t\t\t<section class=\"elementor-section elementor-top-section elementor-element elementor-element-af0f528 elementor-section-boxed elementor-section-height-default elementor-section-height-default\" data-id=\"af0f528\" data-element_type=\"section\">\n\t\t\t\t\t\t<div class=\"elementor-container elementor-column-gap-default\">\n\t\t\t\t\t<div class=\"elementor-column elementor-col-100 elementor-top-column elementor-element elementor-element-b44fbb3\" data-id=\"b44fbb3\" data-element_type=\"column\">\n\t\t\t<div class=\"elementor-widget-wrap elementor-element-populated\">\n\t\t\t\t\t\t<div class=\"elementor-element elementor-element-171357d elementor-widget elementor-widget-text-editor\" data-id=\"171357d\" data-element_type=\"widget\" data-widget_type=\"text-editor.default\">\n\t\t\t\t<div class=\"elementor-widget-container\">\n\t\t\t<style>\/*! elementor - v3.23.0 - 05-08-2024 *\/\n.elementor-widget-text-editor.elementor-drop-cap-view-stacked .elementor-drop-cap{background-color:#69727d;color:#fff}.elementor-widget-text-editor.elementor-drop-cap-view-framed .elementor-drop-cap{color:#69727d;border:3px solid;background-color:transparent}.elementor-widget-text-editor:not(.elementor-drop-cap-view-default) .elementor-drop-cap{margin-top:8px}.elementor-widget-text-editor:not(.elementor-drop-cap-view-default) .elementor-drop-cap-letter{width:1em;height:1em}.elementor-widget-text-editor .elementor-drop-cap{float:left;text-align:center;line-height:1;font-size:50px}.elementor-widget-text-editor .elementor-drop-cap-letter{display:inline-block}<\/style>\t\t\t\t<h1>Drukarnia offsetowa B1<\/h1><p>Szukaj\u0105 Pa\u0144stwo firmy, kt\u00f3ra b\u0119dzie w stanie stworzy\u0107 wydruki B1 w du\u017cych formatach? Potrzebne s\u0105 przyci\u0105gaj\u0105ce uwag\u0119 banery, na kt\u00f3rych grafika ma intensywne kolory i ostre detale? Zapraszamy do wsp\u00f3\u0142pracy! Dzia\u0142amy jako drukarnia offsetowa B1. Nasza siedziba znajduje si\u0119 w woj. \u015bl\u0105skim. Us\u0142ugi druku B1 to idealna opcja dla agencji reklamowych, wydawnictw, zak\u0142ad\u00f3w poligraficznych i innych przedsi\u0119biorstw, kt\u00f3re chc\u0105 wydrukowa\u0107 plakaty lub grafiki reklamowe. Zapewniamy atrakcyjne ceny, a tak\u017ce kr\u00f3tkie terminy realizacji zam\u00f3wie\u0144. Poza tym gwarantujemy najwy\u017csz\u0105 jako\u015b\u0107 wydruk\u00f3w B1, dlatego nie musz\u0105 Pa\u0144stwo martwi\u0107 si\u0119 o kolory i ostro\u015b\u0107 detali.<\/p>\t\t\t\t\t\t<\/div>\n\t\t\t\t<\/div>\n\t\t\t\t\t<\/div>\n\t\t<\/div>\n\t\t\t\t\t<\/div>\n\t\t<\/section>\n\t\t\t\t<section class=\"elementor-section elementor-top-section elementor-element elementor-element-1c3b293 elementor-section-content-middle elementor-section-boxed elementor-section-height-default elementor-section-height-default\" data-id=\"1c3b293\" data-element_type=\"section\">\n\t\t\t\t\t\t<div class=\"elementor-container elementor-column-gap-default\">\n\t\t\t\t\t<div class=\"elementor-column elementor-col-50 elementor-top-column elementor-element elementor-element-4610612\" data-id=\"4610612\" data-element_type=\"column\">\n\t\t\t<div class=\"elementor-widget-wrap elementor-element-populated\">\n\t\t\t\t\t\t<div class=\"elementor-element elementor-element-0f825f9 elementor-widget elementor-widget-image\" data-id=\"0f825f9\" data-element_type=\"widget\" data-widget_type=\"image.default\">\n\t\t\t\t<div class=\"elementor-widget-container\">\n\t\t\t<style>\/*! elementor - v3.23.0 - 05-08-2024 *\/\n.elementor-widget-image{text-align:center}.elementor-widget-image a{display:inline-block}.elementor-widget-image a img[src$=\".svg\"]{width:48px}.elementor-widget-image img{vertical-align:middle;display:inline-block}<\/style>\t\t\t\t\t\t\t\t\t\t<img fetchpriority=\"high\" decoding=\"async\" width=\"768\" height=\"768\" src=\"https:\/\/evja.pl\/wp-content\/uploads\/2024\/02\/4dc00bcf-0646-4133-88c9-a1a22aaa6bec-768x768.jpg\" class=\"attachment-medium_large size-medium_large wp-image-193\" alt=\"kalendarze firmowe drukarnia\" srcset=\"https:\/\/evja.pl\/wp-content\/uploads\/2024\/02\/4dc00bcf-0646-4133-88c9-a1a22aaa6bec-768x768.jpg 768w, https:\/\/evja.pl\/wp-content\/uploads\/2024\/02\/4dc00bcf-0646-4133-88c9-a1a22aaa6bec-300x300.jpg 300w, https:\/\/evja.pl\/wp-content\/uploads\/2024\/02\/4dc00bcf-0646-4133-88c9-a1a22aaa6bec-150x150.jpg 150w, https:\/\/evja.pl\/wp-content\/uploads\/2024\/02\/4dc00bcf-0646-4133-88c9-a1a22aaa6bec.jpg 1024w\" sizes=\"(max-width: 768px) 100vw, 768px\" \/>\t\t\t\t\t\t\t\t\t\t\t\t\t<\/div>\n\t\t\t\t<\/div>\n\t\t\t\t\t<\/div>\n\t\t<\/div>\n\t\t\t\t<div class=\"elementor-column elementor-col-50 elementor-top-column elementor-element elementor-element-74efd43\" data-id=\"74efd43\" data-element_type=\"column\">\n\t\t\t<div class=\"elementor-widget-wrap elementor-element-populated\">\n\t\t\t\t\t\t<div class=\"elementor-element elementor-element-c8e8b0e elementor-widget elementor-widget-text-editor\" data-id=\"c8e8b0e\" data-element_type=\"widget\" data-widget_type=\"text-editor.default\">\n\t\t\t\t<div class=\"elementor-widget-container\">\n\t\t\t\t\t\t\t<h2>Wydruki B1 o dowolnym wyko\u0144czeniu<\/h2><p>Do druku B1 wykorzystujemy zaawansowane technologicznie urz\u0105dzenie Heidelberg Speedmaster CD 102 5L. Dzi\u0119ki temu jeste\u015bmy w stanie drukowa\u0107 elementy o maksymalnych wymiarach 1020 x 720 mm. Co wi\u0119cej, wydruki B1 poddajemy lakierowaniu za pomoc\u0105 lakier\u00f3w dyspersyjnych. Opcja ta pozwala uzyska\u0107 efekt matowy lub b\u0142yszcz\u0105cy. Gotowe produkty mo\u017cemy te\u017c wyko\u0144czy\u0107 lakierem UV, a nast\u0119pnie przyci\u0105\u0107 i zamontowa\u0107 na nich metalowe listwy \u2013 zar\u00f3wno srebrne, jak i kolorowe. Wykonanie listwowania zapewni wi\u0119ksz\u0105 trwa\u0142o\u015b\u0107 i zapobiegnie rolowaniu. Te wszystkie opcje mog\u0105 zwi\u0119kszy\u0107 jako\u015b\u0107 projektu i nada\u0107 mu atrakcyjnego efektu. Zach\u0119camy do rozwa\u017cenia ich przy planowaniu skorzystania z us\u0142ug drukarni offsetowej B1.<\/p>\t\t\t\t\t\t<\/div>\n\t\t\t\t<\/div>\n\t\t\t\t\t<\/div>\n\t\t<\/div>\n\t\t\t\t\t<\/div>\n\t\t<\/section>\n\t\t\t\t<section class=\"elementor-section elementor-top-section elementor-element elementor-element-68a0adb elementor-section-boxed elementor-section-height-default elementor-section-height-default\" data-id=\"68a0adb\" data-element_type=\"section\">\n\t\t\t\t\t\t<div class=\"elementor-container elementor-column-gap-default\">\n\t\t\t\t\t<div class=\"elementor-column elementor-col-100 elementor-top-column elementor-element elementor-element-0e0503b\" data-id=\"0e0503b\" data-element_type=\"column\">\n\t\t\t<div class=\"elementor-widget-wrap elementor-element-populated\">\n\t\t\t\t\t\t<div class=\"elementor-element elementor-element-00ec96c elementor-widget elementor-widget-text-editor\" data-id=\"00ec96c\" data-element_type=\"widget\" data-widget_type=\"text-editor.default\">\n\t\t\t\t<div class=\"elementor-widget-container\">\n\t\t\t\t\t\t\t<h2>B1 &#8211; drukarnia offsetowa<\/h2><p>Wydruk B1 to nasza specjalno\u015b\u0107, dlatego jeste\u015bmy pewni, \u017ce efekty b\u0119d\u0105 satysfakcjonuj\u0105ce. Je\u015bli chc\u0105 Pa\u0144stwo uzyska\u0107 wi\u0119cej szczeg\u00f3\u0142owych informacji na temat wydruku plakat\u00f3w, zapraszamy do kontaktu. Pracownicy naszej drukarni offsetowej B1 ch\u0119tnie odpowiedz\u0105 na ka\u017cde pytanie dotycz\u0105ce \u015bwiadczonych us\u0142ug. Przy wybranych du\u017cych zam\u00f3wieniach mo\u017cemy zaoferowa\u0107 r\u00f3wnie\u017c opcj\u0119 negocjacji ceny oraz darmow\u0105 dostaw\u0119.<\/p>\t\t\t\t\t\t<\/div>\n\t\t\t\t<\/div>\n\t\t\t\t\t<\/div>\n\t\t<\/div>\n\t\t\t\t\t<\/div>\n\t\t<\/section>\n\t\t\t\t<\/div>\n\t\t","protected":false},"excerpt":{"rendered":"<p>Drukarnia offsetowa B1 Szukaj\u0105 Pa\u0144stwo firmy, kt\u00f3ra b\u0119dzie w stanie stworzy\u0107 wydruki B1 w du\u017cych formatach? Potrzebne s\u0105 przyci\u0105gaj\u0105ce uwag\u0119 [&hellip;]<\/p>\n","protected":false},"author":4,"featured_media":0,"parent":0,"menu_order":0,"comment_status":"closed","ping_status":"closed","template":"elementor_header_footer","meta":{"site-sidebar-layout":"no-sidebar","site-content-layout":"","ast-site-content-layout":"full-width-container","site-content-style":"default","site-sidebar-style":"default","ast-global-header-display":"","ast-banner-title-visibility":"","ast-main-header-display":"","ast-hfb-above-header-display":"","ast-hfb-below-header-display":"","ast-hfb-mobile-header-display":"","site-post-title":"disabled","ast-breadcrumbs-content":"","ast-featured-img":"disabled","footer-sml-layout":"","theme-transparent-header-meta":"","adv-header-id-meta":"","stick-header-meta":"","header-above-stick-meta":"","header-main-stick-meta":"","header-below-stick-meta":"","astra-migrate-meta-layouts":"default","ast-page-background-enabled":"default","ast-page-background-meta":{"desktop":{"background-color":"var(--ast-global-color-4)","background-image":"","background-repeat":"repeat","background-position":"center center","background-size":"auto","background-attachment":"scroll","background-type":"","background-media":"","overlay-type":"","overlay-color":"","overlay-opacity":"","overlay-gradient":""},"tablet":{"background-color":"","background-image":"","background-repeat":"repeat","background-position":"center center","background-size":"auto","background-attachment":"scroll","background-type":"","background-media":"","overlay-type":"","overlay-color":"","overlay-opacity":"","overlay-gradient":""},"mobile":{"background-color":"","background-image":"","background-repeat":"repeat","background-position":"center center","background-size":"auto","background-attachment":"scroll","background-type":"","background-media":"","overlay-type":"","overlay-color":"","overlay-opacity":"","overlay-gradient":""}},"ast-content-background-meta":{"desktop":{"background-color":"var(--ast-global-color-5)","background-image":"","background-repeat":"repeat","background-position":"center center","background-size":"auto","background-attachment":"scroll","background-type":"","background-media":"","overlay-type":"","overlay-color":"","overlay-opacity":"","overlay-gradient":""},"tablet":{"background-color":"var(--ast-global-color-5)","background-image":"","background-repeat":"repeat","background-position":"center center","background-size":"auto","background-attachment":"scroll","background-type":"","background-media":"","overlay-type":"","overlay-color":"","overlay-opacity":"","overlay-gradient":""},"mobile":{"background-color":"var(--ast-global-color-5)","background-image":"","background-repeat":"repeat","background-position":"center center","background-size":"auto","background-attachment":"scroll","background-type":"","background-media":"","overlay-type":"","overlay-color":"","overlay-opacity":"","overlay-gradient":""}},"footnotes":""},"class_list":["post-296","page","type-page","status-publish","hentry"],"yoast_head":"<!-- This site is optimized with the Yoast SEO plugin v23.2 - https:\/\/yoast.com\/wordpress\/plugins\/seo\/ -->\n<title>Druk B1 | evja.pl<\/title>\n<meta name=\"description\" content=\"W naszej drukarni offsetowej oferujemy projekty o wymiarach B1! To du\u017ce wydruki, zachowuj\u0105ce najwy\u017csz\u0105 jako\u015b\u0107 detali i kolor\u00f3w. Zapraszamy do kontaktu.\" \/>\n<meta name=\"robots\" content=\"index, follow, max-snippet:-1, max-image-preview:large, max-video-preview:-1\" \/>\n<link rel=\"canonical\" href=\"https:\/\/evja.pl\/index.php\/druk-b1\/\" \/>\n<meta property=\"og:locale\" content=\"pl_PL\" \/>\n<meta property=\"og:type\" content=\"article\" \/>\n<meta property=\"og:title\" content=\"Druk B1 | evja.pl\" \/>\n<meta property=\"og:description\" content=\"W naszej drukarni offsetowej oferujemy projekty o wymiarach B1! To du\u017ce wydruki, zachowuj\u0105ce najwy\u017csz\u0105 jako\u015b\u0107 detali i kolor\u00f3w. Zapraszamy do kontaktu.\" \/>\n<meta property=\"og:url\" content=\"https:\/\/evja.pl\/index.php\/druk-b1\/\" \/>\n<meta property=\"og:site_name\" content=\"EVJA\" \/>\n<meta property=\"article:modified_time\" content=\"2025-03-13T13:44:07+00:00\" \/>\n<meta property=\"og:image\" content=\"https:\/\/evja.pl\/wp-content\/uploads\/2024\/02\/4dc00bcf-0646-4133-88c9-a1a22aaa6bec-768x768.jpg\" \/>\n<meta name=\"twitter:card\" content=\"summary_large_image\" \/>\n<meta name=\"twitter:label1\" content=\"Szacowany czas czytania\" \/>\n\t<meta name=\"twitter:data1\" content=\"2 minuty\" \/>\n<script type=\"application\/ld+json\" class=\"yoast-schema-graph\">{\"@context\":\"https:\/\/schema.org\",\"@graph\":[{\"@type\":\"WebPage\",\"@id\":\"https:\/\/evja.pl\/index.php\/druk-b1\/\",\"url\":\"https:\/\/evja.pl\/index.php\/druk-b1\/\",\"name\":\"Druk B1 | evja.pl\",\"isPartOf\":{\"@id\":\"https:\/\/evja.pl\/#website\"},\"primaryImageOfPage\":{\"@id\":\"https:\/\/evja.pl\/index.php\/druk-b1\/#primaryimage\"},\"image\":{\"@id\":\"https:\/\/evja.pl\/index.php\/druk-b1\/#primaryimage\"},\"thumbnailUrl\":\"https:\/\/evja.pl\/wp-content\/uploads\/2024\/02\/4dc00bcf-0646-4133-88c9-a1a22aaa6bec-768x768.jpg\",\"datePublished\":\"2024-07-22T11:06:15+00:00\",\"dateModified\":\"2025-03-13T13:44:07+00:00\",\"description\":\"W naszej drukarni offsetowej oferujemy projekty o wymiarach B1! To du\u017ce wydruki, zachowuj\u0105ce najwy\u017csz\u0105 jako\u015b\u0107 detali i kolor\u00f3w. Zapraszamy do kontaktu.\",\"breadcrumb\":{\"@id\":\"https:\/\/evja.pl\/index.php\/druk-b1\/#breadcrumb\"},\"inLanguage\":\"pl-PL\",\"potentialAction\":[{\"@type\":\"ReadAction\",\"target\":[\"https:\/\/evja.pl\/index.php\/druk-b1\/\"]}]},{\"@type\":\"ImageObject\",\"inLanguage\":\"pl-PL\",\"@id\":\"https:\/\/evja.pl\/index.php\/druk-b1\/#primaryimage\",\"url\":\"https:\/\/evja.pl\/wp-content\/uploads\/2024\/02\/4dc00bcf-0646-4133-88c9-a1a22aaa6bec.jpg\",\"contentUrl\":\"https:\/\/evja.pl\/wp-content\/uploads\/2024\/02\/4dc00bcf-0646-4133-88c9-a1a22aaa6bec.jpg\",\"width\":1024,\"height\":1024,\"caption\":\"kalendarze firmowe drukarnia\"},{\"@type\":\"BreadcrumbList\",\"@id\":\"https:\/\/evja.pl\/index.php\/druk-b1\/#breadcrumb\",\"itemListElement\":[{\"@type\":\"ListItem\",\"position\":1,\"name\":\"Strona g\u0142\u00f3wna\",\"item\":\"https:\/\/evja.pl\/\"},{\"@type\":\"ListItem\",\"position\":2,\"name\":\"Druk B1\"}]},{\"@type\":\"WebSite\",\"@id\":\"https:\/\/evja.pl\/#website\",\"url\":\"https:\/\/evja.pl\/\",\"name\":\"EVJA\",\"description\":\"\",\"publisher\":{\"@id\":\"https:\/\/evja.pl\/#organization\"},\"potentialAction\":[{\"@type\":\"SearchAction\",\"target\":{\"@type\":\"EntryPoint\",\"urlTemplate\":\"https:\/\/evja.pl\/?s={search_term_string}\"},\"query-input\":\"required name=search_term_string\"}],\"inLanguage\":\"pl-PL\"},{\"@type\":\"Organization\",\"@id\":\"https:\/\/evja.pl\/#organization\",\"name\":\"EVJA\",\"url\":\"https:\/\/evja.pl\/\",\"logo\":{\"@type\":\"ImageObject\",\"inLanguage\":\"pl-PL\",\"@id\":\"https:\/\/evja.pl\/#\/schema\/logo\/image\/\",\"url\":\"https:\/\/evja.pl\/wp-content\/uploads\/2022\/02\/cropped-cropped-evjalogomail-1.png\",\"contentUrl\":\"https:\/\/evja.pl\/wp-content\/uploads\/2022\/02\/cropped-cropped-evjalogomail-1.png\",\"width\":81,\"height\":85,\"caption\":\"EVJA\"},\"image\":{\"@id\":\"https:\/\/evja.pl\/#\/schema\/logo\/image\/\"}}]}<\/script>\n<!-- \/ Yoast SEO plugin. -->","yoast_head_json":{"title":"Druk B1 | evja.pl","description":"W naszej drukarni offsetowej oferujemy projekty o wymiarach B1! To du\u017ce wydruki, zachowuj\u0105ce najwy\u017csz\u0105 jako\u015b\u0107 detali i kolor\u00f3w. Zapraszamy do kontaktu.","robots":{"index":"index","follow":"follow","max-snippet":"max-snippet:-1","max-image-preview":"max-image-preview:large","max-video-preview":"max-video-preview:-1"},"canonical":"https:\/\/evja.pl\/index.php\/druk-b1\/","og_locale":"pl_PL","og_type":"article","og_title":"Druk B1 | evja.pl","og_description":"W naszej drukarni offsetowej oferujemy projekty o wymiarach B1! To du\u017ce wydruki, zachowuj\u0105ce najwy\u017csz\u0105 jako\u015b\u0107 detali i kolor\u00f3w. Zapraszamy do kontaktu.","og_url":"https:\/\/evja.pl\/index.php\/druk-b1\/","og_site_name":"EVJA","article_modified_time":"2025-03-13T13:44:07+00:00","og_image":[{"url":"https:\/\/evja.pl\/wp-content\/uploads\/2024\/02\/4dc00bcf-0646-4133-88c9-a1a22aaa6bec-768x768.jpg"}],"twitter_card":"summary_large_image","twitter_misc":{"Szacowany czas czytania":"2 minuty"},"schema":{"@context":"https:\/\/schema.org","@graph":[{"@type":"WebPage","@id":"https:\/\/evja.pl\/index.php\/druk-b1\/","url":"https:\/\/evja.pl\/index.php\/druk-b1\/","name":"Druk B1 | evja.pl","isPartOf":{"@id":"https:\/\/evja.pl\/#website"},"primaryImageOfPage":{"@id":"https:\/\/evja.pl\/index.php\/druk-b1\/#primaryimage"},"image":{"@id":"https:\/\/evja.pl\/index.php\/druk-b1\/#primaryimage"},"thumbnailUrl":"https:\/\/evja.pl\/wp-content\/uploads\/2024\/02\/4dc00bcf-0646-4133-88c9-a1a22aaa6bec-768x768.jpg","datePublished":"2024-07-22T11:06:15+00:00","dateModified":"2025-03-13T13:44:07+00:00","description":"W naszej drukarni offsetowej oferujemy projekty o wymiarach B1! To du\u017ce wydruki, zachowuj\u0105ce najwy\u017csz\u0105 jako\u015b\u0107 detali i kolor\u00f3w. Zapraszamy do kontaktu.","breadcrumb":{"@id":"https:\/\/evja.pl\/index.php\/druk-b1\/#breadcrumb"},"inLanguage":"pl-PL","potentialAction":[{"@type":"ReadAction","target":["https:\/\/evja.pl\/index.php\/druk-b1\/"]}]},{"@type":"ImageObject","inLanguage":"pl-PL","@id":"https:\/\/evja.pl\/index.php\/druk-b1\/#primaryimage","url":"https:\/\/evja.pl\/wp-content\/uploads\/2024\/02\/4dc00bcf-0646-4133-88c9-a1a22aaa6bec.jpg","contentUrl":"https:\/\/evja.pl\/wp-content\/uploads\/2024\/02\/4dc00bcf-0646-4133-88c9-a1a22aaa6bec.jpg","width":1024,"height":1024,"caption":"kalendarze firmowe drukarnia"},{"@type":"BreadcrumbList","@id":"https:\/\/evja.pl\/index.php\/druk-b1\/#breadcrumb","itemListElement":[{"@type":"ListItem","position":1,"name":"Strona g\u0142\u00f3wna","item":"https:\/\/evja.pl\/"},{"@type":"ListItem","position":2,"name":"Druk B1"}]},{"@type":"WebSite","@id":"https:\/\/evja.pl\/#website","url":"https:\/\/evja.pl\/","name":"EVJA","description":"","publisher":{"@id":"https:\/\/evja.pl\/#organization"},"potentialAction":[{"@type":"SearchAction","target":{"@type":"EntryPoint","urlTemplate":"https:\/\/evja.pl\/?s={search_term_string}"},"query-input":"required name=search_term_string"}],"inLanguage":"pl-PL"},{"@type":"Organization","@id":"https:\/\/evja.pl\/#organization","name":"EVJA","url":"https:\/\/evja.pl\/","logo":{"@type":"ImageObject","inLanguage":"pl-PL","@id":"https:\/\/evja.pl\/#\/schema\/logo\/image\/","url":"https:\/\/evja.pl\/wp-content\/uploads\/2022\/02\/cropped-cropped-evjalogomail-1.png","contentUrl":"https:\/\/evja.pl\/wp-content\/uploads\/2022\/02\/cropped-cropped-evjalogomail-1.png","width":81,"height":85,"caption":"EVJA"},"image":{"@id":"https:\/\/evja.pl\/#\/schema\/logo\/image\/"}}]}},"_links":{"self":[{"href":"https:\/\/evja.pl\/index.php\/wp-json\/wp\/v2\/pages\/296","targetHints":{"allow":["GET"]}}],"collection":[{"href":"https:\/\/evja.pl\/index.php\/wp-json\/wp\/v2\/pages"}],"about":[{"href":"https:\/\/evja.pl\/index.php\/wp-json\/wp\/v2\/types\/page"}],"author":[{"embeddable":true,"href":"https:\/\/evja.pl\/index.php\/wp-json\/wp\/v2\/users\/4"}],"replies":[{"embeddable":true,"href":"https:\/\/evja.pl\/index.php\/wp-json\/wp\/v2\/comments?post=296"}],"version-history":[{"count":7,"href":"https:\/\/evja.pl\/index.php\/wp-json\/wp\/v2\/pages\/296\/revisions"}],"predecessor-version":[{"id":538,"href":"https:\/\/evja.pl\/index.php\/wp-json\/wp\/v2\/pages\/296\/revisions\/538"}],"wp:attachment":[{"href":"https:\/\/evja.pl\/index.php\/wp-json\/wp\/v2\/media?parent=296"}],"curies":[{"name":"wp","href":"https:\/\/api.w.org\/{rel}","templated":true}]}}