{"id":311,"date":"2024-08-19T09:53:48","date_gmt":"2024-08-19T07:53:48","guid":{"rendered":"https:\/\/evja.pl\/?page_id=311"},"modified":"2024-08-22T11:17:06","modified_gmt":"2024-08-22T09:17:06","slug":"kalwaria-zebrzydowska","status":"publish","type":"page","link":"https:\/\/evja.pl\/index.php\/kalwaria-zebrzydowska\/","title":{"rendered":"Kalwaria Zebrzydowska"},"content":{"rendered":"\t\t<div data-elementor-type=\"wp-page\" data-elementor-id=\"311\" class=\"elementor elementor-311\">\n\t\t\t\t\t\t<section class=\"elementor-section elementor-top-section elementor-element elementor-element-af0f528 elementor-section-boxed elementor-section-height-default elementor-section-height-default\" data-id=\"af0f528\" data-element_type=\"section\">\n\t\t\t\t\t\t<div class=\"elementor-container elementor-column-gap-default\">\n\t\t\t\t\t<div class=\"elementor-column elementor-col-100 elementor-top-column elementor-element elementor-element-b44fbb3\" data-id=\"b44fbb3\" data-element_type=\"column\">\n\t\t\t<div class=\"elementor-widget-wrap elementor-element-populated\">\n\t\t\t\t\t\t<div class=\"elementor-element elementor-element-171357d elementor-widget elementor-widget-text-editor\" data-id=\"171357d\" data-element_type=\"widget\" data-widget_type=\"text-editor.default\">\n\t\t\t\t<div class=\"elementor-widget-container\">\n\t\t\t<style>\/*! elementor - v3.23.0 - 05-08-2024 *\/\n.elementor-widget-text-editor.elementor-drop-cap-view-stacked .elementor-drop-cap{background-color:#69727d;color:#fff}.elementor-widget-text-editor.elementor-drop-cap-view-framed .elementor-drop-cap{color:#69727d;border:3px solid;background-color:transparent}.elementor-widget-text-editor:not(.elementor-drop-cap-view-default) .elementor-drop-cap{margin-top:8px}.elementor-widget-text-editor:not(.elementor-drop-cap-view-default) .elementor-drop-cap-letter{width:1em;height:1em}.elementor-widget-text-editor .elementor-drop-cap{float:left;text-align:center;line-height:1;font-size:50px}.elementor-widget-text-editor .elementor-drop-cap-letter{display:inline-block}<\/style>\t\t\t\t<h1>Drukarnia offsetowa<\/h1><p>Jeste\u015bmy drukarni\u0105 offsetow\u0105, kt\u00f3ra zajmuje si\u0119 wydrukami wielkoformatowymi do rozmiaru B1. Wykonujemy zam\u00f3wienia dla klient\u00f3w biznesowych z Kalwarii Zebrzydowskiej i okolic. W zale\u017cno\u015bci od potrzeb interesant\u00f3w przyjmujemy do realizacji ju\u017c gotowe projekty, ale i sami projektujemy banery lub plakaty wed\u0142ug podanych nam wytycznych. Wszystkie nasze prace wykonywane s\u0105 w najwy\u017cszej jako\u015bci nie tylko detali i kolor\u00f3w, ale r\u00f3wnie\u017c na wytrzyma\u0142ych papierach, kt\u00f3re pos\u0142u\u017c\u0105 przez d\u0142ugi czas.<\/p>\t\t\t\t\t\t<\/div>\n\t\t\t\t<\/div>\n\t\t\t\t\t<\/div>\n\t\t<\/div>\n\t\t\t\t\t<\/div>\n\t\t<\/section>\n\t\t\t\t<section class=\"elementor-section elementor-top-section elementor-element elementor-element-1c3b293 elementor-section-content-middle elementor-section-boxed elementor-section-height-default elementor-section-height-default\" data-id=\"1c3b293\" data-element_type=\"section\">\n\t\t\t\t\t\t<div class=\"elementor-container elementor-column-gap-default\">\n\t\t\t\t\t<div class=\"elementor-column elementor-col-50 elementor-top-column elementor-element elementor-element-74efd43\" data-id=\"74efd43\" data-element_type=\"column\">\n\t\t\t<div class=\"elementor-widget-wrap elementor-element-populated\">\n\t\t\t\t\t\t<div class=\"elementor-element elementor-element-c8e8b0e elementor-widget elementor-widget-text-editor\" data-id=\"c8e8b0e\" data-element_type=\"widget\" data-widget_type=\"text-editor.default\">\n\t\t\t\t<div class=\"elementor-widget-container\">\n\t\t\t\t\t\t\t<h2>Druki wielkoformatowe<\/h2><p>Wsp\u00f3\u0142pracujemy z licznymi agencjami reklamowymi, realizuj\u0105c dla nich banery oraz plakaty do rozmiaru B1. Jako drukarnia offsetowa cieszymy si\u0119 bardzo dobr\u0105 opini\u0105 w\u015br\u00f3d obecnych kontrahent\u00f3w, a nasze prace s\u0105 zawsze wykonywane z najwy\u017csz\u0105 staranno\u015bci\u0105. Poza specjalistami w zakresie projektowania i druku dysponujemy r\u00f3wnie\u017c wysokiej klasy sprz\u0119tem. Maszyna offsetowa Heidelberg Speedmaster CD 102 5L pozwala nam na wydruki wysokiej jako\u015bci, zw\u0142aszcza je\u015bli dany projekt posiada mn\u00f3stwo drobnych szczeg\u00f3\u0142\u00f3w. Mamy mo\u017cliwo\u015b\u0107 zalakierowania naszych prac za pomoc\u0105 lakier\u00f3w dyspersyjnych UV. Pozwol\u0105 one na dok\u0142adne wyko\u0144czenie ka\u017cdego wyrobu.<\/p>\t\t\t\t\t\t<\/div>\n\t\t\t\t<\/div>\n\t\t\t\t\t<\/div>\n\t\t<\/div>\n\t\t\t\t<div class=\"elementor-column elementor-col-50 elementor-top-column elementor-element elementor-element-4610612\" data-id=\"4610612\" data-element_type=\"column\">\n\t\t\t<div class=\"elementor-widget-wrap elementor-element-populated\">\n\t\t\t\t\t\t<div class=\"elementor-element elementor-element-0f825f9 elementor-widget elementor-widget-image\" data-id=\"0f825f9\" data-element_type=\"widget\" data-widget_type=\"image.default\">\n\t\t\t\t<div class=\"elementor-widget-container\">\n\t\t\t<style>\/*! elementor - v3.23.0 - 05-08-2024 *\/\n.elementor-widget-image{text-align:center}.elementor-widget-image a{display:inline-block}.elementor-widget-image a img[src$=\".svg\"]{width:48px}.elementor-widget-image img{vertical-align:middle;display:inline-block}<\/style>\t\t\t\t\t\t\t\t\t\t<img fetchpriority=\"high\" decoding=\"async\" width=\"640\" height=\"424\" src=\"https:\/\/evja.pl\/wp-content\/uploads\/2024\/08\/printout-1399329_640.jpg\" class=\"attachment-medium_large size-medium_large wp-image-409\" alt=\"drukarnia offsetowa b1\" srcset=\"https:\/\/evja.pl\/wp-content\/uploads\/2024\/08\/printout-1399329_640.jpg 640w, https:\/\/evja.pl\/wp-content\/uploads\/2024\/08\/printout-1399329_640-300x199.jpg 300w\" sizes=\"(max-width: 640px) 100vw, 640px\" \/>\t\t\t\t\t\t\t\t\t\t\t\t\t<\/div>\n\t\t\t\t<\/div>\n\t\t\t\t\t<\/div>\n\t\t<\/div>\n\t\t\t\t\t<\/div>\n\t\t<\/section>\n\t\t\t\t<section class=\"elementor-section elementor-top-section elementor-element elementor-element-4e950ac elementor-section-content-middle elementor-section-boxed elementor-section-height-default elementor-section-height-default\" data-id=\"4e950ac\" data-element_type=\"section\">\n\t\t\t\t\t\t<div class=\"elementor-container elementor-column-gap-default\">\n\t\t\t\t\t<div class=\"elementor-column elementor-col-100 elementor-top-column elementor-element elementor-element-6ae46d1\" data-id=\"6ae46d1\" data-element_type=\"column\">\n\t\t\t<div class=\"elementor-widget-wrap elementor-element-populated\">\n\t\t\t\t\t\t<div class=\"elementor-element elementor-element-6ebb309 elementor-widget elementor-widget-text-editor\" data-id=\"6ebb309\" data-element_type=\"widget\" data-widget_type=\"text-editor.default\">\n\t\t\t\t<div class=\"elementor-widget-container\">\n\t\t\t\t\t\t\t<h2>Wydruk kalendarzy<\/h2><p>Poza banerami i plakatami wyposa\u017camy biura w kalendarze. Realizujemy zam\u00f3wienia kalendarzy jednodzielnych jak i tr\u00f3jdzielnych, a tak\u017ce tych mniejszych biurkowych. Drukujemy je z regu\u0142y na bazie zamys\u0142u klienta, ale w przypadku braku pomys\u0142\u00f3w lub zwyczajnie czasu oferujemy r\u00f3wnie\u017c ich projektowanie. Ka\u017cda oferta jest personalizowana i mo\u017ce zawiera\u0107 wybrane przez interesant\u00f3w znaki (np. logo firmy).<\/p><h2>Listwowanie<\/h2><div>W celu zabezpieczenia naszych prac wykonujemy r\u00f3wnie\u017c ich listwowanie. Listwy robimy ze stali ocynowanej, w wymiarach 30-100 cm. Ka\u017cda z nich jest laminowana foli\u0105 PVC w 43 kolorach z naszej palety, a s\u0105 one dost\u0119pne w dw\u00f3ch wersjach: matowej i l\u015bni\u0105cej. Dodatkowo nasza drukarnia, w razie potrzeby, produkuje listwy z otworami i zawieszkami, kt\u00f3re umo\u017cliwi\u0105 \u0142atwe przywieszenie produktu na przyk\u0142ad na \u015bcianie.<\/div><div>Oferujemy r\u00f3wnie\u017c mo\u017cliwo\u015b\u0107 negocjacji cen przy du\u017cych zam\u00f3wieniach, a tak\u017ce darmow\u0105 dostaw\u0119 wydruk\u00f3w na terenie Kalwarii Zebrzydowskiej. Przystosowujemy terminy realizacji i p\u0142atno\u015bci do potrzeb i wymaga\u0144 ka\u017cdego klienta!<\/div>\t\t\t\t\t\t<\/div>\n\t\t\t\t<\/div>\n\t\t\t\t\t<\/div>\n\t\t<\/div>\n\t\t\t\t\t<\/div>\n\t\t<\/section>\n\t\t\t\t<\/div>\n\t\t","protected":false},"excerpt":{"rendered":"<p>Drukarnia offsetowa Jeste\u015bmy drukarni\u0105 offsetow\u0105, kt\u00f3ra zajmuje si\u0119 wydrukami wielkoformatowymi do rozmiaru B1. Wykonujemy zam\u00f3wienia dla klient\u00f3w biznesowych z Kalwarii [&hellip;]<\/p>\n","protected":false},"author":4,"featured_media":0,"parent":0,"menu_order":0,"comment_status":"closed","ping_status":"closed","template":"elementor_header_footer","meta":{"site-sidebar-layout":"no-sidebar","site-content-layout":"","ast-site-content-layout":"full-width-container","site-content-style":"default","site-sidebar-style":"default","ast-global-header-display":"","ast-banner-title-visibility":"","ast-main-header-display":"","ast-hfb-above-header-display":"","ast-hfb-below-header-display":"","ast-hfb-mobile-header-display":"","site-post-title":"disabled","ast-breadcrumbs-content":"","ast-featured-img":"disabled","footer-sml-layout":"","theme-transparent-header-meta":"","adv-header-id-meta":"","stick-header-meta":"","header-above-stick-meta":"","header-main-stick-meta":"","header-below-stick-meta":"","astra-migrate-meta-layouts":"default","ast-page-background-enabled":"default","ast-page-background-meta":{"desktop":{"background-color":"var(--ast-global-color-4)","background-image":"","background-repeat":"repeat","background-position":"center center","background-size":"auto","background-attachment":"scroll","background-type":"","background-media":"","overlay-type":"","overlay-color":"","overlay-opacity":"","overlay-gradient":""},"tablet":{"background-color":"","background-image":"","background-repeat":"repeat","background-position":"center center","background-size":"auto","background-attachment":"scroll","background-type":"","background-media":"","overlay-type":"","overlay-color":"","overlay-opacity":"","overlay-gradient":""},"mobile":{"background-color":"","background-image":"","background-repeat":"repeat","background-position":"center center","background-size":"auto","background-attachment":"scroll","background-type":"","background-media":"","overlay-type":"","overlay-color":"","overlay-opacity":"","overlay-gradient":""}},"ast-content-background-meta":{"desktop":{"background-color":"var(--ast-global-color-5)","background-image":"","background-repeat":"repeat","background-position":"center center","background-size":"auto","background-attachment":"scroll","background-type":"","background-media":"","overlay-type":"","overlay-color":"","overlay-opacity":"","overlay-gradient":""},"tablet":{"background-color":"var(--ast-global-color-5)","background-image":"","background-repeat":"repeat","background-position":"center center","background-size":"auto","background-attachment":"scroll","background-type":"","background-media":"","overlay-type":"","overlay-color":"","overlay-opacity":"","overlay-gradient":""},"mobile":{"background-color":"var(--ast-global-color-5)","background-image":"","background-repeat":"repeat","background-position":"center center","background-size":"auto","background-attachment":"scroll","background-type":"","background-media":"","overlay-type":"","overlay-color":"","overlay-opacity":"","overlay-gradient":""}},"footnotes":""},"class_list":["post-311","page","type-page","status-publish","hentry"],"yoast_head":"<!-- This site is optimized with the Yoast SEO plugin v23.2 - https:\/\/yoast.com\/wordpress\/plugins\/seo\/ -->\n<title>Drukarnia wielkoformatowa Kalwaria Zebrzydowska | evja.pl<\/title>\n<meta name=\"description\" content=\"Je\u015bli szukaj\u0105 Pa\u0144stwo drukarni offsetowej, kt\u00f3ra zrealizuje zam\u00f3wienie dla firm w Kalwarii Zebrzydowskiej, serdecznie zapraszamy do kontaktu!\" \/>\n<meta name=\"robots\" content=\"index, follow, max-snippet:-1, max-image-preview:large, max-video-preview:-1\" \/>\n<link rel=\"canonical\" href=\"https:\/\/evja.pl\/index.php\/kalwaria-zebrzydowska\/\" \/>\n<meta property=\"og:locale\" content=\"pl_PL\" \/>\n<meta property=\"og:type\" content=\"article\" \/>\n<meta property=\"og:title\" content=\"Drukarnia wielkoformatowa Kalwaria Zebrzydowska | evja.pl\" \/>\n<meta property=\"og:description\" content=\"Je\u015bli szukaj\u0105 Pa\u0144stwo drukarni offsetowej, kt\u00f3ra zrealizuje zam\u00f3wienie dla firm w Kalwarii Zebrzydowskiej, serdecznie zapraszamy do kontaktu!\" \/>\n<meta property=\"og:url\" content=\"https:\/\/evja.pl\/index.php\/kalwaria-zebrzydowska\/\" \/>\n<meta property=\"og:site_name\" content=\"EVJA\" \/>\n<meta property=\"article:modified_time\" content=\"2024-08-22T09:17:06+00:00\" \/>\n<meta property=\"og:image\" content=\"https:\/\/evja.pl\/wp-content\/uploads\/2024\/08\/printout-1399329_640.jpg\" \/>\n<meta name=\"twitter:card\" content=\"summary_large_image\" \/>\n<meta name=\"twitter:label1\" content=\"Szacowany czas czytania\" \/>\n\t<meta name=\"twitter:data1\" content=\"3 minuty\" \/>\n<script type=\"application\/ld+json\" class=\"yoast-schema-graph\">{\"@context\":\"https:\/\/schema.org\",\"@graph\":[{\"@type\":\"WebPage\",\"@id\":\"https:\/\/evja.pl\/index.php\/kalwaria-zebrzydowska\/\",\"url\":\"https:\/\/evja.pl\/index.php\/kalwaria-zebrzydowska\/\",\"name\":\"Drukarnia wielkoformatowa Kalwaria Zebrzydowska | evja.pl\",\"isPartOf\":{\"@id\":\"https:\/\/evja.pl\/#website\"},\"primaryImageOfPage\":{\"@id\":\"https:\/\/evja.pl\/index.php\/kalwaria-zebrzydowska\/#primaryimage\"},\"image\":{\"@id\":\"https:\/\/evja.pl\/index.php\/kalwaria-zebrzydowska\/#primaryimage\"},\"thumbnailUrl\":\"https:\/\/evja.pl\/wp-content\/uploads\/2024\/08\/printout-1399329_640.jpg\",\"datePublished\":\"2024-08-19T07:53:48+00:00\",\"dateModified\":\"2024-08-22T09:17:06+00:00\",\"description\":\"Je\u015bli szukaj\u0105 Pa\u0144stwo drukarni offsetowej, kt\u00f3ra zrealizuje zam\u00f3wienie dla firm w Kalwarii Zebrzydowskiej, serdecznie zapraszamy do kontaktu!\",\"breadcrumb\":{\"@id\":\"https:\/\/evja.pl\/index.php\/kalwaria-zebrzydowska\/#breadcrumb\"},\"inLanguage\":\"pl-PL\",\"potentialAction\":[{\"@type\":\"ReadAction\",\"target\":[\"https:\/\/evja.pl\/index.php\/kalwaria-zebrzydowska\/\"]}]},{\"@type\":\"ImageObject\",\"inLanguage\":\"pl-PL\",\"@id\":\"https:\/\/evja.pl\/index.php\/kalwaria-zebrzydowska\/#primaryimage\",\"url\":\"https:\/\/evja.pl\/wp-content\/uploads\/2024\/08\/printout-1399329_640.jpg\",\"contentUrl\":\"https:\/\/evja.pl\/wp-content\/uploads\/2024\/08\/printout-1399329_640.jpg\",\"width\":640,\"height\":424,\"caption\":\"drukarnia offsetowa b1\"},{\"@type\":\"BreadcrumbList\",\"@id\":\"https:\/\/evja.pl\/index.php\/kalwaria-zebrzydowska\/#breadcrumb\",\"itemListElement\":[{\"@type\":\"ListItem\",\"position\":1,\"name\":\"Strona g\u0142\u00f3wna\",\"item\":\"https:\/\/evja.pl\/\"},{\"@type\":\"ListItem\",\"position\":2,\"name\":\"Kalwaria Zebrzydowska\"}]},{\"@type\":\"WebSite\",\"@id\":\"https:\/\/evja.pl\/#website\",\"url\":\"https:\/\/evja.pl\/\",\"name\":\"EVJA\",\"description\":\"\",\"publisher\":{\"@id\":\"https:\/\/evja.pl\/#organization\"},\"potentialAction\":[{\"@type\":\"SearchAction\",\"target\":{\"@type\":\"EntryPoint\",\"urlTemplate\":\"https:\/\/evja.pl\/?s={search_term_string}\"},\"query-input\":\"required name=search_term_string\"}],\"inLanguage\":\"pl-PL\"},{\"@type\":\"Organization\",\"@id\":\"https:\/\/evja.pl\/#organization\",\"name\":\"EVJA\",\"url\":\"https:\/\/evja.pl\/\",\"logo\":{\"@type\":\"ImageObject\",\"inLanguage\":\"pl-PL\",\"@id\":\"https:\/\/evja.pl\/#\/schema\/logo\/image\/\",\"url\":\"https:\/\/evja.pl\/wp-content\/uploads\/2022\/02\/cropped-cropped-evjalogomail-1.png\",\"contentUrl\":\"https:\/\/evja.pl\/wp-content\/uploads\/2022\/02\/cropped-cropped-evjalogomail-1.png\",\"width\":81,\"height\":85,\"caption\":\"EVJA\"},\"image\":{\"@id\":\"https:\/\/evja.pl\/#\/schema\/logo\/image\/\"}}]}<\/script>\n<!-- \/ Yoast SEO plugin. -->","yoast_head_json":{"title":"Drukarnia wielkoformatowa Kalwaria Zebrzydowska | evja.pl","description":"Je\u015bli szukaj\u0105 Pa\u0144stwo drukarni offsetowej, kt\u00f3ra zrealizuje zam\u00f3wienie dla firm w Kalwarii Zebrzydowskiej, serdecznie zapraszamy do kontaktu!","robots":{"index":"index","follow":"follow","max-snippet":"max-snippet:-1","max-image-preview":"max-image-preview:large","max-video-preview":"max-video-preview:-1"},"canonical":"https:\/\/evja.pl\/index.php\/kalwaria-zebrzydowska\/","og_locale":"pl_PL","og_type":"article","og_title":"Drukarnia wielkoformatowa Kalwaria Zebrzydowska | evja.pl","og_description":"Je\u015bli szukaj\u0105 Pa\u0144stwo drukarni offsetowej, kt\u00f3ra zrealizuje zam\u00f3wienie dla firm w Kalwarii Zebrzydowskiej, serdecznie zapraszamy do kontaktu!","og_url":"https:\/\/evja.pl\/index.php\/kalwaria-zebrzydowska\/","og_site_name":"EVJA","article_modified_time":"2024-08-22T09:17:06+00:00","og_image":[{"url":"https:\/\/evja.pl\/wp-content\/uploads\/2024\/08\/printout-1399329_640.jpg"}],"twitter_card":"summary_large_image","twitter_misc":{"Szacowany czas czytania":"3 minuty"},"schema":{"@context":"https:\/\/schema.org","@graph":[{"@type":"WebPage","@id":"https:\/\/evja.pl\/index.php\/kalwaria-zebrzydowska\/","url":"https:\/\/evja.pl\/index.php\/kalwaria-zebrzydowska\/","name":"Drukarnia wielkoformatowa Kalwaria Zebrzydowska | evja.pl","isPartOf":{"@id":"https:\/\/evja.pl\/#website"},"primaryImageOfPage":{"@id":"https:\/\/evja.pl\/index.php\/kalwaria-zebrzydowska\/#primaryimage"},"image":{"@id":"https:\/\/evja.pl\/index.php\/kalwaria-zebrzydowska\/#primaryimage"},"thumbnailUrl":"https:\/\/evja.pl\/wp-content\/uploads\/2024\/08\/printout-1399329_640.jpg","datePublished":"2024-08-19T07:53:48+00:00","dateModified":"2024-08-22T09:17:06+00:00","description":"Je\u015bli szukaj\u0105 Pa\u0144stwo drukarni offsetowej, kt\u00f3ra zrealizuje zam\u00f3wienie dla firm w Kalwarii Zebrzydowskiej, serdecznie zapraszamy do kontaktu!","breadcrumb":{"@id":"https:\/\/evja.pl\/index.php\/kalwaria-zebrzydowska\/#breadcrumb"},"inLanguage":"pl-PL","potentialAction":[{"@type":"ReadAction","target":["https:\/\/evja.pl\/index.php\/kalwaria-zebrzydowska\/"]}]},{"@type":"ImageObject","inLanguage":"pl-PL","@id":"https:\/\/evja.pl\/index.php\/kalwaria-zebrzydowska\/#primaryimage","url":"https:\/\/evja.pl\/wp-content\/uploads\/2024\/08\/printout-1399329_640.jpg","contentUrl":"https:\/\/evja.pl\/wp-content\/uploads\/2024\/08\/printout-1399329_640.jpg","width":640,"height":424,"caption":"drukarnia offsetowa b1"},{"@type":"BreadcrumbList","@id":"https:\/\/evja.pl\/index.php\/kalwaria-zebrzydowska\/#breadcrumb","itemListElement":[{"@type":"ListItem","position":1,"name":"Strona g\u0142\u00f3wna","item":"https:\/\/evja.pl\/"},{"@type":"ListItem","position":2,"name":"Kalwaria Zebrzydowska"}]},{"@type":"WebSite","@id":"https:\/\/evja.pl\/#website","url":"https:\/\/evja.pl\/","name":"EVJA","description":"","publisher":{"@id":"https:\/\/evja.pl\/#organization"},"potentialAction":[{"@type":"SearchAction","target":{"@type":"EntryPoint","urlTemplate":"https:\/\/evja.pl\/?s={search_term_string}"},"query-input":"required name=search_term_string"}],"inLanguage":"pl-PL"},{"@type":"Organization","@id":"https:\/\/evja.pl\/#organization","name":"EVJA","url":"https:\/\/evja.pl\/","logo":{"@type":"ImageObject","inLanguage":"pl-PL","@id":"https:\/\/evja.pl\/#\/schema\/logo\/image\/","url":"https:\/\/evja.pl\/wp-content\/uploads\/2022\/02\/cropped-cropped-evjalogomail-1.png","contentUrl":"https:\/\/evja.pl\/wp-content\/uploads\/2022\/02\/cropped-cropped-evjalogomail-1.png","width":81,"height":85,"caption":"EVJA"},"image":{"@id":"https:\/\/evja.pl\/#\/schema\/logo\/image\/"}}]}},"_links":{"self":[{"href":"https:\/\/evja.pl\/index.php\/wp-json\/wp\/v2\/pages\/311","targetHints":{"allow":["GET"]}}],"collection":[{"href":"https:\/\/evja.pl\/index.php\/wp-json\/wp\/v2\/pages"}],"about":[{"href":"https:\/\/evja.pl\/index.php\/wp-json\/wp\/v2\/types\/page"}],"author":[{"embeddable":true,"href":"https:\/\/evja.pl\/index.php\/wp-json\/wp\/v2\/users\/4"}],"replies":[{"embeddable":true,"href":"https:\/\/evja.pl\/index.php\/wp-json\/wp\/v2\/comments?post=311"}],"version-history":[{"count":18,"href":"https:\/\/evja.pl\/index.php\/wp-json\/wp\/v2\/pages\/311\/revisions"}],"predecessor-version":[{"id":415,"href":"https:\/\/evja.pl\/index.php\/wp-json\/wp\/v2\/pages\/311\/revisions\/415"}],"wp:attachment":[{"href":"https:\/\/evja.pl\/index.php\/wp-json\/wp\/v2\/media?parent=311"}],"curies":[{"name":"wp","href":"https:\/\/api.w.org\/{rel}","templated":true}]}}