{"id":342,"date":"2024-08-19T10:19:37","date_gmt":"2024-08-19T08:19:37","guid":{"rendered":"https:\/\/evja.pl\/?page_id=342"},"modified":"2024-08-19T11:13:17","modified_gmt":"2024-08-19T09:13:17","slug":"andrychow","status":"publish","type":"page","link":"https:\/\/evja.pl\/index.php\/andrychow\/","title":{"rendered":"Andrych\u00f3w"},"content":{"rendered":"\t\t<div data-elementor-type=\"wp-page\" data-elementor-id=\"342\" class=\"elementor elementor-342\">\n\t\t\t\t\t\t<section class=\"elementor-section elementor-top-section elementor-element elementor-element-af0f528 elementor-section-boxed elementor-section-height-default elementor-section-height-default\" data-id=\"af0f528\" data-element_type=\"section\">\n\t\t\t\t\t\t<div class=\"elementor-container elementor-column-gap-default\">\n\t\t\t\t\t<div class=\"elementor-column elementor-col-100 elementor-top-column elementor-element elementor-element-b44fbb3\" data-id=\"b44fbb3\" data-element_type=\"column\">\n\t\t\t<div class=\"elementor-widget-wrap elementor-element-populated\">\n\t\t\t\t\t\t<div class=\"elementor-element elementor-element-171357d elementor-widget elementor-widget-text-editor\" data-id=\"171357d\" data-element_type=\"widget\" data-widget_type=\"text-editor.default\">\n\t\t\t\t<div class=\"elementor-widget-container\">\n\t\t\t<style>\/*! elementor - v3.23.0 - 05-08-2024 *\/\n.elementor-widget-text-editor.elementor-drop-cap-view-stacked .elementor-drop-cap{background-color:#69727d;color:#fff}.elementor-widget-text-editor.elementor-drop-cap-view-framed .elementor-drop-cap{color:#69727d;border:3px solid;background-color:transparent}.elementor-widget-text-editor:not(.elementor-drop-cap-view-default) .elementor-drop-cap{margin-top:8px}.elementor-widget-text-editor:not(.elementor-drop-cap-view-default) .elementor-drop-cap-letter{width:1em;height:1em}.elementor-widget-text-editor .elementor-drop-cap{float:left;text-align:center;line-height:1;font-size:50px}.elementor-widget-text-editor .elementor-drop-cap-letter{display:inline-block}<\/style>\t\t\t\t<h1>Drukarnia Evja Andrych\u00f3w<\/h1><p>Zajmujemy si\u0119 wydrukami wielkoformatowymi do wymiaru B1 (1020x720mm) na terenie Andrychowa. Dzi\u0119ki licznym wsp\u00f3\u0142pracom z klientami biznesowymi mamy szerokie portfolio prac o najwy\u017cszej jako\u015bci. Ka\u017cdy nasz projekt jest personalizowany pod wymogi i oczekiwania wszystkich interesant\u00f3w. Zapewniamy pe\u0142n\u0105 satysfakcj\u0119 z wyboru naszej drukarni Evja. Nasze do\u015bwiadczenie jak i wykwalifikowani specjali\u015bci starannie przygotuj\u0105 ka\u017cdy projekt, a tak\u017ce zrealizuj\u0105 go w najwy\u017cszej jako\u015bci!<\/p>\t\t\t\t\t\t<\/div>\n\t\t\t\t<\/div>\n\t\t\t\t\t<\/div>\n\t\t<\/div>\n\t\t\t\t\t<\/div>\n\t\t<\/section>\n\t\t\t\t<section class=\"elementor-section elementor-top-section elementor-element elementor-element-1c3b293 elementor-section-content-middle elementor-section-boxed elementor-section-height-default elementor-section-height-default\" data-id=\"1c3b293\" data-element_type=\"section\">\n\t\t\t\t\t\t<div class=\"elementor-container elementor-column-gap-no\">\n\t\t\t\t\t<div class=\"elementor-column elementor-col-50 elementor-top-column elementor-element elementor-element-74efd43\" data-id=\"74efd43\" data-element_type=\"column\">\n\t\t\t<div class=\"elementor-widget-wrap elementor-element-populated\">\n\t\t\t\t\t\t<div class=\"elementor-element elementor-element-8eeac50 elementor-widget elementor-widget-text-editor\" data-id=\"8eeac50\" data-element_type=\"widget\" data-widget_type=\"text-editor.default\">\n\t\t\t\t<div class=\"elementor-widget-container\">\n\t\t\t\t\t\t\t<h2>Wydruki na wszystkie potrzeby<\/h2><p>W naszej drukarni realizujemy wielkoformatowe projekty na zlecenie ka\u017cdej firmy z dowolnej bran\u017cy. Przede wszystkim wsp\u00f3\u0142pracujemy z agencjami reklamowymi, dla kt\u00f3rych robimy banery reklamowe i plakaty, ale ka\u017cde nowe wyzwanie b\u0119dzie dla nas przyjemno\u015bci\u0105. Wszystkie prace do rozmiaru B1 s\u0105 drukowane w najwy\u017cszej jako\u015bci detali i kolor\u00f3w, dzi\u0119ki Heidelberg Speedmaster CD 102 5L. \u017beby projekty by\u0142y dopracowane w ka\u017cdym detalu, gdy ju\u017c s\u0105 gotowe, lakierujemy za pomoc\u0105 lakier\u00f3w dyspersyjnych. Dzi\u0119ki nim, w zale\u017cno\u015bci od zamys\u0142u, mo\u017cna uzyska\u0107 b\u0142yszcz\u0105ce lub matowe wyko\u0144czenie.<\/p>\t\t\t\t\t\t<\/div>\n\t\t\t\t<\/div>\n\t\t\t\t\t<\/div>\n\t\t<\/div>\n\t\t\t\t<div class=\"elementor-column elementor-col-50 elementor-top-column elementor-element elementor-element-4610612\" data-id=\"4610612\" data-element_type=\"column\">\n\t\t\t<div class=\"elementor-widget-wrap elementor-element-populated\">\n\t\t\t\t\t\t<div class=\"elementor-element elementor-element-0f825f9 elementor-widget elementor-widget-image\" data-id=\"0f825f9\" data-element_type=\"widget\" data-widget_type=\"image.default\">\n\t\t\t\t<div class=\"elementor-widget-container\">\n\t\t\t<style>\/*! elementor - v3.23.0 - 05-08-2024 *\/\n.elementor-widget-image{text-align:center}.elementor-widget-image a{display:inline-block}.elementor-widget-image a img[src$=\".svg\"]{width:48px}.elementor-widget-image img{vertical-align:middle;display:inline-block}<\/style>\t\t\t\t\t\t\t\t\t\t<img fetchpriority=\"high\" decoding=\"async\" width=\"640\" height=\"427\" src=\"https:\/\/evja.pl\/wp-content\/uploads\/2024\/08\/offset-printing-macine-3634411_640.jpg\" class=\"attachment-large size-large wp-image-321\" alt=\"druk plakatu b1\" srcset=\"https:\/\/evja.pl\/wp-content\/uploads\/2024\/08\/offset-printing-macine-3634411_640.jpg 640w, https:\/\/evja.pl\/wp-content\/uploads\/2024\/08\/offset-printing-macine-3634411_640-300x200.jpg 300w\" sizes=\"(max-width: 640px) 100vw, 640px\" \/>\t\t\t\t\t\t\t\t\t\t\t\t\t<\/div>\n\t\t\t\t<\/div>\n\t\t\t\t\t<\/div>\n\t\t<\/div>\n\t\t\t\t\t<\/div>\n\t\t<\/section>\n\t\t\t\t<section class=\"elementor-section elementor-top-section elementor-element elementor-element-4e950ac elementor-section-content-top elementor-section-boxed elementor-section-height-default elementor-section-height-default\" data-id=\"4e950ac\" data-element_type=\"section\">\n\t\t\t\t\t\t<div class=\"elementor-container elementor-column-gap-narrow\">\n\t\t\t\t\t<div class=\"elementor-column elementor-col-100 elementor-top-column elementor-element elementor-element-6ae46d1\" data-id=\"6ae46d1\" data-element_type=\"column\">\n\t\t\t<div class=\"elementor-widget-wrap elementor-element-populated\">\n\t\t\t\t\t\t<div class=\"elementor-element elementor-element-6ebb309 elementor-widget elementor-widget-text-editor\" data-id=\"6ebb309\" data-element_type=\"widget\" data-widget_type=\"text-editor.default\">\n\t\t\t\t<div class=\"elementor-widget-container\">\n\t\t\t\t\t\t\t<h2>Listwowanie wydruk\u00f3w dla andrychowskich firm<\/h2><p>Wedle \u017cyczenia klienta ka\u017cdy plakat lub inny wyr\u00f3b mo\u017cemy wyko\u0144czy\u0107 specjalnymi listwami. S\u0105 one wykonane ze stali ocynowanej. Wykonujemy je w d\u0142ugo\u015bciach 30-100cm. W ka\u017cdej mo\u017cemy zrobi\u0107 otwory i zawieszki, \u017ceby ka\u017cda praca wygl\u0105da\u0142a estetycznie, a tak\u017ce nie ulega\u0142a pognieceniom czy zniszczeniu.<\/p><h2>Wydruk kalendarzy<\/h2><p>Kalendarze to rzecz, kt\u00f3ra wykorzystywana jest przede wszystkim w pracy. U\u0142atwiaj\u0105 planowanie codziennych zada\u0144 czy spotka\u0144. Nasza drukarnia zajmuje si\u0119 r\u00f3wnie\u017c projektowaniem i wydrukiem kalendarzy jednodzielnych jak i tr\u00f3jdzielnych. Najpopularniejsze w ostatnim czasie s\u0105 te drugie. Dlaczego? Widoczne s\u0105 na nim obecny, zesz\u0142y i przysz\u0142y miesi\u0105c. Ka\u017cdy z naszych kalendarzy jest w 100% projektowany i realizowany zgodnie z \u017cyczeniami klienta. Mog\u0105 by\u0107 one spersonalizowane o logo firmy lub stworzon\u0105 ju\u017c, dowoln\u0105 grafik\u0119.<\/p>\t\t\t\t\t\t<\/div>\n\t\t\t\t<\/div>\n\t\t\t\t\t<\/div>\n\t\t<\/div>\n\t\t\t\t\t<\/div>\n\t\t<\/section>\n\t\t\t\t<\/div>\n\t\t","protected":false},"excerpt":{"rendered":"<p>Drukarnia Evja Andrych\u00f3w Zajmujemy si\u0119 wydrukami wielkoformatowymi do wymiaru B1 (1020x720mm) na terenie Andrychowa. Dzi\u0119ki licznym wsp\u00f3\u0142pracom z klientami biznesowymi [&hellip;]<\/p>\n","protected":false},"author":4,"featured_media":0,"parent":0,"menu_order":0,"comment_status":"closed","ping_status":"closed","template":"elementor_header_footer","meta":{"site-sidebar-layout":"no-sidebar","site-content-layout":"","ast-site-content-layout":"full-width-container","site-content-style":"default","site-sidebar-style":"default","ast-global-header-display":"","ast-banner-title-visibility":"","ast-main-header-display":"","ast-hfb-above-header-display":"","ast-hfb-below-header-display":"","ast-hfb-mobile-header-display":"","site-post-title":"Drukarnia offset Cieszyn | evja.pl","ast-breadcrumbs-content":"","ast-featured-img":"disabled","footer-sml-layout":"","theme-transparent-header-meta":"","adv-header-id-meta":"","stick-header-meta":"","header-above-stick-meta":"","header-main-stick-meta":"","header-below-stick-meta":"","astra-migrate-meta-layouts":"default","ast-page-background-enabled":"default","ast-page-background-meta":{"desktop":{"background-color":"var(--ast-global-color-4)","background-image":"","background-repeat":"repeat","background-position":"center center","background-size":"auto","background-attachment":"scroll","background-type":"","background-media":"","overlay-type":"","overlay-color":"","overlay-opacity":"","overlay-gradient":""},"tablet":{"background-color":"","background-image":"","background-repeat":"repeat","background-position":"center center","background-size":"auto","background-attachment":"scroll","background-type":"","background-media":"","overlay-type":"","overlay-color":"","overlay-opacity":"","overlay-gradient":""},"mobile":{"background-color":"","background-image":"","background-repeat":"repeat","background-position":"center center","background-size":"auto","background-attachment":"scroll","background-type":"","background-media":"","overlay-type":"","overlay-color":"","overlay-opacity":"","overlay-gradient":""}},"ast-content-background-meta":{"desktop":{"background-color":"var(--ast-global-color-5)","background-image":"","background-repeat":"repeat","background-position":"center center","background-size":"auto","background-attachment":"scroll","background-type":"","background-media":"","overlay-type":"","overlay-color":"","overlay-opacity":"","overlay-gradient":""},"tablet":{"background-color":"var(--ast-global-color-5)","background-image":"","background-repeat":"repeat","background-position":"center center","background-size":"auto","background-attachment":"scroll","background-type":"","background-media":"","overlay-type":"","overlay-color":"","overlay-opacity":"","overlay-gradient":""},"mobile":{"background-color":"var(--ast-global-color-5)","background-image":"","background-repeat":"repeat","background-position":"center center","background-size":"auto","background-attachment":"scroll","background-type":"","background-media":"","overlay-type":"","overlay-color":"","overlay-opacity":"","overlay-gradient":""}},"footnotes":""},"class_list":["post-342","page","type-page","status-publish","hentry"],"yoast_head":"<!-- This site is optimized with the Yoast SEO plugin v23.2 - https:\/\/yoast.com\/wordpress\/plugins\/seo\/ -->\n<title>Drukarnia wielkoformatowa Andrych\u00f3w | evja.pl<\/title>\n<meta name=\"description\" content=\"Je\u015bli szukaj\u0105 Pa\u0144stwo drukarni dla najwy\u017cszej jako\u015bci prac wielkoformatowych, zapraszamy do wsp\u00f3\u0142pracy!\" \/>\n<meta name=\"robots\" content=\"index, follow, max-snippet:-1, max-image-preview:large, max-video-preview:-1\" \/>\n<link rel=\"canonical\" href=\"https:\/\/evja.pl\/index.php\/andrychow\/\" \/>\n<meta property=\"og:locale\" content=\"pl_PL\" \/>\n<meta property=\"og:type\" content=\"article\" \/>\n<meta property=\"og:title\" content=\"Drukarnia wielkoformatowa Andrych\u00f3w | evja.pl\" \/>\n<meta property=\"og:description\" content=\"Je\u015bli szukaj\u0105 Pa\u0144stwo drukarni dla najwy\u017cszej jako\u015bci prac wielkoformatowych, zapraszamy do wsp\u00f3\u0142pracy!\" \/>\n<meta property=\"og:url\" content=\"https:\/\/evja.pl\/index.php\/andrychow\/\" \/>\n<meta property=\"og:site_name\" content=\"EVJA\" \/>\n<meta property=\"article:modified_time\" content=\"2024-08-19T09:13:17+00:00\" \/>\n<meta property=\"og:image\" content=\"https:\/\/evja.pl\/wp-content\/uploads\/2024\/08\/offset-printing-macine-3634411_640.jpg\" \/>\n<meta name=\"twitter:card\" content=\"summary_large_image\" \/>\n<meta name=\"twitter:label1\" content=\"Szacowany czas czytania\" \/>\n\t<meta name=\"twitter:data1\" content=\"2 minuty\" \/>\n<script type=\"application\/ld+json\" class=\"yoast-schema-graph\">{\"@context\":\"https:\/\/schema.org\",\"@graph\":[{\"@type\":\"WebPage\",\"@id\":\"https:\/\/evja.pl\/index.php\/andrychow\/\",\"url\":\"https:\/\/evja.pl\/index.php\/andrychow\/\",\"name\":\"Drukarnia wielkoformatowa Andrych\u00f3w | evja.pl\",\"isPartOf\":{\"@id\":\"https:\/\/evja.pl\/#website\"},\"primaryImageOfPage\":{\"@id\":\"https:\/\/evja.pl\/index.php\/andrychow\/#primaryimage\"},\"image\":{\"@id\":\"https:\/\/evja.pl\/index.php\/andrychow\/#primaryimage\"},\"thumbnailUrl\":\"https:\/\/evja.pl\/wp-content\/uploads\/2024\/08\/offset-printing-macine-3634411_640.jpg\",\"datePublished\":\"2024-08-19T08:19:37+00:00\",\"dateModified\":\"2024-08-19T09:13:17+00:00\",\"description\":\"Je\u015bli szukaj\u0105 Pa\u0144stwo drukarni dla najwy\u017cszej jako\u015bci prac wielkoformatowych, zapraszamy do wsp\u00f3\u0142pracy!\",\"breadcrumb\":{\"@id\":\"https:\/\/evja.pl\/index.php\/andrychow\/#breadcrumb\"},\"inLanguage\":\"pl-PL\",\"potentialAction\":[{\"@type\":\"ReadAction\",\"target\":[\"https:\/\/evja.pl\/index.php\/andrychow\/\"]}]},{\"@type\":\"ImageObject\",\"inLanguage\":\"pl-PL\",\"@id\":\"https:\/\/evja.pl\/index.php\/andrychow\/#primaryimage\",\"url\":\"https:\/\/evja.pl\/wp-content\/uploads\/2024\/08\/offset-printing-macine-3634411_640.jpg\",\"contentUrl\":\"https:\/\/evja.pl\/wp-content\/uploads\/2024\/08\/offset-printing-macine-3634411_640.jpg\",\"width\":640,\"height\":427,\"caption\":\"druk plakatu b1\"},{\"@type\":\"BreadcrumbList\",\"@id\":\"https:\/\/evja.pl\/index.php\/andrychow\/#breadcrumb\",\"itemListElement\":[{\"@type\":\"ListItem\",\"position\":1,\"name\":\"Strona g\u0142\u00f3wna\",\"item\":\"https:\/\/evja.pl\/\"},{\"@type\":\"ListItem\",\"position\":2,\"name\":\"Andrych\u00f3w\"}]},{\"@type\":\"WebSite\",\"@id\":\"https:\/\/evja.pl\/#website\",\"url\":\"https:\/\/evja.pl\/\",\"name\":\"EVJA\",\"description\":\"\",\"publisher\":{\"@id\":\"https:\/\/evja.pl\/#organization\"},\"potentialAction\":[{\"@type\":\"SearchAction\",\"target\":{\"@type\":\"EntryPoint\",\"urlTemplate\":\"https:\/\/evja.pl\/?s={search_term_string}\"},\"query-input\":\"required name=search_term_string\"}],\"inLanguage\":\"pl-PL\"},{\"@type\":\"Organization\",\"@id\":\"https:\/\/evja.pl\/#organization\",\"name\":\"EVJA\",\"url\":\"https:\/\/evja.pl\/\",\"logo\":{\"@type\":\"ImageObject\",\"inLanguage\":\"pl-PL\",\"@id\":\"https:\/\/evja.pl\/#\/schema\/logo\/image\/\",\"url\":\"https:\/\/evja.pl\/wp-content\/uploads\/2022\/02\/cropped-cropped-evjalogomail-1.png\",\"contentUrl\":\"https:\/\/evja.pl\/wp-content\/uploads\/2022\/02\/cropped-cropped-evjalogomail-1.png\",\"width\":81,\"height\":85,\"caption\":\"EVJA\"},\"image\":{\"@id\":\"https:\/\/evja.pl\/#\/schema\/logo\/image\/\"}}]}<\/script>\n<!-- \/ Yoast SEO plugin. -->","yoast_head_json":{"title":"Drukarnia wielkoformatowa Andrych\u00f3w | evja.pl","description":"Je\u015bli szukaj\u0105 Pa\u0144stwo drukarni dla najwy\u017cszej jako\u015bci prac wielkoformatowych, zapraszamy do wsp\u00f3\u0142pracy!","robots":{"index":"index","follow":"follow","max-snippet":"max-snippet:-1","max-image-preview":"max-image-preview:large","max-video-preview":"max-video-preview:-1"},"canonical":"https:\/\/evja.pl\/index.php\/andrychow\/","og_locale":"pl_PL","og_type":"article","og_title":"Drukarnia wielkoformatowa Andrych\u00f3w | evja.pl","og_description":"Je\u015bli szukaj\u0105 Pa\u0144stwo drukarni dla najwy\u017cszej jako\u015bci prac wielkoformatowych, zapraszamy do wsp\u00f3\u0142pracy!","og_url":"https:\/\/evja.pl\/index.php\/andrychow\/","og_site_name":"EVJA","article_modified_time":"2024-08-19T09:13:17+00:00","og_image":[{"url":"https:\/\/evja.pl\/wp-content\/uploads\/2024\/08\/offset-printing-macine-3634411_640.jpg"}],"twitter_card":"summary_large_image","twitter_misc":{"Szacowany czas czytania":"2 minuty"},"schema":{"@context":"https:\/\/schema.org","@graph":[{"@type":"WebPage","@id":"https:\/\/evja.pl\/index.php\/andrychow\/","url":"https:\/\/evja.pl\/index.php\/andrychow\/","name":"Drukarnia wielkoformatowa Andrych\u00f3w | evja.pl","isPartOf":{"@id":"https:\/\/evja.pl\/#website"},"primaryImageOfPage":{"@id":"https:\/\/evja.pl\/index.php\/andrychow\/#primaryimage"},"image":{"@id":"https:\/\/evja.pl\/index.php\/andrychow\/#primaryimage"},"thumbnailUrl":"https:\/\/evja.pl\/wp-content\/uploads\/2024\/08\/offset-printing-macine-3634411_640.jpg","datePublished":"2024-08-19T08:19:37+00:00","dateModified":"2024-08-19T09:13:17+00:00","description":"Je\u015bli szukaj\u0105 Pa\u0144stwo drukarni dla najwy\u017cszej jako\u015bci prac wielkoformatowych, zapraszamy do wsp\u00f3\u0142pracy!","breadcrumb":{"@id":"https:\/\/evja.pl\/index.php\/andrychow\/#breadcrumb"},"inLanguage":"pl-PL","potentialAction":[{"@type":"ReadAction","target":["https:\/\/evja.pl\/index.php\/andrychow\/"]}]},{"@type":"ImageObject","inLanguage":"pl-PL","@id":"https:\/\/evja.pl\/index.php\/andrychow\/#primaryimage","url":"https:\/\/evja.pl\/wp-content\/uploads\/2024\/08\/offset-printing-macine-3634411_640.jpg","contentUrl":"https:\/\/evja.pl\/wp-content\/uploads\/2024\/08\/offset-printing-macine-3634411_640.jpg","width":640,"height":427,"caption":"druk plakatu b1"},{"@type":"BreadcrumbList","@id":"https:\/\/evja.pl\/index.php\/andrychow\/#breadcrumb","itemListElement":[{"@type":"ListItem","position":1,"name":"Strona g\u0142\u00f3wna","item":"https:\/\/evja.pl\/"},{"@type":"ListItem","position":2,"name":"Andrych\u00f3w"}]},{"@type":"WebSite","@id":"https:\/\/evja.pl\/#website","url":"https:\/\/evja.pl\/","name":"EVJA","description":"","publisher":{"@id":"https:\/\/evja.pl\/#organization"},"potentialAction":[{"@type":"SearchAction","target":{"@type":"EntryPoint","urlTemplate":"https:\/\/evja.pl\/?s={search_term_string}"},"query-input":"required name=search_term_string"}],"inLanguage":"pl-PL"},{"@type":"Organization","@id":"https:\/\/evja.pl\/#organization","name":"EVJA","url":"https:\/\/evja.pl\/","logo":{"@type":"ImageObject","inLanguage":"pl-PL","@id":"https:\/\/evja.pl\/#\/schema\/logo\/image\/","url":"https:\/\/evja.pl\/wp-content\/uploads\/2022\/02\/cropped-cropped-evjalogomail-1.png","contentUrl":"https:\/\/evja.pl\/wp-content\/uploads\/2022\/02\/cropped-cropped-evjalogomail-1.png","width":81,"height":85,"caption":"EVJA"},"image":{"@id":"https:\/\/evja.pl\/#\/schema\/logo\/image\/"}}]}},"_links":{"self":[{"href":"https:\/\/evja.pl\/index.php\/wp-json\/wp\/v2\/pages\/342","targetHints":{"allow":["GET"]}}],"collection":[{"href":"https:\/\/evja.pl\/index.php\/wp-json\/wp\/v2\/pages"}],"about":[{"href":"https:\/\/evja.pl\/index.php\/wp-json\/wp\/v2\/types\/page"}],"author":[{"embeddable":true,"href":"https:\/\/evja.pl\/index.php\/wp-json\/wp\/v2\/users\/4"}],"replies":[{"embeddable":true,"href":"https:\/\/evja.pl\/index.php\/wp-json\/wp\/v2\/comments?post=342"}],"version-history":[{"count":10,"href":"https:\/\/evja.pl\/index.php\/wp-json\/wp\/v2\/pages\/342\/revisions"}],"predecessor-version":[{"id":359,"href":"https:\/\/evja.pl\/index.php\/wp-json\/wp\/v2\/pages\/342\/revisions\/359"}],"wp:attachment":[{"href":"https:\/\/evja.pl\/index.php\/wp-json\/wp\/v2\/media?parent=342"}],"curies":[{"name":"wp","href":"https:\/\/api.w.org\/{rel}","templated":true}]}}