{"id":376,"date":"2024-08-22T10:58:41","date_gmt":"2024-08-22T08:58:41","guid":{"rendered":"https:\/\/evja.pl\/?page_id=376"},"modified":"2025-03-13T14:41:00","modified_gmt":"2025-03-13T13:41:00","slug":"wadowice","status":"publish","type":"page","link":"https:\/\/evja.pl\/index.php\/wadowice\/","title":{"rendered":"Wadowice"},"content":{"rendered":"\t\t<div data-elementor-type=\"wp-page\" data-elementor-id=\"376\" class=\"elementor elementor-376\">\n\t\t\t\t\t\t<section class=\"elementor-section elementor-top-section elementor-element elementor-element-af0f528 elementor-section-boxed elementor-section-height-default elementor-section-height-default\" data-id=\"af0f528\" data-element_type=\"section\">\n\t\t\t\t\t\t<div class=\"elementor-container elementor-column-gap-default\">\n\t\t\t\t\t<div class=\"elementor-column elementor-col-100 elementor-top-column elementor-element elementor-element-b44fbb3\" data-id=\"b44fbb3\" data-element_type=\"column\">\n\t\t\t<div class=\"elementor-widget-wrap elementor-element-populated\">\n\t\t\t\t\t\t<div class=\"elementor-element elementor-element-171357d elementor-widget elementor-widget-text-editor\" data-id=\"171357d\" data-element_type=\"widget\" data-widget_type=\"text-editor.default\">\n\t\t\t\t<div class=\"elementor-widget-container\">\n\t\t\t<style>\/*! elementor - v3.23.0 - 05-08-2024 *\/\n.elementor-widget-text-editor.elementor-drop-cap-view-stacked .elementor-drop-cap{background-color:#69727d;color:#fff}.elementor-widget-text-editor.elementor-drop-cap-view-framed .elementor-drop-cap{color:#69727d;border:3px solid;background-color:transparent}.elementor-widget-text-editor:not(.elementor-drop-cap-view-default) .elementor-drop-cap{margin-top:8px}.elementor-widget-text-editor:not(.elementor-drop-cap-view-default) .elementor-drop-cap-letter{width:1em;height:1em}.elementor-widget-text-editor .elementor-drop-cap{float:left;text-align:center;line-height:1;font-size:50px}.elementor-widget-text-editor .elementor-drop-cap-letter{display:inline-block}<\/style>\t\t\t\t<h1>Drukarnia &#8211; Wadowice<\/h1><p>Nasza drukarnia oferuje firmom z Wadowic profesjonalnie wykonane zlecenia. Oferujemy druk do formatu B1, kt\u00f3ry mo\u017ce mie\u0107 maksymalny wymiar 1020\u00d7720 mm. Dzi\u0119ki nowoczesnemu parkowi maszynowemu i wieloletniemu do\u015bwiadczeniu jeste\u015bmy w stanie dostarczy\u0107 druk spe\u0142niaj\u0105cy najwy\u017csze standardy jako\u015bci. To doskona\u0142y wyb\u00f3r na r\u00f3\u017cnego typu plakaty oraz banery reklamowe. Dzia\u0142amy nie tylko jako drukarnia, ale tak\u017ce introligatornia, ciesz\u0105c si\u0119 w Wadowicach uznaniem szerokiego grona klient\u00f3w.<\/p>\t\t\t\t\t\t<\/div>\n\t\t\t\t<\/div>\n\t\t\t\t\t<\/div>\n\t\t<\/div>\n\t\t\t\t\t<\/div>\n\t\t<\/section>\n\t\t\t\t<section class=\"elementor-section elementor-top-section elementor-element elementor-element-1c3b293 elementor-section-content-middle elementor-section-boxed elementor-section-height-default elementor-section-height-default\" data-id=\"1c3b293\" data-element_type=\"section\">\n\t\t\t\t\t\t<div class=\"elementor-container elementor-column-gap-no\">\n\t\t\t\t\t<div class=\"elementor-column elementor-col-50 elementor-top-column elementor-element elementor-element-74efd43\" data-id=\"74efd43\" data-element_type=\"column\">\n\t\t\t<div class=\"elementor-widget-wrap elementor-element-populated\">\n\t\t\t\t\t\t<div class=\"elementor-element elementor-element-8eeac50 elementor-widget elementor-widget-text-editor\" data-id=\"8eeac50\" data-element_type=\"widget\" data-widget_type=\"text-editor.default\">\n\t\t\t\t<div class=\"elementor-widget-container\">\n\t\t\t\t\t\t\t<h2>Druk offsetowy<\/h2><p>Dzi\u0119ki wykorzystaniu druku offsetowego osi\u0105gamy doskona\u0142\u0105 jako\u015b\u0107 i precyzj\u0119 w realizacji ma\u0142ych i du\u017cych projekt\u00f3w, do formatu B1. Je\u015bli potrzebne s\u0105 drukarnie w okolicy Wadowic, z pewno\u015bci\u0105 sprostamy wyzwaniom i odpowiednio wykonamy wszelkie zlecenia. Nowoczesna technologia pozwala nam doskonale odwzorowywa\u0107 kolory z zachowaniem ostro\u015bci detali. Znakomit\u0105 jako\u015b\u0107 druku offsetowego osi\u0105gamy z nowoczesn\u0105 maszyn\u0105 CD 102 5L, kt\u00f3ra umo\u017cliwia realizacj\u0119 projekt\u00f3w w du\u017cych nak\u0142adach. W naszej drukarni dzia\u0142amy dla firm z r\u00f3\u017cnych bran\u017c czy agencji marketingowych, tworz\u0105c estetyczne i trwa\u0142e materia\u0142y. Broszury, plakaty, ulotki czy kalendarze to jedynie cz\u0119\u015b\u0107 element\u00f3w, kt\u00f3re wykonujemy dla klient\u00f3w z Wadowic. W drukarni dbamy o terminow\u0105 realizacj\u0119 zam\u00f3wie\u0144.<\/p>\t\t\t\t\t\t<\/div>\n\t\t\t\t<\/div>\n\t\t\t\t\t<\/div>\n\t\t<\/div>\n\t\t\t\t<div class=\"elementor-column elementor-col-50 elementor-top-column elementor-element elementor-element-4610612\" data-id=\"4610612\" data-element_type=\"column\">\n\t\t\t<div class=\"elementor-widget-wrap elementor-element-populated\">\n\t\t\t\t\t\t<div class=\"elementor-element elementor-element-0f825f9 elementor-widget elementor-widget-image\" data-id=\"0f825f9\" data-element_type=\"widget\" data-widget_type=\"image.default\">\n\t\t\t\t<div class=\"elementor-widget-container\">\n\t\t\t<style>\/*! elementor - v3.23.0 - 05-08-2024 *\/\n.elementor-widget-image{text-align:center}.elementor-widget-image a{display:inline-block}.elementor-widget-image a img[src$=\".svg\"]{width:48px}.elementor-widget-image img{vertical-align:middle;display:inline-block}<\/style>\t\t\t\t\t\t\t\t\t\t<img fetchpriority=\"high\" decoding=\"async\" width=\"1024\" height=\"683\" src=\"https:\/\/evja.pl\/wp-content\/uploads\/2024\/02\/wallpaperflare.com_wallpaper-1024x683.jpg\" class=\"attachment-large size-large wp-image-236\" alt=\"plakat b1 druk\" srcset=\"https:\/\/evja.pl\/wp-content\/uploads\/2024\/02\/wallpaperflare.com_wallpaper-1024x683.jpg 1024w, https:\/\/evja.pl\/wp-content\/uploads\/2024\/02\/wallpaperflare.com_wallpaper-300x200.jpg 300w, https:\/\/evja.pl\/wp-content\/uploads\/2024\/02\/wallpaperflare.com_wallpaper-768x512.jpg 768w, https:\/\/evja.pl\/wp-content\/uploads\/2024\/02\/wallpaperflare.com_wallpaper-1536x1024.jpg 1536w, https:\/\/evja.pl\/wp-content\/uploads\/2024\/02\/wallpaperflare.com_wallpaper-2048x1365.jpg 2048w\" sizes=\"(max-width: 1024px) 100vw, 1024px\" \/>\t\t\t\t\t\t\t\t\t\t\t\t\t<\/div>\n\t\t\t\t<\/div>\n\t\t\t\t\t<\/div>\n\t\t<\/div>\n\t\t\t\t\t<\/div>\n\t\t<\/section>\n\t\t\t\t<section class=\"elementor-section elementor-top-section elementor-element elementor-element-4e950ac elementor-section-content-top elementor-section-boxed elementor-section-height-default elementor-section-height-default\" data-id=\"4e950ac\" data-element_type=\"section\">\n\t\t\t\t\t\t<div class=\"elementor-container elementor-column-gap-narrow\">\n\t\t\t\t\t<div class=\"elementor-column elementor-col-100 elementor-top-column elementor-element elementor-element-6ae46d1\" data-id=\"6ae46d1\" data-element_type=\"column\">\n\t\t\t<div class=\"elementor-widget-wrap elementor-element-populated\">\n\t\t\t\t\t\t<div class=\"elementor-element elementor-element-6ebb309 elementor-widget elementor-widget-text-editor\" data-id=\"6ebb309\" data-element_type=\"widget\" data-widget_type=\"text-editor.default\">\n\t\t\t\t<div class=\"elementor-widget-container\">\n\t\t\t\t\t\t\t<h2>Introligatornia dla firm z Wadowic<\/h2><p>Zapewniamy nie tylko druk! W Wadowicach i okolicy, jako introligatornia oferujemy kompleksowe us\u0142ugi zwi\u0105zane z opraw\u0105 oraz wyko\u0144czeniem materia\u0142\u00f3w drukowanych. Zajmujemy si\u0119 ich fachowym sk\u0142adaniem, ci\u0119ciem, zszywaniem, klejeniem, perforowaniem i laminowaniem. W introligatorni dbamy o perfekcyjne wykonanie materia\u0142\u00f3w, aby charakteryzowa\u0142y si\u0119 profesjonalnym wygl\u0105dem i trwa\u0142o\u015bci\u0105. Wytrzyma\u0142o\u015b\u0107 produkt\u00f3w zapewni im odporno\u015b\u0107 na codzienne u\u017cytkowanie. Zapraszamy do kontaktu! Przy wi\u0119kszych zam\u00f3wieniach na druk mo\u017cemy zaoferowa\u0107 opcj\u0119 negocjacji ceny, a tak\u017ce darmow\u0105 dostaw\u0119.<\/p>\t\t\t\t\t\t<\/div>\n\t\t\t\t<\/div>\n\t\t\t\t\t<\/div>\n\t\t<\/div>\n\t\t\t\t\t<\/div>\n\t\t<\/section>\n\t\t\t\t<\/div>\n\t\t","protected":false},"excerpt":{"rendered":"<p>Drukarnia &#8211; Wadowice Nasza drukarnia oferuje firmom z Wadowic profesjonalnie wykonane zlecenia. Oferujemy druk do formatu B1, kt\u00f3ry mo\u017ce mie\u0107 [&hellip;]<\/p>\n","protected":false},"author":4,"featured_media":0,"parent":0,"menu_order":0,"comment_status":"closed","ping_status":"closed","template":"elementor_header_footer","meta":{"site-sidebar-layout":"no-sidebar","site-content-layout":"","ast-site-content-layout":"full-width-container","site-content-style":"default","site-sidebar-style":"default","ast-global-header-display":"","ast-banner-title-visibility":"","ast-main-header-display":"","ast-hfb-above-header-display":"","ast-hfb-below-header-display":"","ast-hfb-mobile-header-display":"","site-post-title":"Drukarnia offset Cieszyn | evja.pl","ast-breadcrumbs-content":"","ast-featured-img":"disabled","footer-sml-layout":"","theme-transparent-header-meta":"","adv-header-id-meta":"","stick-header-meta":"","header-above-stick-meta":"","header-main-stick-meta":"","header-below-stick-meta":"","astra-migrate-meta-layouts":"default","ast-page-background-enabled":"default","ast-page-background-meta":{"desktop":{"background-color":"var(--ast-global-color-4)","background-image":"","background-repeat":"repeat","background-position":"center center","background-size":"auto","background-attachment":"scroll","background-type":"","background-media":"","overlay-type":"","overlay-color":"","overlay-opacity":"","overlay-gradient":""},"tablet":{"background-color":"","background-image":"","background-repeat":"repeat","background-position":"center center","background-size":"auto","background-attachment":"scroll","background-type":"","background-media":"","overlay-type":"","overlay-color":"","overlay-opacity":"","overlay-gradient":""},"mobile":{"background-color":"","background-image":"","background-repeat":"repeat","background-position":"center center","background-size":"auto","background-attachment":"scroll","background-type":"","background-media":"","overlay-type":"","overlay-color":"","overlay-opacity":"","overlay-gradient":""}},"ast-content-background-meta":{"desktop":{"background-color":"var(--ast-global-color-5)","background-image":"","background-repeat":"repeat","background-position":"center center","background-size":"auto","background-attachment":"scroll","background-type":"","background-media":"","overlay-type":"","overlay-color":"","overlay-opacity":"","overlay-gradient":""},"tablet":{"background-color":"var(--ast-global-color-5)","background-image":"","background-repeat":"repeat","background-position":"center center","background-size":"auto","background-attachment":"scroll","background-type":"","background-media":"","overlay-type":"","overlay-color":"","overlay-opacity":"","overlay-gradient":""},"mobile":{"background-color":"var(--ast-global-color-5)","background-image":"","background-repeat":"repeat","background-position":"center center","background-size":"auto","background-attachment":"scroll","background-type":"","background-media":"","overlay-type":"","overlay-color":"","overlay-opacity":"","overlay-gradient":""}},"footnotes":""},"class_list":["post-376","page","type-page","status-publish","hentry"],"yoast_head":"<!-- This site is optimized with the Yoast SEO plugin v23.2 - https:\/\/yoast.com\/wordpress\/plugins\/seo\/ -->\n<title>Drukarnia i introligatornia Wadowice | evja.pl<\/title>\n<meta name=\"description\" content=\"Blisko Wadowic, nasza drukarnia oferuje kompleksowe us\u0142ugi! Realizujemy perfekcyjne kalendarze, ulotki czy broszury w druku offsetowym. Sprawd\u017a!\" \/>\n<meta name=\"robots\" content=\"index, follow, max-snippet:-1, max-image-preview:large, max-video-preview:-1\" \/>\n<link rel=\"canonical\" href=\"https:\/\/evja.pl\/index.php\/wadowice\/\" \/>\n<meta property=\"og:locale\" content=\"pl_PL\" \/>\n<meta property=\"og:type\" content=\"article\" \/>\n<meta property=\"og:title\" content=\"Drukarnia i introligatornia Wadowice | evja.pl\" \/>\n<meta property=\"og:description\" content=\"Blisko Wadowic, nasza drukarnia oferuje kompleksowe us\u0142ugi! Realizujemy perfekcyjne kalendarze, ulotki czy broszury w druku offsetowym. Sprawd\u017a!\" \/>\n<meta property=\"og:url\" content=\"https:\/\/evja.pl\/index.php\/wadowice\/\" \/>\n<meta property=\"og:site_name\" content=\"EVJA\" \/>\n<meta property=\"article:modified_time\" content=\"2025-03-13T13:41:00+00:00\" \/>\n<meta property=\"og:image\" content=\"https:\/\/evja.pl\/wp-content\/uploads\/2024\/02\/wallpaperflare.com_wallpaper-1024x683.jpg\" \/>\n<meta name=\"twitter:card\" content=\"summary_large_image\" \/>\n<meta name=\"twitter:label1\" content=\"Szacowany czas czytania\" \/>\n\t<meta name=\"twitter:data1\" content=\"2 minuty\" \/>\n<script type=\"application\/ld+json\" class=\"yoast-schema-graph\">{\"@context\":\"https:\/\/schema.org\",\"@graph\":[{\"@type\":\"WebPage\",\"@id\":\"https:\/\/evja.pl\/index.php\/wadowice\/\",\"url\":\"https:\/\/evja.pl\/index.php\/wadowice\/\",\"name\":\"Drukarnia i introligatornia Wadowice | evja.pl\",\"isPartOf\":{\"@id\":\"https:\/\/evja.pl\/#website\"},\"primaryImageOfPage\":{\"@id\":\"https:\/\/evja.pl\/index.php\/wadowice\/#primaryimage\"},\"image\":{\"@id\":\"https:\/\/evja.pl\/index.php\/wadowice\/#primaryimage\"},\"thumbnailUrl\":\"https:\/\/evja.pl\/wp-content\/uploads\/2024\/02\/wallpaperflare.com_wallpaper-1024x683.jpg\",\"datePublished\":\"2024-08-22T08:58:41+00:00\",\"dateModified\":\"2025-03-13T13:41:00+00:00\",\"description\":\"Blisko Wadowic, nasza drukarnia oferuje kompleksowe us\u0142ugi! Realizujemy perfekcyjne kalendarze, ulotki czy broszury w druku offsetowym. Sprawd\u017a!\",\"breadcrumb\":{\"@id\":\"https:\/\/evja.pl\/index.php\/wadowice\/#breadcrumb\"},\"inLanguage\":\"pl-PL\",\"potentialAction\":[{\"@type\":\"ReadAction\",\"target\":[\"https:\/\/evja.pl\/index.php\/wadowice\/\"]}]},{\"@type\":\"ImageObject\",\"inLanguage\":\"pl-PL\",\"@id\":\"https:\/\/evja.pl\/index.php\/wadowice\/#primaryimage\",\"url\":\"https:\/\/evja.pl\/wp-content\/uploads\/2024\/02\/wallpaperflare.com_wallpaper-scaled.jpg\",\"contentUrl\":\"https:\/\/evja.pl\/wp-content\/uploads\/2024\/02\/wallpaperflare.com_wallpaper-scaled.jpg\",\"width\":2560,\"height\":1707,\"caption\":\"plakat b1 druk\"},{\"@type\":\"BreadcrumbList\",\"@id\":\"https:\/\/evja.pl\/index.php\/wadowice\/#breadcrumb\",\"itemListElement\":[{\"@type\":\"ListItem\",\"position\":1,\"name\":\"Strona g\u0142\u00f3wna\",\"item\":\"https:\/\/evja.pl\/\"},{\"@type\":\"ListItem\",\"position\":2,\"name\":\"Wadowice\"}]},{\"@type\":\"WebSite\",\"@id\":\"https:\/\/evja.pl\/#website\",\"url\":\"https:\/\/evja.pl\/\",\"name\":\"EVJA\",\"description\":\"\",\"publisher\":{\"@id\":\"https:\/\/evja.pl\/#organization\"},\"potentialAction\":[{\"@type\":\"SearchAction\",\"target\":{\"@type\":\"EntryPoint\",\"urlTemplate\":\"https:\/\/evja.pl\/?s={search_term_string}\"},\"query-input\":\"required name=search_term_string\"}],\"inLanguage\":\"pl-PL\"},{\"@type\":\"Organization\",\"@id\":\"https:\/\/evja.pl\/#organization\",\"name\":\"EVJA\",\"url\":\"https:\/\/evja.pl\/\",\"logo\":{\"@type\":\"ImageObject\",\"inLanguage\":\"pl-PL\",\"@id\":\"https:\/\/evja.pl\/#\/schema\/logo\/image\/\",\"url\":\"https:\/\/evja.pl\/wp-content\/uploads\/2022\/02\/cropped-cropped-evjalogomail-1.png\",\"contentUrl\":\"https:\/\/evja.pl\/wp-content\/uploads\/2022\/02\/cropped-cropped-evjalogomail-1.png\",\"width\":81,\"height\":85,\"caption\":\"EVJA\"},\"image\":{\"@id\":\"https:\/\/evja.pl\/#\/schema\/logo\/image\/\"}}]}<\/script>\n<!-- \/ Yoast SEO plugin. -->","yoast_head_json":{"title":"Drukarnia i introligatornia Wadowice | evja.pl","description":"Blisko Wadowic, nasza drukarnia oferuje kompleksowe us\u0142ugi! Realizujemy perfekcyjne kalendarze, ulotki czy broszury w druku offsetowym. Sprawd\u017a!","robots":{"index":"index","follow":"follow","max-snippet":"max-snippet:-1","max-image-preview":"max-image-preview:large","max-video-preview":"max-video-preview:-1"},"canonical":"https:\/\/evja.pl\/index.php\/wadowice\/","og_locale":"pl_PL","og_type":"article","og_title":"Drukarnia i introligatornia Wadowice | evja.pl","og_description":"Blisko Wadowic, nasza drukarnia oferuje kompleksowe us\u0142ugi! Realizujemy perfekcyjne kalendarze, ulotki czy broszury w druku offsetowym. Sprawd\u017a!","og_url":"https:\/\/evja.pl\/index.php\/wadowice\/","og_site_name":"EVJA","article_modified_time":"2025-03-13T13:41:00+00:00","og_image":[{"url":"https:\/\/evja.pl\/wp-content\/uploads\/2024\/02\/wallpaperflare.com_wallpaper-1024x683.jpg"}],"twitter_card":"summary_large_image","twitter_misc":{"Szacowany czas czytania":"2 minuty"},"schema":{"@context":"https:\/\/schema.org","@graph":[{"@type":"WebPage","@id":"https:\/\/evja.pl\/index.php\/wadowice\/","url":"https:\/\/evja.pl\/index.php\/wadowice\/","name":"Drukarnia i introligatornia Wadowice | evja.pl","isPartOf":{"@id":"https:\/\/evja.pl\/#website"},"primaryImageOfPage":{"@id":"https:\/\/evja.pl\/index.php\/wadowice\/#primaryimage"},"image":{"@id":"https:\/\/evja.pl\/index.php\/wadowice\/#primaryimage"},"thumbnailUrl":"https:\/\/evja.pl\/wp-content\/uploads\/2024\/02\/wallpaperflare.com_wallpaper-1024x683.jpg","datePublished":"2024-08-22T08:58:41+00:00","dateModified":"2025-03-13T13:41:00+00:00","description":"Blisko Wadowic, nasza drukarnia oferuje kompleksowe us\u0142ugi! Realizujemy perfekcyjne kalendarze, ulotki czy broszury w druku offsetowym. Sprawd\u017a!","breadcrumb":{"@id":"https:\/\/evja.pl\/index.php\/wadowice\/#breadcrumb"},"inLanguage":"pl-PL","potentialAction":[{"@type":"ReadAction","target":["https:\/\/evja.pl\/index.php\/wadowice\/"]}]},{"@type":"ImageObject","inLanguage":"pl-PL","@id":"https:\/\/evja.pl\/index.php\/wadowice\/#primaryimage","url":"https:\/\/evja.pl\/wp-content\/uploads\/2024\/02\/wallpaperflare.com_wallpaper-scaled.jpg","contentUrl":"https:\/\/evja.pl\/wp-content\/uploads\/2024\/02\/wallpaperflare.com_wallpaper-scaled.jpg","width":2560,"height":1707,"caption":"plakat b1 druk"},{"@type":"BreadcrumbList","@id":"https:\/\/evja.pl\/index.php\/wadowice\/#breadcrumb","itemListElement":[{"@type":"ListItem","position":1,"name":"Strona g\u0142\u00f3wna","item":"https:\/\/evja.pl\/"},{"@type":"ListItem","position":2,"name":"Wadowice"}]},{"@type":"WebSite","@id":"https:\/\/evja.pl\/#website","url":"https:\/\/evja.pl\/","name":"EVJA","description":"","publisher":{"@id":"https:\/\/evja.pl\/#organization"},"potentialAction":[{"@type":"SearchAction","target":{"@type":"EntryPoint","urlTemplate":"https:\/\/evja.pl\/?s={search_term_string}"},"query-input":"required name=search_term_string"}],"inLanguage":"pl-PL"},{"@type":"Organization","@id":"https:\/\/evja.pl\/#organization","name":"EVJA","url":"https:\/\/evja.pl\/","logo":{"@type":"ImageObject","inLanguage":"pl-PL","@id":"https:\/\/evja.pl\/#\/schema\/logo\/image\/","url":"https:\/\/evja.pl\/wp-content\/uploads\/2022\/02\/cropped-cropped-evjalogomail-1.png","contentUrl":"https:\/\/evja.pl\/wp-content\/uploads\/2022\/02\/cropped-cropped-evjalogomail-1.png","width":81,"height":85,"caption":"EVJA"},"image":{"@id":"https:\/\/evja.pl\/#\/schema\/logo\/image\/"}}]}},"_links":{"self":[{"href":"https:\/\/evja.pl\/index.php\/wp-json\/wp\/v2\/pages\/376","targetHints":{"allow":["GET"]}}],"collection":[{"href":"https:\/\/evja.pl\/index.php\/wp-json\/wp\/v2\/pages"}],"about":[{"href":"https:\/\/evja.pl\/index.php\/wp-json\/wp\/v2\/types\/page"}],"author":[{"embeddable":true,"href":"https:\/\/evja.pl\/index.php\/wp-json\/wp\/v2\/users\/4"}],"replies":[{"embeddable":true,"href":"https:\/\/evja.pl\/index.php\/wp-json\/wp\/v2\/comments?post=376"}],"version-history":[{"count":10,"href":"https:\/\/evja.pl\/index.php\/wp-json\/wp\/v2\/pages\/376\/revisions"}],"predecessor-version":[{"id":535,"href":"https:\/\/evja.pl\/index.php\/wp-json\/wp\/v2\/pages\/376\/revisions\/535"}],"wp:attachment":[{"href":"https:\/\/evja.pl\/index.php\/wp-json\/wp\/v2\/media?parent=376"}],"curies":[{"name":"wp","href":"https:\/\/api.w.org\/{rel}","templated":true}]}}