{"id":444,"date":"2025-03-13T09:33:04","date_gmt":"2025-03-13T08:33:04","guid":{"rendered":"https:\/\/evja.pl\/?page_id=444"},"modified":"2025-03-13T13:38:55","modified_gmt":"2025-03-13T12:38:55","slug":"oswiecim","status":"publish","type":"page","link":"https:\/\/evja.pl\/index.php\/oswiecim\/","title":{"rendered":"O\u015bwi\u0119cim"},"content":{"rendered":"\t\t<div data-elementor-type=\"wp-page\" data-elementor-id=\"444\" class=\"elementor elementor-444\">\n\t\t\t\t\t\t<section class=\"elementor-section elementor-top-section elementor-element elementor-element-48b20ef elementor-section-boxed elementor-section-height-default elementor-section-height-default\" data-id=\"48b20ef\" data-element_type=\"section\">\n\t\t\t\t\t\t<div class=\"elementor-container elementor-column-gap-default\">\n\t\t\t\t\t<div class=\"elementor-column elementor-col-100 elementor-top-column elementor-element elementor-element-aca891e\" data-id=\"aca891e\" data-element_type=\"column\">\n\t\t\t<div class=\"elementor-widget-wrap elementor-element-populated\">\n\t\t\t\t\t\t<div class=\"elementor-element elementor-element-cefa085 elementor-widget elementor-widget-text-editor\" data-id=\"cefa085\" data-element_type=\"widget\" data-widget_type=\"text-editor.default\">\n\t\t\t\t<div class=\"elementor-widget-container\">\n\t\t\t<style>\/*! elementor - v3.23.0 - 05-08-2024 *\/\n.elementor-widget-text-editor.elementor-drop-cap-view-stacked .elementor-drop-cap{background-color:#69727d;color:#fff}.elementor-widget-text-editor.elementor-drop-cap-view-framed .elementor-drop-cap{color:#69727d;border:3px solid;background-color:transparent}.elementor-widget-text-editor:not(.elementor-drop-cap-view-default) .elementor-drop-cap{margin-top:8px}.elementor-widget-text-editor:not(.elementor-drop-cap-view-default) .elementor-drop-cap-letter{width:1em;height:1em}.elementor-widget-text-editor .elementor-drop-cap{float:left;text-align:center;line-height:1;font-size:50px}.elementor-widget-text-editor .elementor-drop-cap-letter{display:inline-block}<\/style>\t\t\t\t<h1>Drukarnia offsetowa \u2013 O\u015bwi\u0119cim<\/h1><p>Nasza drukarnia offsetowa w Hecznarowicach oferuje us\u0142ugi firmom z O\u015bwi\u0119cimia, \u0142\u0105cz\u0105c nowoczesne technologie z do\u015bwiadczeniem bran\u017cowym. Realizujemy zlecenia wspieraj\u0105ce Pa\u0144stwa dzia\u0142ania marketingowe i biznesowe, zapewniaj\u0105c wysok\u0105 jako\u015b\u0107 i indywidualne podej\u015bcie. Tworzymy plakaty, foldery czy kalendarze tr\u00f3jdzielne, dostosowane do potrzeb, dzia\u0142aj\u0105c szybko i rzetelnie, by skutecznie wyr\u00f3\u017cni\u0107 Pa\u0144stwa firm\u0119 w regionie.<\/p>\t\t\t\t\t\t<\/div>\n\t\t\t\t<\/div>\n\t\t\t\t\t<\/div>\n\t\t<\/div>\n\t\t\t\t\t<\/div>\n\t\t<\/section>\n\t\t\t\t<section class=\"elementor-section elementor-top-section elementor-element elementor-element-fd76154 elementor-section-content-middle elementor-section-boxed elementor-section-height-default elementor-section-height-default\" data-id=\"fd76154\" data-element_type=\"section\">\n\t\t\t\t\t\t<div class=\"elementor-container elementor-column-gap-no\">\n\t\t\t\t\t<div class=\"elementor-column elementor-col-50 elementor-top-column elementor-element elementor-element-780aeba\" data-id=\"780aeba\" data-element_type=\"column\">\n\t\t\t<div class=\"elementor-widget-wrap elementor-element-populated\">\n\t\t\t\t\t\t<div class=\"elementor-element elementor-element-e26828c elementor-widget elementor-widget-text-editor\" data-id=\"e26828c\" data-element_type=\"widget\" data-widget_type=\"text-editor.default\">\n\t\t\t\t<div class=\"elementor-widget-container\">\n\t\t\t\t\t\t\t<h2>Drukarnia Evja \u2013 najwy\u017csza jako\u015b\u0107 druk\u00f3w B1 w O\u015bwi\u0119cimiu<\/h2><p>Oferujemy druk offsetowy do formatu B1 z zastosowaniem pi\u0119ciozespo\u0142owej maszyny offsetowej z sekcj\u0105 lakieru dyspersyjnego. Specjalizujemy si\u0119 w produkcji materia\u0142\u00f3w pe\u0142noformatowych, takich jak plakaty wyr\u00f3\u017cniaj\u0105ce si\u0119 trwa\u0142o\u015bci\u0105 oraz doskona\u0142\u0105 jako\u015bci\u0105. Przedsi\u0119biorcy z O\u015bwi\u0119cimia, poszukuj\u0105cy solidnej drukarni w zakresie druku B1, mog\u0105 liczy\u0107 na terminow\u0105 realizacj\u0119 i precyzyjne<\/p>\t\t\t\t\t\t<\/div>\n\t\t\t\t<\/div>\n\t\t\t\t\t<\/div>\n\t\t<\/div>\n\t\t\t\t<div class=\"elementor-column elementor-col-50 elementor-top-column elementor-element elementor-element-111d9e1\" data-id=\"111d9e1\" data-element_type=\"column\">\n\t\t\t<div class=\"elementor-widget-wrap elementor-element-populated\">\n\t\t\t\t\t\t<div class=\"elementor-element elementor-element-73099f0 elementor-widget elementor-widget-image\" data-id=\"73099f0\" data-element_type=\"widget\" data-widget_type=\"image.default\">\n\t\t\t\t<div class=\"elementor-widget-container\">\n\t\t\t<style>\/*! elementor - v3.23.0 - 05-08-2024 *\/\n.elementor-widget-image{text-align:center}.elementor-widget-image a{display:inline-block}.elementor-widget-image a img[src$=\".svg\"]{width:48px}.elementor-widget-image img{vertical-align:middle;display:inline-block}<\/style>\t\t\t\t\t\t\t\t\t\t<img fetchpriority=\"high\" decoding=\"async\" width=\"1024\" height=\"683\" src=\"https:\/\/evja.pl\/wp-content\/uploads\/2024\/02\/wallpaperflare.com_wallpaper-1024x683.jpg\" class=\"attachment-large size-large wp-image-236\" alt=\"plakat b1 druk\" srcset=\"https:\/\/evja.pl\/wp-content\/uploads\/2024\/02\/wallpaperflare.com_wallpaper-1024x683.jpg 1024w, https:\/\/evja.pl\/wp-content\/uploads\/2024\/02\/wallpaperflare.com_wallpaper-300x200.jpg 300w, https:\/\/evja.pl\/wp-content\/uploads\/2024\/02\/wallpaperflare.com_wallpaper-768x512.jpg 768w, https:\/\/evja.pl\/wp-content\/uploads\/2024\/02\/wallpaperflare.com_wallpaper-1536x1024.jpg 1536w, https:\/\/evja.pl\/wp-content\/uploads\/2024\/02\/wallpaperflare.com_wallpaper-2048x1365.jpg 2048w\" sizes=\"(max-width: 1024px) 100vw, 1024px\" \/>\t\t\t\t\t\t\t\t\t\t\t\t\t<\/div>\n\t\t\t\t<\/div>\n\t\t\t\t\t<\/div>\n\t\t<\/div>\n\t\t\t\t\t<\/div>\n\t\t<\/section>\n\t\t\t\t<section class=\"elementor-section elementor-top-section elementor-element elementor-element-d06ff72 elementor-section-content-top elementor-section-boxed elementor-section-height-default elementor-section-height-default\" data-id=\"d06ff72\" data-element_type=\"section\">\n\t\t\t\t\t\t<div class=\"elementor-container elementor-column-gap-narrow\">\n\t\t\t\t\t<div class=\"elementor-column elementor-col-100 elementor-top-column elementor-element elementor-element-7696e1e\" data-id=\"7696e1e\" data-element_type=\"column\">\n\t\t\t<div class=\"elementor-widget-wrap elementor-element-populated\">\n\t\t\t\t\t\t<div class=\"elementor-element elementor-element-fcc66c6 elementor-widget elementor-widget-text-editor\" data-id=\"fcc66c6\" data-element_type=\"widget\" data-widget_type=\"text-editor.default\">\n\t\t\t\t<div class=\"elementor-widget-container\">\n\t\t\t\t\t\t\t<h2>Na\u015bwietlanie p\u0142yt CtP<\/h2><p>Proponujemy precyzyjne na\u015bwietlanie p\u0142yt CtP z dok\u0142adno\u015bci\u0105 do 25 \u00b5m, co gwarantuje najwy\u017csz\u0105 jako\u015b\u0107 odwzorowania nawet najbardziej skomplikowanych projekt\u00f3w graficznych. Technologia ta zapewnia perfekcyjne przygotowanie materia\u0142\u00f3w do druku offsetowego. Firmy z O\u015bwi\u0119cimia mog\u0105 liczy\u0107 na profesjonalne wsparcie i niezawodn\u0105 realizacj\u0119 zlece\u0144.<\/p><h2>Druk kalendarzy \u2013 skuteczna reklama przedsi\u0119biorstwa<\/h2><p>Specjalizujemy si\u0119 w produkcji r\u00f3\u017cnorodnych wyrob\u00f3w, takich jak druk kalendarzy tr\u00f3jdzielnych, biurkowych czy \u015bciennych. Wyr\u00f3\u017cniaj\u0105 si\u0119 one solidnym wykonaniem, mo\u017cliwo\u015bci\u0105 personalizacji oraz dba\u0142o\u015bci\u0105 o ka\u017cdy detal. Dzi\u0119ki w\u0142asnej fabrykacji listew i listwowania mo\u017cemy zapewni\u0107 kompleksowe rozwi\u0105zania, kt\u00f3re zadowol\u0105 nawet najbardziej wymagaj\u0105cych klient\u00f3w.<\/p><p>Firmy z O\u015bwi\u0119cimia, poszukuj\u0105ce wysokiej jako\u015bci wydruku kalendarzy, mog\u0105 liczy\u0107 na nasz\u0105 pomoc w realizacji projekt\u00f3w wspieraj\u0105cych ich promocj\u0119 przez ca\u0142y rok. Druk kalendarzy to us\u0142uga, kt\u00f3ra \u0142\u0105czy precyzj\u0119, walory wizualne i praktyczno\u015b\u0107, pomagaj\u0105c przedsi\u0119biorstwom budowa\u0107 trwa\u0142e relacje z klientami.<\/p><h2>Pozosta\u0142e us\u0142ugi<\/h2><p>Poza drukiem B1 oraz kalendarzy, zajmujemy si\u0119 r\u00f3wnie\u017c takimi zleceniami jak:<\/p><ul><li>produkcja folder\u00f3w (bindowanie spiral\u0105 zamykan\u0105, klejenie, zszywanie, bigowanie, falcowanie),<\/li><li>foliowanie do formatu B1 i lakierowanie UV.<\/li><\/ul><p>Wyr\u00f3\u017cniamy si\u0119 na tle innych drukarni wysokim profesjonalizmem i doskona\u0142\u0105 precyzj\u0105 wykonywanych zlece\u0144. Serdecznie zapraszamy do kontaktu wszystkie zainteresowane firmy!<\/p>\t\t\t\t\t\t<\/div>\n\t\t\t\t<\/div>\n\t\t\t\t\t<\/div>\n\t\t<\/div>\n\t\t\t\t\t<\/div>\n\t\t<\/section>\n\t\t\t\t<\/div>\n\t\t","protected":false},"excerpt":{"rendered":"<p>Drukarnia offsetowa \u2013 O\u015bwi\u0119cim Nasza drukarnia offsetowa w Hecznarowicach oferuje us\u0142ugi firmom z O\u015bwi\u0119cimia, \u0142\u0105cz\u0105c nowoczesne technologie z do\u015bwiadczeniem bran\u017cowym. [&hellip;]<\/p>\n","protected":false},"author":4,"featured_media":0,"parent":0,"menu_order":0,"comment_status":"closed","ping_status":"closed","template":"","meta":{"site-sidebar-layout":"no-sidebar","site-content-layout":"","ast-site-content-layout":"full-width-container","site-content-style":"default","site-sidebar-style":"default","ast-global-header-display":"","ast-banner-title-visibility":"","ast-main-header-display":"","ast-hfb-above-header-display":"","ast-hfb-below-header-display":"","ast-hfb-mobile-header-display":"","site-post-title":"disabled","ast-breadcrumbs-content":"","ast-featured-img":"disabled","footer-sml-layout":"","theme-transparent-header-meta":"","adv-header-id-meta":"","stick-header-meta":"","header-above-stick-meta":"","header-main-stick-meta":"","header-below-stick-meta":"","astra-migrate-meta-layouts":"default","ast-page-background-enabled":"default","ast-page-background-meta":{"desktop":{"background-color":"var(--ast-global-color-4)","background-image":"","background-repeat":"repeat","background-position":"center center","background-size":"auto","background-attachment":"scroll","background-type":"","background-media":"","overlay-type":"","overlay-color":"","overlay-opacity":"","overlay-gradient":""},"tablet":{"background-color":"","background-image":"","background-repeat":"repeat","background-position":"center center","background-size":"auto","background-attachment":"scroll","background-type":"","background-media":"","overlay-type":"","overlay-color":"","overlay-opacity":"","overlay-gradient":""},"mobile":{"background-color":"","background-image":"","background-repeat":"repeat","background-position":"center center","background-size":"auto","background-attachment":"scroll","background-type":"","background-media":"","overlay-type":"","overlay-color":"","overlay-opacity":"","overlay-gradient":""}},"ast-content-background-meta":{"desktop":{"background-color":"var(--ast-global-color-5)","background-image":"","background-repeat":"repeat","background-position":"center center","background-size":"auto","background-attachment":"scroll","background-type":"","background-media":"","overlay-type":"","overlay-color":"","overlay-opacity":"","overlay-gradient":""},"tablet":{"background-color":"var(--ast-global-color-5)","background-image":"","background-repeat":"repeat","background-position":"center center","background-size":"auto","background-attachment":"scroll","background-type":"","background-media":"","overlay-type":"","overlay-color":"","overlay-opacity":"","overlay-gradient":""},"mobile":{"background-color":"var(--ast-global-color-5)","background-image":"","background-repeat":"repeat","background-position":"center center","background-size":"auto","background-attachment":"scroll","background-type":"","background-media":"","overlay-type":"","overlay-color":"","overlay-opacity":"","overlay-gradient":""}},"footnotes":""},"class_list":["post-444","page","type-page","status-publish","hentry"],"yoast_head":"<!-- This site is optimized with the Yoast SEO plugin v23.2 - https:\/\/yoast.com\/wordpress\/plugins\/seo\/ -->\n<title>Drukarnia offsetowa O\u015bwi\u0119cim | evja.pl<\/title>\n<meta name=\"description\" content=\"Drukarnia offsetowa oferuje us\u0142ugi druku B1 na najwy\u017cszym poziomie dla klient\u00f3w z O\u015bwi\u0119cimia. Zobacz, co mamy do zaoferowania i zadzwo\u0144.\" \/>\n<meta name=\"robots\" content=\"index, follow, max-snippet:-1, max-image-preview:large, max-video-preview:-1\" \/>\n<link rel=\"canonical\" href=\"https:\/\/evja.pl\/index.php\/oswiecim\/\" \/>\n<meta property=\"og:locale\" content=\"pl_PL\" \/>\n<meta property=\"og:type\" content=\"article\" \/>\n<meta property=\"og:title\" content=\"Drukarnia offsetowa O\u015bwi\u0119cim | evja.pl\" \/>\n<meta property=\"og:description\" content=\"Drukarnia offsetowa oferuje us\u0142ugi druku B1 na najwy\u017cszym poziomie dla klient\u00f3w z O\u015bwi\u0119cimia. Zobacz, co mamy do zaoferowania i zadzwo\u0144.\" \/>\n<meta property=\"og:url\" content=\"https:\/\/evja.pl\/index.php\/oswiecim\/\" \/>\n<meta property=\"og:site_name\" content=\"EVJA\" \/>\n<meta property=\"article:modified_time\" content=\"2025-03-13T12:38:55+00:00\" \/>\n<meta property=\"og:image\" content=\"https:\/\/evja.pl\/wp-content\/uploads\/2024\/02\/wallpaperflare.com_wallpaper-1024x683.jpg\" \/>\n<meta name=\"twitter:card\" content=\"summary_large_image\" \/>\n<meta name=\"twitter:label1\" content=\"Szacowany czas czytania\" \/>\n\t<meta name=\"twitter:data1\" content=\"2 minuty\" \/>\n<script type=\"application\/ld+json\" class=\"yoast-schema-graph\">{\"@context\":\"https:\/\/schema.org\",\"@graph\":[{\"@type\":\"WebPage\",\"@id\":\"https:\/\/evja.pl\/index.php\/oswiecim\/\",\"url\":\"https:\/\/evja.pl\/index.php\/oswiecim\/\",\"name\":\"Drukarnia offsetowa O\u015bwi\u0119cim | evja.pl\",\"isPartOf\":{\"@id\":\"https:\/\/evja.pl\/#website\"},\"primaryImageOfPage\":{\"@id\":\"https:\/\/evja.pl\/index.php\/oswiecim\/#primaryimage\"},\"image\":{\"@id\":\"https:\/\/evja.pl\/index.php\/oswiecim\/#primaryimage\"},\"thumbnailUrl\":\"https:\/\/evja.pl\/wp-content\/uploads\/2024\/02\/wallpaperflare.com_wallpaper-1024x683.jpg\",\"datePublished\":\"2025-03-13T08:33:04+00:00\",\"dateModified\":\"2025-03-13T12:38:55+00:00\",\"description\":\"Drukarnia offsetowa oferuje us\u0142ugi druku B1 na najwy\u017cszym poziomie dla klient\u00f3w z O\u015bwi\u0119cimia. Zobacz, co mamy do zaoferowania i zadzwo\u0144.\",\"breadcrumb\":{\"@id\":\"https:\/\/evja.pl\/index.php\/oswiecim\/#breadcrumb\"},\"inLanguage\":\"pl-PL\",\"potentialAction\":[{\"@type\":\"ReadAction\",\"target\":[\"https:\/\/evja.pl\/index.php\/oswiecim\/\"]}]},{\"@type\":\"ImageObject\",\"inLanguage\":\"pl-PL\",\"@id\":\"https:\/\/evja.pl\/index.php\/oswiecim\/#primaryimage\",\"url\":\"https:\/\/evja.pl\/wp-content\/uploads\/2024\/02\/wallpaperflare.com_wallpaper-scaled.jpg\",\"contentUrl\":\"https:\/\/evja.pl\/wp-content\/uploads\/2024\/02\/wallpaperflare.com_wallpaper-scaled.jpg\",\"width\":2560,\"height\":1707,\"caption\":\"plakat b1 druk\"},{\"@type\":\"BreadcrumbList\",\"@id\":\"https:\/\/evja.pl\/index.php\/oswiecim\/#breadcrumb\",\"itemListElement\":[{\"@type\":\"ListItem\",\"position\":1,\"name\":\"Strona g\u0142\u00f3wna\",\"item\":\"https:\/\/evja.pl\/\"},{\"@type\":\"ListItem\",\"position\":2,\"name\":\"O\u015bwi\u0119cim\"}]},{\"@type\":\"WebSite\",\"@id\":\"https:\/\/evja.pl\/#website\",\"url\":\"https:\/\/evja.pl\/\",\"name\":\"EVJA\",\"description\":\"\",\"publisher\":{\"@id\":\"https:\/\/evja.pl\/#organization\"},\"potentialAction\":[{\"@type\":\"SearchAction\",\"target\":{\"@type\":\"EntryPoint\",\"urlTemplate\":\"https:\/\/evja.pl\/?s={search_term_string}\"},\"query-input\":\"required name=search_term_string\"}],\"inLanguage\":\"pl-PL\"},{\"@type\":\"Organization\",\"@id\":\"https:\/\/evja.pl\/#organization\",\"name\":\"EVJA\",\"url\":\"https:\/\/evja.pl\/\",\"logo\":{\"@type\":\"ImageObject\",\"inLanguage\":\"pl-PL\",\"@id\":\"https:\/\/evja.pl\/#\/schema\/logo\/image\/\",\"url\":\"https:\/\/evja.pl\/wp-content\/uploads\/2022\/02\/cropped-cropped-evjalogomail-1.png\",\"contentUrl\":\"https:\/\/evja.pl\/wp-content\/uploads\/2022\/02\/cropped-cropped-evjalogomail-1.png\",\"width\":81,\"height\":85,\"caption\":\"EVJA\"},\"image\":{\"@id\":\"https:\/\/evja.pl\/#\/schema\/logo\/image\/\"}}]}<\/script>\n<!-- \/ Yoast SEO plugin. -->","yoast_head_json":{"title":"Drukarnia offsetowa O\u015bwi\u0119cim | evja.pl","description":"Drukarnia offsetowa oferuje us\u0142ugi druku B1 na najwy\u017cszym poziomie dla klient\u00f3w z O\u015bwi\u0119cimia. Zobacz, co mamy do zaoferowania i zadzwo\u0144.","robots":{"index":"index","follow":"follow","max-snippet":"max-snippet:-1","max-image-preview":"max-image-preview:large","max-video-preview":"max-video-preview:-1"},"canonical":"https:\/\/evja.pl\/index.php\/oswiecim\/","og_locale":"pl_PL","og_type":"article","og_title":"Drukarnia offsetowa O\u015bwi\u0119cim | evja.pl","og_description":"Drukarnia offsetowa oferuje us\u0142ugi druku B1 na najwy\u017cszym poziomie dla klient\u00f3w z O\u015bwi\u0119cimia. Zobacz, co mamy do zaoferowania i zadzwo\u0144.","og_url":"https:\/\/evja.pl\/index.php\/oswiecim\/","og_site_name":"EVJA","article_modified_time":"2025-03-13T12:38:55+00:00","og_image":[{"url":"https:\/\/evja.pl\/wp-content\/uploads\/2024\/02\/wallpaperflare.com_wallpaper-1024x683.jpg"}],"twitter_card":"summary_large_image","twitter_misc":{"Szacowany czas czytania":"2 minuty"},"schema":{"@context":"https:\/\/schema.org","@graph":[{"@type":"WebPage","@id":"https:\/\/evja.pl\/index.php\/oswiecim\/","url":"https:\/\/evja.pl\/index.php\/oswiecim\/","name":"Drukarnia offsetowa O\u015bwi\u0119cim | evja.pl","isPartOf":{"@id":"https:\/\/evja.pl\/#website"},"primaryImageOfPage":{"@id":"https:\/\/evja.pl\/index.php\/oswiecim\/#primaryimage"},"image":{"@id":"https:\/\/evja.pl\/index.php\/oswiecim\/#primaryimage"},"thumbnailUrl":"https:\/\/evja.pl\/wp-content\/uploads\/2024\/02\/wallpaperflare.com_wallpaper-1024x683.jpg","datePublished":"2025-03-13T08:33:04+00:00","dateModified":"2025-03-13T12:38:55+00:00","description":"Drukarnia offsetowa oferuje us\u0142ugi druku B1 na najwy\u017cszym poziomie dla klient\u00f3w z O\u015bwi\u0119cimia. Zobacz, co mamy do zaoferowania i zadzwo\u0144.","breadcrumb":{"@id":"https:\/\/evja.pl\/index.php\/oswiecim\/#breadcrumb"},"inLanguage":"pl-PL","potentialAction":[{"@type":"ReadAction","target":["https:\/\/evja.pl\/index.php\/oswiecim\/"]}]},{"@type":"ImageObject","inLanguage":"pl-PL","@id":"https:\/\/evja.pl\/index.php\/oswiecim\/#primaryimage","url":"https:\/\/evja.pl\/wp-content\/uploads\/2024\/02\/wallpaperflare.com_wallpaper-scaled.jpg","contentUrl":"https:\/\/evja.pl\/wp-content\/uploads\/2024\/02\/wallpaperflare.com_wallpaper-scaled.jpg","width":2560,"height":1707,"caption":"plakat b1 druk"},{"@type":"BreadcrumbList","@id":"https:\/\/evja.pl\/index.php\/oswiecim\/#breadcrumb","itemListElement":[{"@type":"ListItem","position":1,"name":"Strona g\u0142\u00f3wna","item":"https:\/\/evja.pl\/"},{"@type":"ListItem","position":2,"name":"O\u015bwi\u0119cim"}]},{"@type":"WebSite","@id":"https:\/\/evja.pl\/#website","url":"https:\/\/evja.pl\/","name":"EVJA","description":"","publisher":{"@id":"https:\/\/evja.pl\/#organization"},"potentialAction":[{"@type":"SearchAction","target":{"@type":"EntryPoint","urlTemplate":"https:\/\/evja.pl\/?s={search_term_string}"},"query-input":"required name=search_term_string"}],"inLanguage":"pl-PL"},{"@type":"Organization","@id":"https:\/\/evja.pl\/#organization","name":"EVJA","url":"https:\/\/evja.pl\/","logo":{"@type":"ImageObject","inLanguage":"pl-PL","@id":"https:\/\/evja.pl\/#\/schema\/logo\/image\/","url":"https:\/\/evja.pl\/wp-content\/uploads\/2022\/02\/cropped-cropped-evjalogomail-1.png","contentUrl":"https:\/\/evja.pl\/wp-content\/uploads\/2022\/02\/cropped-cropped-evjalogomail-1.png","width":81,"height":85,"caption":"EVJA"},"image":{"@id":"https:\/\/evja.pl\/#\/schema\/logo\/image\/"}}]}},"_links":{"self":[{"href":"https:\/\/evja.pl\/index.php\/wp-json\/wp\/v2\/pages\/444","targetHints":{"allow":["GET"]}}],"collection":[{"href":"https:\/\/evja.pl\/index.php\/wp-json\/wp\/v2\/pages"}],"about":[{"href":"https:\/\/evja.pl\/index.php\/wp-json\/wp\/v2\/types\/page"}],"author":[{"embeddable":true,"href":"https:\/\/evja.pl\/index.php\/wp-json\/wp\/v2\/users\/4"}],"replies":[{"embeddable":true,"href":"https:\/\/evja.pl\/index.php\/wp-json\/wp\/v2\/comments?post=444"}],"version-history":[{"count":7,"href":"https:\/\/evja.pl\/index.php\/wp-json\/wp\/v2\/pages\/444\/revisions"}],"predecessor-version":[{"id":523,"href":"https:\/\/evja.pl\/index.php\/wp-json\/wp\/v2\/pages\/444\/revisions\/523"}],"wp:attachment":[{"href":"https:\/\/evja.pl\/index.php\/wp-json\/wp\/v2\/media?parent=444"}],"curies":[{"name":"wp","href":"https:\/\/api.w.org\/{rel}","templated":true}]}}