{"id":450,"date":"2025-03-13T10:02:29","date_gmt":"2025-03-13T09:02:29","guid":{"rendered":"https:\/\/evja.pl\/?page_id=450"},"modified":"2025-03-13T13:33:57","modified_gmt":"2025-03-13T12:33:57","slug":"pszczyna","status":"publish","type":"page","link":"https:\/\/evja.pl\/index.php\/pszczyna\/","title":{"rendered":"Pszczyna"},"content":{"rendered":"\t\t<div data-elementor-type=\"wp-page\" data-elementor-id=\"450\" class=\"elementor elementor-450\">\n\t\t\t\t\t\t<section class=\"elementor-section elementor-top-section elementor-element elementor-element-ee2fa12 elementor-section-boxed elementor-section-height-default elementor-section-height-default\" data-id=\"ee2fa12\" data-element_type=\"section\">\n\t\t\t\t\t\t<div class=\"elementor-container elementor-column-gap-default\">\n\t\t\t\t\t<div class=\"elementor-column elementor-col-100 elementor-top-column elementor-element elementor-element-afdaccb\" data-id=\"afdaccb\" data-element_type=\"column\">\n\t\t\t<div class=\"elementor-widget-wrap elementor-element-populated\">\n\t\t\t\t\t\t<div class=\"elementor-element elementor-element-02e79c8 elementor-widget elementor-widget-text-editor\" data-id=\"02e79c8\" data-element_type=\"widget\" data-widget_type=\"text-editor.default\">\n\t\t\t\t<div class=\"elementor-widget-container\">\n\t\t\t<style>\/*! elementor - v3.23.0 - 05-08-2024 *\/\n.elementor-widget-text-editor.elementor-drop-cap-view-stacked .elementor-drop-cap{background-color:#69727d;color:#fff}.elementor-widget-text-editor.elementor-drop-cap-view-framed .elementor-drop-cap{color:#69727d;border:3px solid;background-color:transparent}.elementor-widget-text-editor:not(.elementor-drop-cap-view-default) .elementor-drop-cap{margin-top:8px}.elementor-widget-text-editor:not(.elementor-drop-cap-view-default) .elementor-drop-cap-letter{width:1em;height:1em}.elementor-widget-text-editor .elementor-drop-cap{float:left;text-align:center;line-height:1;font-size:50px}.elementor-widget-text-editor .elementor-drop-cap-letter{display:inline-block}<\/style>\t\t\t\t<h1>Pszczyna \u2013 drukarnia offsetowa<\/h1><p>Jako drukarnia offsetowa z siedzib\u0105 w Hecznarowicach oferujemy kompleksowe us\u0142ugi poligraficzne spe\u0142niaj\u0105ce oczekiwania najbardziej wymagaj\u0105cych klient\u00f3w biznesowych. Nasze do\u015bwiadczenie, nowoczesny park maszynowy oraz dba\u0142o\u015b\u0107 o szczeg\u00f3\u0142y pozwalaj\u0105 dostarcza\u0107 produkty skutecznie wspieraj\u0105ce dzia\u0142ania reklamowe i promocyjne Pa\u0144stwa firmy. Obs\u0142ugujemy r\u00f3wnie\u017c przedsi\u0119biorstwa z Pszczyny, zapewniaj\u0105c wysok\u0105 jako\u015b\u0107 realizacji oraz terminowo\u015b\u0107 ka\u017cdego zam\u00f3wienia.<\/p><p>Zach\u0119camy do zapoznania si\u0119 z nasz\u0105 ofert\u0105 i odkrycia, jak mo\u017cemy pom\u00f3c Pa\u0144stwa firmie wyr\u00f3\u017cni\u0107 si\u0119 na tle konkurencji!<\/p>\t\t\t\t\t\t<\/div>\n\t\t\t\t<\/div>\n\t\t\t\t\t<\/div>\n\t\t<\/div>\n\t\t\t\t\t<\/div>\n\t\t<\/section>\n\t\t\t\t<section class=\"elementor-section elementor-top-section elementor-element elementor-element-3ec85e1 elementor-section-content-middle elementor-section-boxed elementor-section-height-default elementor-section-height-default\" data-id=\"3ec85e1\" data-element_type=\"section\">\n\t\t\t\t\t\t<div class=\"elementor-container elementor-column-gap-no\">\n\t\t\t\t\t<div class=\"elementor-column elementor-col-50 elementor-top-column elementor-element elementor-element-8bb6ae9\" data-id=\"8bb6ae9\" data-element_type=\"column\">\n\t\t\t<div class=\"elementor-widget-wrap elementor-element-populated\">\n\t\t\t\t\t\t<div class=\"elementor-element elementor-element-c0e2b5b elementor-widget elementor-widget-text-editor\" data-id=\"c0e2b5b\" data-element_type=\"widget\" data-widget_type=\"text-editor.default\">\n\t\t\t\t<div class=\"elementor-widget-container\">\n\t\t\t\t\t\t\t<h2>Drukarnia Evja \u2013 profesjonalny wydruk w formacie B1 <\/h2><p>Nasza drukarnia proponuje druk w formacie B1 dla klient\u00f3w z Pszczyny. \u0141\u0105czy on w sobie precyzj\u0119 wykonania z doskona\u0142\u0105 jako\u015bci\u0105 kolor\u00f3w. Dzi\u0119ki zastosowaniu pi\u0119ciozespo\u0142owej maszyny offsetowej wraz z zespo\u0142em lakieruj\u0105cym, nasze wydruki cechuj\u0105 si\u0119 wyj\u0105tkow\u0105 trwa\u0142o\u015bci\u0105, a to czyni je idealnym wyborem dla firm. Wykonujemy mi\u0119dzy innymi plakaty, foldery czy materia\u0142y reklamowe skutecznie wspieraj\u0105ce dzia\u0142ania promocyjne Pa\u0144stwa biznesu.<\/p>\t\t\t\t\t\t<\/div>\n\t\t\t\t<\/div>\n\t\t\t\t\t<\/div>\n\t\t<\/div>\n\t\t\t\t<div class=\"elementor-column elementor-col-50 elementor-top-column elementor-element elementor-element-c8105f3\" data-id=\"c8105f3\" data-element_type=\"column\">\n\t\t\t<div class=\"elementor-widget-wrap elementor-element-populated\">\n\t\t\t\t\t\t<div class=\"elementor-element elementor-element-143c823 elementor-widget elementor-widget-image\" data-id=\"143c823\" data-element_type=\"widget\" data-widget_type=\"image.default\">\n\t\t\t\t<div class=\"elementor-widget-container\">\n\t\t\t<style>\/*! elementor - v3.23.0 - 05-08-2024 *\/\n.elementor-widget-image{text-align:center}.elementor-widget-image a{display:inline-block}.elementor-widget-image a img[src$=\".svg\"]{width:48px}.elementor-widget-image img{vertical-align:middle;display:inline-block}<\/style>\t\t\t\t\t\t\t\t\t\t<img fetchpriority=\"high\" decoding=\"async\" width=\"1024\" height=\"683\" src=\"https:\/\/evja.pl\/wp-content\/uploads\/2024\/02\/wallpaperflare.com_wallpaper-1024x683.jpg\" class=\"attachment-large size-large wp-image-236\" alt=\"plakat b1 druk\" srcset=\"https:\/\/evja.pl\/wp-content\/uploads\/2024\/02\/wallpaperflare.com_wallpaper-1024x683.jpg 1024w, https:\/\/evja.pl\/wp-content\/uploads\/2024\/02\/wallpaperflare.com_wallpaper-300x200.jpg 300w, https:\/\/evja.pl\/wp-content\/uploads\/2024\/02\/wallpaperflare.com_wallpaper-768x512.jpg 768w, https:\/\/evja.pl\/wp-content\/uploads\/2024\/02\/wallpaperflare.com_wallpaper-1536x1024.jpg 1536w, https:\/\/evja.pl\/wp-content\/uploads\/2024\/02\/wallpaperflare.com_wallpaper-2048x1365.jpg 2048w\" sizes=\"(max-width: 1024px) 100vw, 1024px\" \/>\t\t\t\t\t\t\t\t\t\t\t\t\t<\/div>\n\t\t\t\t<\/div>\n\t\t\t\t\t<\/div>\n\t\t<\/div>\n\t\t\t\t\t<\/div>\n\t\t<\/section>\n\t\t\t\t<section class=\"elementor-section elementor-top-section elementor-element elementor-element-14680ca elementor-section-content-top elementor-section-boxed elementor-section-height-default elementor-section-height-default\" data-id=\"14680ca\" data-element_type=\"section\">\n\t\t\t\t\t\t<div class=\"elementor-container elementor-column-gap-narrow\">\n\t\t\t\t\t<div class=\"elementor-column elementor-col-100 elementor-top-column elementor-element elementor-element-0dfb382\" data-id=\"0dfb382\" data-element_type=\"column\">\n\t\t\t<div class=\"elementor-widget-wrap elementor-element-populated\">\n\t\t\t\t\t\t<div class=\"elementor-element elementor-element-ad98059 elementor-widget elementor-widget-text-editor\" data-id=\"ad98059\" data-element_type=\"widget\" data-widget_type=\"text-editor.default\">\n\t\t\t\t<div class=\"elementor-widget-container\">\n\t\t\t\t\t\t\t<h2>Foliowanie i lakierowanie UV<\/h2><p>Oferujemy Pa\u0144stwu us\u0142ugi foliowania oraz lakierowania UV, kt\u00f3re pozwalaj\u0105 nada\u0107 drukowanym materia\u0142om wyj\u0105tkow\u0105 trwa\u0142o\u015b\u0107 i elegancki wygl\u0105d. Foliowanie, dost\u0119pne do formatu B1, chroni wydruki przed uszkodzeniami mechanicznymi i wilgoci\u0105, natomiast lakierowanie UV podkre\u015bla g\u0142\u0119bi\u0119 kolor\u00f3w i detali graficznych. To doskona\u0142y wyb\u00f3r dla firm z Pszczyny, chc\u0105cych wyr\u00f3\u017cni\u0107 swoje materia\u0142y promocyjne lub katalogi.<\/p><h2>Druk kalendarzy \u2013 narz\u0119dzia promocyjne w najlepszym wydaniu dla firm z Pszczyny<\/h2><p>Specjalizujemy si\u0119 w druku r\u00f3\u017cnorodnych kalendarzy, kt\u00f3re stanowi\u0105 praktyczne i efektowne narz\u0119dzie promocji dla Pa\u0144stwa firmy. W naszej ofercie znajd\u0105 Pa\u0144stwo kalendarze tr\u00f3jdzielne, jednodzielne oraz druki personalizowane, a tak\u017ce wiele innych rodzaj\u00f3w dostosowanych do indywidualnych potrzeb. Wszystkie projekty realizujemy z dba\u0142o\u015bci\u0105 o ka\u017cdy szczeg\u00f3\u0142, gwarantuj\u0105c wysok\u0105 jako\u015b\u0107 wykonania.<\/p><h2>Listwowanie i produkcja listew<\/h2><p>Uzupe\u0142nieniem naszej oferty jest profesjonalne listwowanie ka\u017cdego kalendarza oraz produkcja listew. Nadaj\u0105 one naszym wyrobom trwa\u0142o\u015b\u0107 i elegancj\u0119. Listwowanie wzmacnia ich konstrukcj\u0119, a to czyni je praktycznym rozwi\u0105zaniem w codziennym u\u017cytku. Wytwarzamy r\u00f3wnie\u017c listwy dostosowane do indywidualnych wymaga\u0144, co pozwala na pe\u0142n\u0105 personalizacj\u0119 zam\u00f3wie\u0144.<\/p><h2>Co jeszcze oferujemy?<\/h2><p>Poza wspomnianymi us\u0142ugami nasza oferta obejmuje r\u00f3wnie\u017c:<\/p><ul><li>na\u015bwietlanie p\u0142yt CtP,<\/li><li>produkcj\u0119 folder\u00f3w, ksi\u0105\u017cek <\/li><li>produkcj\u0119 kalendarzy biurkowych oraz \u015bciennych<\/li><li>opakowania kartonowe<\/li><li>ulotki reklamowe<\/li><li>druki samokopiuj\u0105ce<\/li><li>metki i przywieszki<\/li><\/ul><p>Na tle innych drukarni wyr\u00f3\u017cniamy si\u0119 profesjonalizmem i wyj\u0105tkow\u0105 dba\u0142o\u015bci\u0105 o detale. Ka\u017cdy produkt jest dopracowany z najwy\u017csz\u0105 staranno\u015bci\u0105 tak, \u017ceby dopasowa\u0107 go do potrzeb i wymaga\u0144 klienta.<\/p>\t\t\t\t\t\t<\/div>\n\t\t\t\t<\/div>\n\t\t\t\t\t<\/div>\n\t\t<\/div>\n\t\t\t\t\t<\/div>\n\t\t<\/section>\n\t\t\t\t<\/div>\n\t\t","protected":false},"excerpt":{"rendered":"<p>Pszczyna \u2013 drukarnia offsetowa Jako drukarnia offsetowa z siedzib\u0105 w Hecznarowicach oferujemy kompleksowe us\u0142ugi poligraficzne spe\u0142niaj\u0105ce oczekiwania najbardziej wymagaj\u0105cych klient\u00f3w [&hellip;]<\/p>\n","protected":false},"author":4,"featured_media":0,"parent":0,"menu_order":0,"comment_status":"closed","ping_status":"closed","template":"","meta":{"site-sidebar-layout":"no-sidebar","site-content-layout":"","ast-site-content-layout":"full-width-container","site-content-style":"default","site-sidebar-style":"default","ast-global-header-display":"","ast-banner-title-visibility":"","ast-main-header-display":"","ast-hfb-above-header-display":"","ast-hfb-below-header-display":"","ast-hfb-mobile-header-display":"","site-post-title":"disabled","ast-breadcrumbs-content":"","ast-featured-img":"disabled","footer-sml-layout":"","theme-transparent-header-meta":"","adv-header-id-meta":"","stick-header-meta":"","header-above-stick-meta":"","header-main-stick-meta":"","header-below-stick-meta":"","astra-migrate-meta-layouts":"default","ast-page-background-enabled":"default","ast-page-background-meta":{"desktop":{"background-color":"var(--ast-global-color-4)","background-image":"","background-repeat":"repeat","background-position":"center center","background-size":"auto","background-attachment":"scroll","background-type":"","background-media":"","overlay-type":"","overlay-color":"","overlay-opacity":"","overlay-gradient":""},"tablet":{"background-color":"","background-image":"","background-repeat":"repeat","background-position":"center center","background-size":"auto","background-attachment":"scroll","background-type":"","background-media":"","overlay-type":"","overlay-color":"","overlay-opacity":"","overlay-gradient":""},"mobile":{"background-color":"","background-image":"","background-repeat":"repeat","background-position":"center center","background-size":"auto","background-attachment":"scroll","background-type":"","background-media":"","overlay-type":"","overlay-color":"","overlay-opacity":"","overlay-gradient":""}},"ast-content-background-meta":{"desktop":{"background-color":"var(--ast-global-color-5)","background-image":"","background-repeat":"repeat","background-position":"center center","background-size":"auto","background-attachment":"scroll","background-type":"","background-media":"","overlay-type":"","overlay-color":"","overlay-opacity":"","overlay-gradient":""},"tablet":{"background-color":"var(--ast-global-color-5)","background-image":"","background-repeat":"repeat","background-position":"center center","background-size":"auto","background-attachment":"scroll","background-type":"","background-media":"","overlay-type":"","overlay-color":"","overlay-opacity":"","overlay-gradient":""},"mobile":{"background-color":"var(--ast-global-color-5)","background-image":"","background-repeat":"repeat","background-position":"center center","background-size":"auto","background-attachment":"scroll","background-type":"","background-media":"","overlay-type":"","overlay-color":"","overlay-opacity":"","overlay-gradient":""}},"footnotes":""},"class_list":["post-450","page","type-page","status-publish","hentry"],"yoast_head":"<!-- This site is optimized with the Yoast SEO plugin v23.2 - https:\/\/yoast.com\/wordpress\/plugins\/seo\/ -->\n<title>Drukarnia offsetowa Pszczyna | evja.pl<\/title>\n<meta name=\"description\" content=\"Sprawd\u017a ofert\u0119 kalendarzy tr\u00f3jdzielnych drukowanych przez nasz\u0105 firm\u0119 i zam\u00f3w personalizowane produkty ju\u017c dzi\u015b!\" \/>\n<meta name=\"robots\" content=\"index, follow, max-snippet:-1, max-image-preview:large, max-video-preview:-1\" \/>\n<link rel=\"canonical\" href=\"https:\/\/evja.pl\/index.php\/pszczyna\/\" \/>\n<meta property=\"og:locale\" content=\"pl_PL\" \/>\n<meta property=\"og:type\" content=\"article\" \/>\n<meta property=\"og:title\" content=\"Drukarnia offsetowa Pszczyna | evja.pl\" \/>\n<meta property=\"og:description\" content=\"Sprawd\u017a ofert\u0119 kalendarzy tr\u00f3jdzielnych drukowanych przez nasz\u0105 firm\u0119 i zam\u00f3w personalizowane produkty ju\u017c dzi\u015b!\" \/>\n<meta property=\"og:url\" content=\"https:\/\/evja.pl\/index.php\/pszczyna\/\" \/>\n<meta property=\"og:site_name\" content=\"EVJA\" \/>\n<meta property=\"article:modified_time\" content=\"2025-03-13T12:33:57+00:00\" \/>\n<meta property=\"og:image\" content=\"https:\/\/evja.pl\/wp-content\/uploads\/2024\/02\/wallpaperflare.com_wallpaper-1024x683.jpg\" \/>\n<meta name=\"twitter:card\" content=\"summary_large_image\" \/>\n<meta name=\"twitter:label1\" content=\"Szacowany czas czytania\" \/>\n\t<meta name=\"twitter:data1\" content=\"3 minuty\" \/>\n<script type=\"application\/ld+json\" class=\"yoast-schema-graph\">{\"@context\":\"https:\/\/schema.org\",\"@graph\":[{\"@type\":\"WebPage\",\"@id\":\"https:\/\/evja.pl\/index.php\/pszczyna\/\",\"url\":\"https:\/\/evja.pl\/index.php\/pszczyna\/\",\"name\":\"Drukarnia offsetowa Pszczyna | evja.pl\",\"isPartOf\":{\"@id\":\"https:\/\/evja.pl\/#website\"},\"primaryImageOfPage\":{\"@id\":\"https:\/\/evja.pl\/index.php\/pszczyna\/#primaryimage\"},\"image\":{\"@id\":\"https:\/\/evja.pl\/index.php\/pszczyna\/#primaryimage\"},\"thumbnailUrl\":\"https:\/\/evja.pl\/wp-content\/uploads\/2024\/02\/wallpaperflare.com_wallpaper-1024x683.jpg\",\"datePublished\":\"2025-03-13T09:02:29+00:00\",\"dateModified\":\"2025-03-13T12:33:57+00:00\",\"description\":\"Sprawd\u017a ofert\u0119 kalendarzy tr\u00f3jdzielnych drukowanych przez nasz\u0105 firm\u0119 i zam\u00f3w personalizowane produkty ju\u017c dzi\u015b!\",\"breadcrumb\":{\"@id\":\"https:\/\/evja.pl\/index.php\/pszczyna\/#breadcrumb\"},\"inLanguage\":\"pl-PL\",\"potentialAction\":[{\"@type\":\"ReadAction\",\"target\":[\"https:\/\/evja.pl\/index.php\/pszczyna\/\"]}]},{\"@type\":\"ImageObject\",\"inLanguage\":\"pl-PL\",\"@id\":\"https:\/\/evja.pl\/index.php\/pszczyna\/#primaryimage\",\"url\":\"https:\/\/evja.pl\/wp-content\/uploads\/2024\/02\/wallpaperflare.com_wallpaper-scaled.jpg\",\"contentUrl\":\"https:\/\/evja.pl\/wp-content\/uploads\/2024\/02\/wallpaperflare.com_wallpaper-scaled.jpg\",\"width\":2560,\"height\":1707,\"caption\":\"plakat b1 druk\"},{\"@type\":\"BreadcrumbList\",\"@id\":\"https:\/\/evja.pl\/index.php\/pszczyna\/#breadcrumb\",\"itemListElement\":[{\"@type\":\"ListItem\",\"position\":1,\"name\":\"Strona g\u0142\u00f3wna\",\"item\":\"https:\/\/evja.pl\/\"},{\"@type\":\"ListItem\",\"position\":2,\"name\":\"Pszczyna\"}]},{\"@type\":\"WebSite\",\"@id\":\"https:\/\/evja.pl\/#website\",\"url\":\"https:\/\/evja.pl\/\",\"name\":\"EVJA\",\"description\":\"\",\"publisher\":{\"@id\":\"https:\/\/evja.pl\/#organization\"},\"potentialAction\":[{\"@type\":\"SearchAction\",\"target\":{\"@type\":\"EntryPoint\",\"urlTemplate\":\"https:\/\/evja.pl\/?s={search_term_string}\"},\"query-input\":\"required name=search_term_string\"}],\"inLanguage\":\"pl-PL\"},{\"@type\":\"Organization\",\"@id\":\"https:\/\/evja.pl\/#organization\",\"name\":\"EVJA\",\"url\":\"https:\/\/evja.pl\/\",\"logo\":{\"@type\":\"ImageObject\",\"inLanguage\":\"pl-PL\",\"@id\":\"https:\/\/evja.pl\/#\/schema\/logo\/image\/\",\"url\":\"https:\/\/evja.pl\/wp-content\/uploads\/2022\/02\/cropped-cropped-evjalogomail-1.png\",\"contentUrl\":\"https:\/\/evja.pl\/wp-content\/uploads\/2022\/02\/cropped-cropped-evjalogomail-1.png\",\"width\":81,\"height\":85,\"caption\":\"EVJA\"},\"image\":{\"@id\":\"https:\/\/evja.pl\/#\/schema\/logo\/image\/\"}}]}<\/script>\n<!-- \/ Yoast SEO plugin. -->","yoast_head_json":{"title":"Drukarnia offsetowa Pszczyna | evja.pl","description":"Sprawd\u017a ofert\u0119 kalendarzy tr\u00f3jdzielnych drukowanych przez nasz\u0105 firm\u0119 i zam\u00f3w personalizowane produkty ju\u017c dzi\u015b!","robots":{"index":"index","follow":"follow","max-snippet":"max-snippet:-1","max-image-preview":"max-image-preview:large","max-video-preview":"max-video-preview:-1"},"canonical":"https:\/\/evja.pl\/index.php\/pszczyna\/","og_locale":"pl_PL","og_type":"article","og_title":"Drukarnia offsetowa Pszczyna | evja.pl","og_description":"Sprawd\u017a ofert\u0119 kalendarzy tr\u00f3jdzielnych drukowanych przez nasz\u0105 firm\u0119 i zam\u00f3w personalizowane produkty ju\u017c dzi\u015b!","og_url":"https:\/\/evja.pl\/index.php\/pszczyna\/","og_site_name":"EVJA","article_modified_time":"2025-03-13T12:33:57+00:00","og_image":[{"url":"https:\/\/evja.pl\/wp-content\/uploads\/2024\/02\/wallpaperflare.com_wallpaper-1024x683.jpg"}],"twitter_card":"summary_large_image","twitter_misc":{"Szacowany czas czytania":"3 minuty"},"schema":{"@context":"https:\/\/schema.org","@graph":[{"@type":"WebPage","@id":"https:\/\/evja.pl\/index.php\/pszczyna\/","url":"https:\/\/evja.pl\/index.php\/pszczyna\/","name":"Drukarnia offsetowa Pszczyna | evja.pl","isPartOf":{"@id":"https:\/\/evja.pl\/#website"},"primaryImageOfPage":{"@id":"https:\/\/evja.pl\/index.php\/pszczyna\/#primaryimage"},"image":{"@id":"https:\/\/evja.pl\/index.php\/pszczyna\/#primaryimage"},"thumbnailUrl":"https:\/\/evja.pl\/wp-content\/uploads\/2024\/02\/wallpaperflare.com_wallpaper-1024x683.jpg","datePublished":"2025-03-13T09:02:29+00:00","dateModified":"2025-03-13T12:33:57+00:00","description":"Sprawd\u017a ofert\u0119 kalendarzy tr\u00f3jdzielnych drukowanych przez nasz\u0105 firm\u0119 i zam\u00f3w personalizowane produkty ju\u017c dzi\u015b!","breadcrumb":{"@id":"https:\/\/evja.pl\/index.php\/pszczyna\/#breadcrumb"},"inLanguage":"pl-PL","potentialAction":[{"@type":"ReadAction","target":["https:\/\/evja.pl\/index.php\/pszczyna\/"]}]},{"@type":"ImageObject","inLanguage":"pl-PL","@id":"https:\/\/evja.pl\/index.php\/pszczyna\/#primaryimage","url":"https:\/\/evja.pl\/wp-content\/uploads\/2024\/02\/wallpaperflare.com_wallpaper-scaled.jpg","contentUrl":"https:\/\/evja.pl\/wp-content\/uploads\/2024\/02\/wallpaperflare.com_wallpaper-scaled.jpg","width":2560,"height":1707,"caption":"plakat b1 druk"},{"@type":"BreadcrumbList","@id":"https:\/\/evja.pl\/index.php\/pszczyna\/#breadcrumb","itemListElement":[{"@type":"ListItem","position":1,"name":"Strona g\u0142\u00f3wna","item":"https:\/\/evja.pl\/"},{"@type":"ListItem","position":2,"name":"Pszczyna"}]},{"@type":"WebSite","@id":"https:\/\/evja.pl\/#website","url":"https:\/\/evja.pl\/","name":"EVJA","description":"","publisher":{"@id":"https:\/\/evja.pl\/#organization"},"potentialAction":[{"@type":"SearchAction","target":{"@type":"EntryPoint","urlTemplate":"https:\/\/evja.pl\/?s={search_term_string}"},"query-input":"required name=search_term_string"}],"inLanguage":"pl-PL"},{"@type":"Organization","@id":"https:\/\/evja.pl\/#organization","name":"EVJA","url":"https:\/\/evja.pl\/","logo":{"@type":"ImageObject","inLanguage":"pl-PL","@id":"https:\/\/evja.pl\/#\/schema\/logo\/image\/","url":"https:\/\/evja.pl\/wp-content\/uploads\/2022\/02\/cropped-cropped-evjalogomail-1.png","contentUrl":"https:\/\/evja.pl\/wp-content\/uploads\/2022\/02\/cropped-cropped-evjalogomail-1.png","width":81,"height":85,"caption":"EVJA"},"image":{"@id":"https:\/\/evja.pl\/#\/schema\/logo\/image\/"}}]}},"_links":{"self":[{"href":"https:\/\/evja.pl\/index.php\/wp-json\/wp\/v2\/pages\/450","targetHints":{"allow":["GET"]}}],"collection":[{"href":"https:\/\/evja.pl\/index.php\/wp-json\/wp\/v2\/pages"}],"about":[{"href":"https:\/\/evja.pl\/index.php\/wp-json\/wp\/v2\/types\/page"}],"author":[{"embeddable":true,"href":"https:\/\/evja.pl\/index.php\/wp-json\/wp\/v2\/users\/4"}],"replies":[{"embeddable":true,"href":"https:\/\/evja.pl\/index.php\/wp-json\/wp\/v2\/comments?post=450"}],"version-history":[{"count":10,"href":"https:\/\/evja.pl\/index.php\/wp-json\/wp\/v2\/pages\/450\/revisions"}],"predecessor-version":[{"id":520,"href":"https:\/\/evja.pl\/index.php\/wp-json\/wp\/v2\/pages\/450\/revisions\/520"}],"wp:attachment":[{"href":"https:\/\/evja.pl\/index.php\/wp-json\/wp\/v2\/media?parent=450"}],"curies":[{"name":"wp","href":"https:\/\/api.w.org\/{rel}","templated":true}]}}