{"id":459,"date":"2025-03-13T10:20:34","date_gmt":"2025-03-13T09:20:34","guid":{"rendered":"https:\/\/evja.pl\/?page_id=459"},"modified":"2025-03-13T10:23:26","modified_gmt":"2025-03-13T09:23:26","slug":"skoczow","status":"publish","type":"page","link":"https:\/\/evja.pl\/index.php\/skoczow\/","title":{"rendered":"Skocz\u00f3w"},"content":{"rendered":"\t\t<div data-elementor-type=\"wp-page\" data-elementor-id=\"459\" class=\"elementor elementor-459\">\n\t\t\t\t\t\t<section class=\"elementor-section elementor-top-section elementor-element elementor-element-e05b0a2 elementor-section-boxed elementor-section-height-default elementor-section-height-default\" data-id=\"e05b0a2\" data-element_type=\"section\">\n\t\t\t\t\t\t<div class=\"elementor-container elementor-column-gap-default\">\n\t\t\t\t\t<div class=\"elementor-column elementor-col-100 elementor-top-column elementor-element elementor-element-e48cf6d\" data-id=\"e48cf6d\" data-element_type=\"column\">\n\t\t\t<div class=\"elementor-widget-wrap elementor-element-populated\">\n\t\t\t\t\t\t<div class=\"elementor-element elementor-element-7d0facf elementor-widget elementor-widget-text-editor\" data-id=\"7d0facf\" data-element_type=\"widget\" data-widget_type=\"text-editor.default\">\n\t\t\t\t<div class=\"elementor-widget-container\">\n\t\t\t<style>\/*! elementor - v3.23.0 - 05-08-2024 *\/\n.elementor-widget-text-editor.elementor-drop-cap-view-stacked .elementor-drop-cap{background-color:#69727d;color:#fff}.elementor-widget-text-editor.elementor-drop-cap-view-framed .elementor-drop-cap{color:#69727d;border:3px solid;background-color:transparent}.elementor-widget-text-editor:not(.elementor-drop-cap-view-default) .elementor-drop-cap{margin-top:8px}.elementor-widget-text-editor:not(.elementor-drop-cap-view-default) .elementor-drop-cap-letter{width:1em;height:1em}.elementor-widget-text-editor .elementor-drop-cap{float:left;text-align:center;line-height:1;font-size:50px}.elementor-widget-text-editor .elementor-drop-cap-letter{display:inline-block}<\/style>\t\t\t\t<h1>Drukarnia offsetowa &#8211; Skocz\u00f3w<\/h1><p>Nasza drukarnia offsetowa oferuje Klientom ze Skoczowa bogaty pakiet us\u0142ug poligraficznych. Zajmujemy si\u0119 drukiem kalendarzy, plakat\u00f3w i grafik z wykorzystaniem nowoczesnego urz\u0105dzenia CD 102 5L. Dzi\u0119ki zaawansowanym technologiom nasze wydruki wyr\u00f3\u017cniaj\u0105 si\u0119 imponuj\u0105cym odwzorowaniem detali i g\u0142\u0119bokim nasyceniem kolor\u00f3w. Od lat aktywnie wsp\u00f3\u0142pracujemy z firmami nale\u017c\u0105cymi do bran\u017cy reklamowej, wydawnictwami i zak\u0142adami poligraficznymi, a tak\u017ce innymi podmiotami potrzebuj\u0105cych wysokiej jako\u015bci druku.<\/p>\t\t\t\t\t\t<\/div>\n\t\t\t\t<\/div>\n\t\t\t\t\t<\/div>\n\t\t<\/div>\n\t\t\t\t\t<\/div>\n\t\t<\/section>\n\t\t\t\t<section class=\"elementor-section elementor-top-section elementor-element elementor-element-410b621 elementor-section-content-middle elementor-section-boxed elementor-section-height-default elementor-section-height-default\" data-id=\"410b621\" data-element_type=\"section\">\n\t\t\t\t\t\t<div class=\"elementor-container elementor-column-gap-no\">\n\t\t\t\t\t<div class=\"elementor-column elementor-col-50 elementor-top-column elementor-element elementor-element-628c582\" data-id=\"628c582\" data-element_type=\"column\">\n\t\t\t<div class=\"elementor-widget-wrap elementor-element-populated\">\n\t\t\t\t\t\t<div class=\"elementor-element elementor-element-326fde6 elementor-widget elementor-widget-text-editor\" data-id=\"326fde6\" data-element_type=\"widget\" data-widget_type=\"text-editor.default\">\n\t\t\t\t<div class=\"elementor-widget-container\">\n\t\t\t\t\t\t\t<h2>Co nasza drukarnia mo\u017ce zaoferowa\u0107 Klientom ze Skoczowa? <\/h2><p>Nasza oferta odzwierciedla zr\u00f3\u017cnicowane potrzeby i oczekiwania polskich firm. Klienci naszej drukarni w okolicach Skoczowa mog\u0105 skorzysta\u0107 m.in. z druku plakat\u00f3w i grafik do maksymalnego formatu B1. Nasze wydruki to efektywne no\u015bniki reklamy, kt\u00f3re nadadz\u0105 profesjonalny charakter kampanii promocyjnej i od\u015bwie\u017c\u0105 wizerunek firmy. <\/p><p>Szczeg\u00f3lne miejsce w naszej ofercie zajmuje <a href=\"\/index.php\/druk-kalendarzy\/\">druk kalendarzy tr\u00f3jdzielnych<\/a>. Eleganckie i przejrzyste wspieraj\u0105 przedsi\u0119biorc\u00f3w w d\u0142ugoterminowym planowaniu i przemy\u015blanej organizacji pracy. Nasze kalendarze tr\u00f3jdzielne zapewniaj\u0105 pe\u0142ny wgl\u0105d w nadchodz\u0105ce terminy spotka\u0144 i daty finalizacji projekt\u00f3w, co znacznie u\u0142atwia zarz\u0105dzanie czasem i umo\u017cliwia skuteczne delegowanie zada\u0144. Dzi\u0119ki listwom kalendarzowym ze stali ocynkowanej nasze projekty s\u0105 r\u00f3wnie\u017c bardzo trwa\u0142e i solidne. <\/p>\t\t\t\t\t\t<\/div>\n\t\t\t\t<\/div>\n\t\t\t\t\t<\/div>\n\t\t<\/div>\n\t\t\t\t<div class=\"elementor-column elementor-col-50 elementor-top-column elementor-element elementor-element-86edc1a\" data-id=\"86edc1a\" data-element_type=\"column\">\n\t\t\t<div class=\"elementor-widget-wrap elementor-element-populated\">\n\t\t\t\t\t\t<div class=\"elementor-element elementor-element-878f266 elementor-widget elementor-widget-image\" data-id=\"878f266\" data-element_type=\"widget\" data-widget_type=\"image.default\">\n\t\t\t\t<div class=\"elementor-widget-container\">\n\t\t\t<style>\/*! elementor - v3.23.0 - 05-08-2024 *\/\n.elementor-widget-image{text-align:center}.elementor-widget-image a{display:inline-block}.elementor-widget-image a img[src$=\".svg\"]{width:48px}.elementor-widget-image img{vertical-align:middle;display:inline-block}<\/style>\t\t\t\t\t\t\t\t\t\t<img fetchpriority=\"high\" decoding=\"async\" width=\"1024\" height=\"683\" src=\"https:\/\/evja.pl\/wp-content\/uploads\/2024\/02\/wallpaperflare.com_wallpaper-1024x683.jpg\" class=\"attachment-large size-large wp-image-236\" alt=\"plakat b1 druk\" srcset=\"https:\/\/evja.pl\/wp-content\/uploads\/2024\/02\/wallpaperflare.com_wallpaper-1024x683.jpg 1024w, https:\/\/evja.pl\/wp-content\/uploads\/2024\/02\/wallpaperflare.com_wallpaper-300x200.jpg 300w, https:\/\/evja.pl\/wp-content\/uploads\/2024\/02\/wallpaperflare.com_wallpaper-768x512.jpg 768w, https:\/\/evja.pl\/wp-content\/uploads\/2024\/02\/wallpaperflare.com_wallpaper-1536x1024.jpg 1536w, https:\/\/evja.pl\/wp-content\/uploads\/2024\/02\/wallpaperflare.com_wallpaper-2048x1365.jpg 2048w\" sizes=\"(max-width: 1024px) 100vw, 1024px\" \/>\t\t\t\t\t\t\t\t\t\t\t\t\t<\/div>\n\t\t\t\t<\/div>\n\t\t\t\t\t<\/div>\n\t\t<\/div>\n\t\t\t\t\t<\/div>\n\t\t<\/section>\n\t\t\t\t<section class=\"elementor-section elementor-top-section elementor-element elementor-element-16a4b62 elementor-section-content-top elementor-section-boxed elementor-section-height-default elementor-section-height-default\" data-id=\"16a4b62\" data-element_type=\"section\">\n\t\t\t\t\t\t<div class=\"elementor-container elementor-column-gap-narrow\">\n\t\t\t\t\t<div class=\"elementor-column elementor-col-100 elementor-top-column elementor-element elementor-element-394bc97\" data-id=\"394bc97\" data-element_type=\"column\">\n\t\t\t<div class=\"elementor-widget-wrap elementor-element-populated\">\n\t\t\t\t\t\t<div class=\"elementor-element elementor-element-6138f00 elementor-widget elementor-widget-text-editor\" data-id=\"6138f00\" data-element_type=\"widget\" data-widget_type=\"text-editor.default\">\n\t\t\t\t<div class=\"elementor-widget-container\">\n\t\t\t\t\t\t\t<p>Niezale\u017cnie od tego, czy chodzi o bindowanie i falcowanie folder\u00f3w, czy na\u015bwietlanie p\u0142yt CTP, Klienci naszej <a href=\"\/index.php\/druk-b1\/\">drukarni B1<\/a> mog\u0105 liczy\u0107 na elastyczne warunki wsp\u00f3\u0142pracy. Oferujemy pe\u0142n\u0105 personalizacj\u0119 wydruk\u00f3w z uwzgl\u0119dnieniem potrzeb wizerunkowych i identyfikacji wizualnej przedsi\u0119biorstwa. Zapraszamy do kontaktu! Ch\u0119tnie doradzimy w wyborze odpowiednich rozwi\u0105za\u0144, kt\u00f3re nadadz\u0105 rozmachu dzia\u0142aniom biznesowym w Pa\u0144stwa firmie. <\/p>\t\t\t\t\t\t<\/div>\n\t\t\t\t<\/div>\n\t\t\t\t\t<\/div>\n\t\t<\/div>\n\t\t\t\t\t<\/div>\n\t\t<\/section>\n\t\t\t\t<\/div>\n\t\t","protected":false},"excerpt":{"rendered":"<p>Drukarnia offsetowa &#8211; Skocz\u00f3w Nasza drukarnia offsetowa oferuje Klientom ze Skoczowa bogaty pakiet us\u0142ug poligraficznych. Zajmujemy si\u0119 drukiem kalendarzy, plakat\u00f3w [&hellip;]<\/p>\n","protected":false},"author":4,"featured_media":0,"parent":0,"menu_order":0,"comment_status":"closed","ping_status":"closed","template":"","meta":{"site-sidebar-layout":"no-sidebar","site-content-layout":"","ast-site-content-layout":"full-width-container","site-content-style":"default","site-sidebar-style":"default","ast-global-header-display":"","ast-banner-title-visibility":"","ast-main-header-display":"","ast-hfb-above-header-display":"","ast-hfb-below-header-display":"","ast-hfb-mobile-header-display":"","site-post-title":"disabled","ast-breadcrumbs-content":"","ast-featured-img":"disabled","footer-sml-layout":"","theme-transparent-header-meta":"","adv-header-id-meta":"","stick-header-meta":"","header-above-stick-meta":"","header-main-stick-meta":"","header-below-stick-meta":"","astra-migrate-meta-layouts":"default","ast-page-background-enabled":"default","ast-page-background-meta":{"desktop":{"background-color":"var(--ast-global-color-4)","background-image":"","background-repeat":"repeat","background-position":"center center","background-size":"auto","background-attachment":"scroll","background-type":"","background-media":"","overlay-type":"","overlay-color":"","overlay-opacity":"","overlay-gradient":""},"tablet":{"background-color":"","background-image":"","background-repeat":"repeat","background-position":"center center","background-size":"auto","background-attachment":"scroll","background-type":"","background-media":"","overlay-type":"","overlay-color":"","overlay-opacity":"","overlay-gradient":""},"mobile":{"background-color":"","background-image":"","background-repeat":"repeat","background-position":"center center","background-size":"auto","background-attachment":"scroll","background-type":"","background-media":"","overlay-type":"","overlay-color":"","overlay-opacity":"","overlay-gradient":""}},"ast-content-background-meta":{"desktop":{"background-color":"var(--ast-global-color-5)","background-image":"","background-repeat":"repeat","background-position":"center center","background-size":"auto","background-attachment":"scroll","background-type":"","background-media":"","overlay-type":"","overlay-color":"","overlay-opacity":"","overlay-gradient":""},"tablet":{"background-color":"var(--ast-global-color-5)","background-image":"","background-repeat":"repeat","background-position":"center center","background-size":"auto","background-attachment":"scroll","background-type":"","background-media":"","overlay-type":"","overlay-color":"","overlay-opacity":"","overlay-gradient":""},"mobile":{"background-color":"var(--ast-global-color-5)","background-image":"","background-repeat":"repeat","background-position":"center center","background-size":"auto","background-attachment":"scroll","background-type":"","background-media":"","overlay-type":"","overlay-color":"","overlay-opacity":"","overlay-gradient":""}},"footnotes":""},"class_list":["post-459","page","type-page","status-publish","hentry"],"yoast_head":"<!-- This site is optimized with the Yoast SEO plugin v23.2 - https:\/\/yoast.com\/wordpress\/plugins\/seo\/ -->\n<title>Drukarnia Skocz\u00f3w | Druk kalendarzy i grafik reklamowych | evja.pl<\/title>\n<meta name=\"description\" content=\"Dzi\u0119ki nowoczesnym maszynom jeste\u015bmy w stanie zagwarantowa\u0107 najwy\u017csz\u0105 jako\u015b\u0107 wydruku do formatu B1. Odwied\u017a drukarni\u0119 niedaleko Skoczowa!\" \/>\n<meta name=\"robots\" content=\"index, follow, max-snippet:-1, max-image-preview:large, max-video-preview:-1\" \/>\n<link rel=\"canonical\" href=\"https:\/\/evja.pl\/index.php\/skoczow\/\" \/>\n<meta property=\"og:locale\" content=\"pl_PL\" \/>\n<meta property=\"og:type\" content=\"article\" \/>\n<meta property=\"og:title\" content=\"Drukarnia Skocz\u00f3w | Druk kalendarzy i grafik reklamowych | evja.pl\" \/>\n<meta property=\"og:description\" content=\"Dzi\u0119ki nowoczesnym maszynom jeste\u015bmy w stanie zagwarantowa\u0107 najwy\u017csz\u0105 jako\u015b\u0107 wydruku do formatu B1. Odwied\u017a drukarni\u0119 niedaleko Skoczowa!\" \/>\n<meta property=\"og:url\" content=\"https:\/\/evja.pl\/index.php\/skoczow\/\" \/>\n<meta property=\"og:site_name\" content=\"EVJA\" \/>\n<meta property=\"article:modified_time\" content=\"2025-03-13T09:23:26+00:00\" \/>\n<meta property=\"og:image\" content=\"https:\/\/evja.pl\/wp-content\/uploads\/2024\/02\/wallpaperflare.com_wallpaper-1024x683.jpg\" \/>\n<meta name=\"twitter:card\" content=\"summary_large_image\" \/>\n<meta name=\"twitter:label1\" content=\"Szacowany czas czytania\" \/>\n\t<meta name=\"twitter:data1\" content=\"2 minuty\" \/>\n<script type=\"application\/ld+json\" class=\"yoast-schema-graph\">{\"@context\":\"https:\/\/schema.org\",\"@graph\":[{\"@type\":\"WebPage\",\"@id\":\"https:\/\/evja.pl\/index.php\/skoczow\/\",\"url\":\"https:\/\/evja.pl\/index.php\/skoczow\/\",\"name\":\"Drukarnia Skocz\u00f3w | Druk kalendarzy i grafik reklamowych | evja.pl\",\"isPartOf\":{\"@id\":\"https:\/\/evja.pl\/#website\"},\"primaryImageOfPage\":{\"@id\":\"https:\/\/evja.pl\/index.php\/skoczow\/#primaryimage\"},\"image\":{\"@id\":\"https:\/\/evja.pl\/index.php\/skoczow\/#primaryimage\"},\"thumbnailUrl\":\"https:\/\/evja.pl\/wp-content\/uploads\/2024\/02\/wallpaperflare.com_wallpaper-1024x683.jpg\",\"datePublished\":\"2025-03-13T09:20:34+00:00\",\"dateModified\":\"2025-03-13T09:23:26+00:00\",\"description\":\"Dzi\u0119ki nowoczesnym maszynom jeste\u015bmy w stanie zagwarantowa\u0107 najwy\u017csz\u0105 jako\u015b\u0107 wydruku do formatu B1. Odwied\u017a drukarni\u0119 niedaleko Skoczowa!\",\"breadcrumb\":{\"@id\":\"https:\/\/evja.pl\/index.php\/skoczow\/#breadcrumb\"},\"inLanguage\":\"pl-PL\",\"potentialAction\":[{\"@type\":\"ReadAction\",\"target\":[\"https:\/\/evja.pl\/index.php\/skoczow\/\"]}]},{\"@type\":\"ImageObject\",\"inLanguage\":\"pl-PL\",\"@id\":\"https:\/\/evja.pl\/index.php\/skoczow\/#primaryimage\",\"url\":\"https:\/\/evja.pl\/wp-content\/uploads\/2024\/02\/wallpaperflare.com_wallpaper-scaled.jpg\",\"contentUrl\":\"https:\/\/evja.pl\/wp-content\/uploads\/2024\/02\/wallpaperflare.com_wallpaper-scaled.jpg\",\"width\":2560,\"height\":1707,\"caption\":\"plakat b1 druk\"},{\"@type\":\"BreadcrumbList\",\"@id\":\"https:\/\/evja.pl\/index.php\/skoczow\/#breadcrumb\",\"itemListElement\":[{\"@type\":\"ListItem\",\"position\":1,\"name\":\"Strona g\u0142\u00f3wna\",\"item\":\"https:\/\/evja.pl\/\"},{\"@type\":\"ListItem\",\"position\":2,\"name\":\"Skocz\u00f3w\"}]},{\"@type\":\"WebSite\",\"@id\":\"https:\/\/evja.pl\/#website\",\"url\":\"https:\/\/evja.pl\/\",\"name\":\"EVJA\",\"description\":\"\",\"publisher\":{\"@id\":\"https:\/\/evja.pl\/#organization\"},\"potentialAction\":[{\"@type\":\"SearchAction\",\"target\":{\"@type\":\"EntryPoint\",\"urlTemplate\":\"https:\/\/evja.pl\/?s={search_term_string}\"},\"query-input\":\"required name=search_term_string\"}],\"inLanguage\":\"pl-PL\"},{\"@type\":\"Organization\",\"@id\":\"https:\/\/evja.pl\/#organization\",\"name\":\"EVJA\",\"url\":\"https:\/\/evja.pl\/\",\"logo\":{\"@type\":\"ImageObject\",\"inLanguage\":\"pl-PL\",\"@id\":\"https:\/\/evja.pl\/#\/schema\/logo\/image\/\",\"url\":\"https:\/\/evja.pl\/wp-content\/uploads\/2022\/02\/cropped-cropped-evjalogomail-1.png\",\"contentUrl\":\"https:\/\/evja.pl\/wp-content\/uploads\/2022\/02\/cropped-cropped-evjalogomail-1.png\",\"width\":81,\"height\":85,\"caption\":\"EVJA\"},\"image\":{\"@id\":\"https:\/\/evja.pl\/#\/schema\/logo\/image\/\"}}]}<\/script>\n<!-- \/ Yoast SEO plugin. -->","yoast_head_json":{"title":"Drukarnia Skocz\u00f3w | Druk kalendarzy i grafik reklamowych | evja.pl","description":"Dzi\u0119ki nowoczesnym maszynom jeste\u015bmy w stanie zagwarantowa\u0107 najwy\u017csz\u0105 jako\u015b\u0107 wydruku do formatu B1. Odwied\u017a drukarni\u0119 niedaleko Skoczowa!","robots":{"index":"index","follow":"follow","max-snippet":"max-snippet:-1","max-image-preview":"max-image-preview:large","max-video-preview":"max-video-preview:-1"},"canonical":"https:\/\/evja.pl\/index.php\/skoczow\/","og_locale":"pl_PL","og_type":"article","og_title":"Drukarnia Skocz\u00f3w | Druk kalendarzy i grafik reklamowych | evja.pl","og_description":"Dzi\u0119ki nowoczesnym maszynom jeste\u015bmy w stanie zagwarantowa\u0107 najwy\u017csz\u0105 jako\u015b\u0107 wydruku do formatu B1. Odwied\u017a drukarni\u0119 niedaleko Skoczowa!","og_url":"https:\/\/evja.pl\/index.php\/skoczow\/","og_site_name":"EVJA","article_modified_time":"2025-03-13T09:23:26+00:00","og_image":[{"url":"https:\/\/evja.pl\/wp-content\/uploads\/2024\/02\/wallpaperflare.com_wallpaper-1024x683.jpg"}],"twitter_card":"summary_large_image","twitter_misc":{"Szacowany czas czytania":"2 minuty"},"schema":{"@context":"https:\/\/schema.org","@graph":[{"@type":"WebPage","@id":"https:\/\/evja.pl\/index.php\/skoczow\/","url":"https:\/\/evja.pl\/index.php\/skoczow\/","name":"Drukarnia Skocz\u00f3w | Druk kalendarzy i grafik reklamowych | evja.pl","isPartOf":{"@id":"https:\/\/evja.pl\/#website"},"primaryImageOfPage":{"@id":"https:\/\/evja.pl\/index.php\/skoczow\/#primaryimage"},"image":{"@id":"https:\/\/evja.pl\/index.php\/skoczow\/#primaryimage"},"thumbnailUrl":"https:\/\/evja.pl\/wp-content\/uploads\/2024\/02\/wallpaperflare.com_wallpaper-1024x683.jpg","datePublished":"2025-03-13T09:20:34+00:00","dateModified":"2025-03-13T09:23:26+00:00","description":"Dzi\u0119ki nowoczesnym maszynom jeste\u015bmy w stanie zagwarantowa\u0107 najwy\u017csz\u0105 jako\u015b\u0107 wydruku do formatu B1. Odwied\u017a drukarni\u0119 niedaleko Skoczowa!","breadcrumb":{"@id":"https:\/\/evja.pl\/index.php\/skoczow\/#breadcrumb"},"inLanguage":"pl-PL","potentialAction":[{"@type":"ReadAction","target":["https:\/\/evja.pl\/index.php\/skoczow\/"]}]},{"@type":"ImageObject","inLanguage":"pl-PL","@id":"https:\/\/evja.pl\/index.php\/skoczow\/#primaryimage","url":"https:\/\/evja.pl\/wp-content\/uploads\/2024\/02\/wallpaperflare.com_wallpaper-scaled.jpg","contentUrl":"https:\/\/evja.pl\/wp-content\/uploads\/2024\/02\/wallpaperflare.com_wallpaper-scaled.jpg","width":2560,"height":1707,"caption":"plakat b1 druk"},{"@type":"BreadcrumbList","@id":"https:\/\/evja.pl\/index.php\/skoczow\/#breadcrumb","itemListElement":[{"@type":"ListItem","position":1,"name":"Strona g\u0142\u00f3wna","item":"https:\/\/evja.pl\/"},{"@type":"ListItem","position":2,"name":"Skocz\u00f3w"}]},{"@type":"WebSite","@id":"https:\/\/evja.pl\/#website","url":"https:\/\/evja.pl\/","name":"EVJA","description":"","publisher":{"@id":"https:\/\/evja.pl\/#organization"},"potentialAction":[{"@type":"SearchAction","target":{"@type":"EntryPoint","urlTemplate":"https:\/\/evja.pl\/?s={search_term_string}"},"query-input":"required name=search_term_string"}],"inLanguage":"pl-PL"},{"@type":"Organization","@id":"https:\/\/evja.pl\/#organization","name":"EVJA","url":"https:\/\/evja.pl\/","logo":{"@type":"ImageObject","inLanguage":"pl-PL","@id":"https:\/\/evja.pl\/#\/schema\/logo\/image\/","url":"https:\/\/evja.pl\/wp-content\/uploads\/2022\/02\/cropped-cropped-evjalogomail-1.png","contentUrl":"https:\/\/evja.pl\/wp-content\/uploads\/2022\/02\/cropped-cropped-evjalogomail-1.png","width":81,"height":85,"caption":"EVJA"},"image":{"@id":"https:\/\/evja.pl\/#\/schema\/logo\/image\/"}}]}},"_links":{"self":[{"href":"https:\/\/evja.pl\/index.php\/wp-json\/wp\/v2\/pages\/459","targetHints":{"allow":["GET"]}}],"collection":[{"href":"https:\/\/evja.pl\/index.php\/wp-json\/wp\/v2\/pages"}],"about":[{"href":"https:\/\/evja.pl\/index.php\/wp-json\/wp\/v2\/types\/page"}],"author":[{"embeddable":true,"href":"https:\/\/evja.pl\/index.php\/wp-json\/wp\/v2\/users\/4"}],"replies":[{"embeddable":true,"href":"https:\/\/evja.pl\/index.php\/wp-json\/wp\/v2\/comments?post=459"}],"version-history":[{"count":4,"href":"https:\/\/evja.pl\/index.php\/wp-json\/wp\/v2\/pages\/459\/revisions"}],"predecessor-version":[{"id":463,"href":"https:\/\/evja.pl\/index.php\/wp-json\/wp\/v2\/pages\/459\/revisions\/463"}],"wp:attachment":[{"href":"https:\/\/evja.pl\/index.php\/wp-json\/wp\/v2\/media?parent=459"}],"curies":[{"name":"wp","href":"https:\/\/api.w.org\/{rel}","templated":true}]}}